{"id":173,"date":"2022-12-02T12:52:51","date_gmt":"2022-12-02T11:52:51","guid":{"rendered":"http:\/\/skinexperts.lu\/imprint\/"},"modified":"2022-12-06T14:33:55","modified_gmt":"2022-12-06T13:33:55","slug":"impressum","status":"publish","type":"page","link":"https:\/\/skinexperts.lu\/de\/impressum\/","title":{"rendered":"Impressum"},"content":{"rendered":"<section class=\"wpb-content-wrapper\"><p>[vc_section][vc_row][vc_column][vc_column_text]<\/p>\n<h1 class=\"top-mar-2 bot-mar-1\">Impressum<\/h1>\n<p>SkinExperts S.\u00e0 r.l.<br \/>\n1-1a, rue Charles Quint<br \/>\n2380 Luxembourg<br \/>\nLuxembourg<\/p>\n<p>Vertreten durch: Nadine Rosch<br \/>\nKontakt: institut@skinexperts.lu<br \/>\nRegistre de Commerce et des Soci\u00e9t\u00e9s Luxembourg: N\u00b0B195217<br \/>\nVAT: LU27540034<\/p>\n<p><strong>Beilegung von Streitigkeiten<\/strong><br \/>\nDie Europ\u00e4ische Kommission stellt eine Plattform zur Online-Streitbeilegung (OS) zur Verf\u00fcgung: https:\/\/ec.europa.eu\/consumers\/odr. Unsere E-Mail finden Sie im Impressum\/Rechtshinweis.<\/p>\n<p>Wir nehmen nicht an Online-Streitbeilegungsverfahren bei Verbraucherschlichtungsstellen teil.<\/p>\n<p><strong>Haftung f\u00fcr Inhalte<\/strong><br \/>\nAls Diensteanbieter sind wir f\u00fcr eigene Inhalte auf diesen Seiten nach den allgemeinen Gesetzen verantwortlich. Diensteanbieter sind jedoch nicht verpflichtet, die von ihnen \u00fcbermittelten oder gespeicherten fremden Informationen st\u00e4ndig zu \u00fcberwachen oder nach Umst\u00e4nden zu forschen, die auf eine rechtswidrige T\u00e4tigkeit hinweisen.<br \/>\nGesetzliche Verpflichtungen zur Entfernung oder Sperrung der Nutzung von Informationen bleiben hiervon unber\u00fchrt. Eine diesbez\u00fcgliche Haftung ist jedoch erst ab dem Zeitpunkt der Kenntnis einer konkreten Rechtsverletzung m\u00f6glich. Bei Bekanntwerden von Rechtsverletzungen werden wir diese Inhalte umgehend entfernen.<\/p>\n<p><strong>Haftung f\u00fcr Links<\/strong><br \/>\nUnser Angebot enth\u00e4lt Links zu externen Webseiten Dritter. Auf die Inhalte dieser Websites haben wir keinen Einfluss, weshalb wir f\u00fcr diese Inhalte auch keine Gew\u00e4hr \u00fcbernehmen k\u00f6nnen. F\u00fcr die Inhalte der verlinkten Seiten ist stets der jeweilige Anbieter oder Betreiber der Seiten verantwortlich.<br \/>\nDie verlinkten Seiten wurden zum Zeitpunkt der Verlinkung auf m\u00f6gliche Rechtsverst\u00f6\u00dfe \u00fcberpr\u00fcft. Rechtswidrige Inhalte waren zum Zeitpunkt der Verlinkung nicht erkennbar. Eine permanente inhaltliche Kontrolle der verlinkten Seiten ist jedoch ohne konkrete Anhaltspunkte einer Rechtsverletzung nicht zumutbar. Bei Bekanntwerden von Rechtsverletzungen werden wir derartige Links umgehend entfernen.<\/p>\n<p><strong>Urheberrecht<\/strong><br \/>\nDie auf diesen Webseiten ver\u00f6ffentlichten Inhalte und Zusammenstellungen stammen von den Anbietern. Die Vervielf\u00e4ltigung, Bearbeitung, Verbreitung und jede Art der Verwertung au\u00dferhalb der Grenzen des Urheberrechtes bed\u00fcrfen der schriftlichen Zustimmung des jeweiligen Autors bzw. Erstellers. Downloads und Kopien dieser Seite sind nur f\u00fcr den privaten Gebrauch gestattet.<br \/>\nDie kommerzielle Nutzung unserer Inhalte ohne Zustimmung des Urhebers ist untersagt.<br \/>\nSoweit die Inhalte auf dieser Seite nicht vom Betreiber erstellt wurden, werden die Urheberrechte Dritter beachtet. Beitr\u00e4ge Dritter sind auf dieser Seite als solche gekennzeichnet. Sollten Sie trotzdem auf eine Urheberrechtsverletzung aufmerksam werden, bitten wir um einen entsprechenden Hinweis. Derartige Inhalte werden dann umgehend entfernt.[\/vc_column_text][\/vc_column][\/vc_row][\/vc_section]<\/p>\n<\/section>","protected":false},"excerpt":{"rendered":"<p>[vc_section][vc_row][vc_column][vc_column_text] Impressum SkinExperts S.\u00e0 r.l. 1-1a, rue Charles Quint 2380 Luxembourg Luxembourg Vertreten durch: Nadine Rosch Kontakt: institut@skinexperts.lu Registre de Commerce et des Soci\u00e9t\u00e9s Luxembourg: N\u00b0B195217<span class=\"excerpt-hellip\"> [\u2026]<\/span><\/p>\n","protected":false},"author":1,"featured_media":0,"parent":0,"menu_order":0,"comment_status":"closed","ping_status":"closed","template":"","meta":{"footnotes":""},"class_list":["post-173","page","type-page","status-publish","hentry"],"yoast_head":"<!-- This site is optimized with the Yoast SEO plugin v20.9 - https:\/\/yoast.com\/wordpress\/plugins\/seo\/ -->\n<title>Impressum - Skin Experts<\/title>\n<meta name=\"robots\" content=\"index, follow, max-snippet:-1, max-image-preview:large, max-video-preview:-1\" \/>\n<link rel=\"canonical\" href=\"https:\/\/skinexperts.lu\/de\/impressum\/\" \/>\n<meta property=\"og:locale\" content=\"de_DE\" \/>\n<meta property=\"og:type\" content=\"article\" \/>\n<meta property=\"og:title\" content=\"Impressum - Skin Experts\" \/>\n<meta property=\"og:description\" content=\"[vc_section][vc_row][vc_column][vc_column_text] Impressum SkinExperts S.\u00e0 r.l. 1-1a, rue Charles Quint 2380 Luxembourg Luxembourg Vertreten durch: Nadine Rosch Kontakt: institut@skinexperts.lu Registre de Commerce et des Soci\u00e9t\u00e9s Luxembourg: N\u00b0B195217 [\u2026]\" \/>\n<meta property=\"og:url\" content=\"https:\/\/skinexperts.lu\/de\/impressum\/\" \/>\n<meta property=\"og:site_name\" content=\"Skin Experts\" \/>\n<meta property=\"article:modified_time\" content=\"2022-12-06T13:33:55+00:00\" \/>\n<meta name=\"twitter:card\" content=\"summary_large_image\" \/>\n<meta name=\"twitter:label1\" content=\"Gesch\u00e4tzte Lesezeit\" \/>\n\t<meta name=\"twitter:data1\" content=\"2\u00a0Minuten\" \/>\n<script type=\"application\/ld+json\" class=\"yoast-schema-graph\">{\"@context\":\"https:\/\/schema.org\",\"@graph\":[{\"@type\":\"WebPage\",\"@id\":\"https:\/\/skinexperts.lu\/de\/impressum\/\",\"url\":\"https:\/\/skinexperts.lu\/de\/impressum\/\",\"name\":\"Impressum - Skin Experts\",\"isPartOf\":{\"@id\":\"https:\/\/skinexperts.lu\/#website\"},\"datePublished\":\"2022-12-02T11:52:51+00:00\",\"dateModified\":\"2022-12-06T13:33:55+00:00\",\"breadcrumb\":{\"@id\":\"https:\/\/skinexperts.lu\/de\/impressum\/#breadcrumb\"},\"inLanguage\":\"de\",\"potentialAction\":[{\"@type\":\"ReadAction\",\"target\":[\"https:\/\/skinexperts.lu\/de\/impressum\/\"]}]},{\"@type\":\"BreadcrumbList\",\"@id\":\"https:\/\/skinexperts.lu\/de\/impressum\/#breadcrumb\",\"itemListElement\":[{\"@type\":\"ListItem\",\"position\":1,\"name\":\"Home\",\"item\":\"https:\/\/skinexperts.lu\/de\/\"},{\"@type\":\"ListItem\",\"position\":2,\"name\":\"Impressum\"}]},{\"@type\":\"WebSite\",\"@id\":\"https:\/\/skinexperts.lu\/#website\",\"url\":\"https:\/\/skinexperts.lu\/\",\"name\":\"Skin Experts\",\"description\":\"\",\"inLanguage\":\"de\"}]}<\/script>\n<!-- \/ Yoast SEO plugin. -->","yoast_head_json":{"title":"Impressum - Skin Experts","robots":{"index":"index","follow":"follow","max-snippet":"max-snippet:-1","max-image-preview":"max-image-preview:large","max-video-preview":"max-video-preview:-1"},"canonical":"https:\/\/skinexperts.lu\/de\/impressum\/","og_locale":"de_DE","og_type":"article","og_title":"Impressum - Skin Experts","og_description":"[vc_section][vc_row][vc_column][vc_column_text] Impressum SkinExperts S.\u00e0 r.l. 1-1a, rue Charles Quint 2380 Luxembourg Luxembourg Vertreten durch: Nadine Rosch Kontakt: institut@skinexperts.lu Registre de Commerce et des Soci\u00e9t\u00e9s Luxembourg: N\u00b0B195217 [\u2026]","og_url":"https:\/\/skinexperts.lu\/de\/impressum\/","og_site_name":"Skin Experts","article_modified_time":"2022-12-06T13:33:55+00:00","twitter_card":"summary_large_image","twitter_misc":{"Gesch\u00e4tzte Lesezeit":"2\u00a0Minuten"},"schema":{"@context":"https:\/\/schema.org","@graph":[{"@type":"WebPage","@id":"https:\/\/skinexperts.lu\/de\/impressum\/","url":"https:\/\/skinexperts.lu\/de\/impressum\/","name":"Impressum - Skin Experts","isPartOf":{"@id":"https:\/\/skinexperts.lu\/#website"},"datePublished":"2022-12-02T11:52:51+00:00","dateModified":"2022-12-06T13:33:55+00:00","breadcrumb":{"@id":"https:\/\/skinexperts.lu\/de\/impressum\/#breadcrumb"},"inLanguage":"de","potentialAction":[{"@type":"ReadAction","target":["https:\/\/skinexperts.lu\/de\/impressum\/"]}]},{"@type":"BreadcrumbList","@id":"https:\/\/skinexperts.lu\/de\/impressum\/#breadcrumb","itemListElement":[{"@type":"ListItem","position":1,"name":"Home","item":"https:\/\/skinexperts.lu\/de\/"},{"@type":"ListItem","position":2,"name":"Impressum"}]},{"@type":"WebSite","@id":"https:\/\/skinexperts.lu\/#website","url":"https:\/\/skinexperts.lu\/","name":"Skin Experts","description":"","inLanguage":"de"}]}},"_links":{"self":[{"href":"https:\/\/skinexperts.lu\/de\/wp-json\/wp\/v2\/pages\/173","targetHints":{"allow":["GET"]}}],"collection":[{"href":"https:\/\/skinexperts.lu\/de\/wp-json\/wp\/v2\/pages"}],"about":[{"href":"https:\/\/skinexperts.lu\/de\/wp-json\/wp\/v2\/types\/page"}],"author":[{"embeddable":true,"href":"https:\/\/skinexperts.lu\/de\/wp-json\/wp\/v2\/users\/1"}],"replies":[{"embeddable":true,"href":"https:\/\/skinexperts.lu\/de\/wp-json\/wp\/v2\/comments?post=173"}],"version-history":[{"count":2,"href":"https:\/\/skinexperts.lu\/de\/wp-json\/wp\/v2\/pages\/173\/revisions"}],"predecessor-version":[{"id":175,"href":"https:\/\/skinexperts.lu\/de\/wp-json\/wp\/v2\/pages\/173\/revisions\/175"}],"wp:attachment":[{"href":"https:\/\/skinexperts.lu\/de\/wp-json\/wp\/v2\/media?parent=173"}],"curies":[{"name":"wp","href":"https:\/\/api.w.org\/{rel}","templated":true}]}}