{"id":181,"date":"2022-12-01T12:41:25","date_gmt":"2022-12-01T11:41:25","guid":{"rendered":"http:\/\/skinexperts.lu\/privacy-policy\/"},"modified":"2022-12-06T14:52:58","modified_gmt":"2022-12-06T13:52:58","slug":"datenschutzbestimmungen","status":"publish","type":"page","link":"https:\/\/skinexperts.lu\/de\/datenschutzbestimmungen\/","title":{"rendered":"Datenschutzbestimmungen"},"content":{"rendered":"<section class=\"wpb-content-wrapper\"><p>[vc_section][vc_row][vc_column][vc_column_text]<\/p>\n<h1 class=\"top-mar-2 bot-mar-1\">Datenschutzbestimmungen<\/h1>\n<h3>1. Ein \u00dcberblick \u00fcber den Datenschutz<\/h3>\n<p><strong>Allgemein<\/strong><br \/>\nIm Folgenden erhalten Sie einen einfachen \u00dcberblick dar\u00fcber, was mit Ihren personenbezogenen Daten geschieht, wenn Sie unsere Website besuchen. Personenbezogene Daten sind alle Daten, mit denen Sie pers\u00f6nlich identifiziert werden k\u00f6nnen. Ausf\u00fchrliche Informationen zum Thema Datenschutz finden Sie in unserer Datenschutzerkl\u00e4rung, die Sie weiter unten finden.<\/p>\n<p><strong>Datenerfassung auf unserer Website<\/strong><br \/>\nWer ist f\u00fcr die Datenerhebung auf dieser Website verantwortlich?<br \/>\nDie auf dieser Website erhobenen Daten werden vom Betreiber der Website verarbeitet. Die Kontaktdaten des Betreibers finden Sie im Impressum der Website.<\/p>\n<p><strong>Wie erheben wir Ihre Daten?<\/strong><br \/>\nEinige Daten werden erhoben, wenn Sie sie uns zur Verf\u00fcgung stellen. Das k\u00f6nnen zum Beispiel Daten sein, die Sie in ein Kontaktformular eingeben.<br \/>\nAndere Daten werden automatisch von unseren IT-Systemen erfasst, wenn Sie die Website besuchen. Dabei handelt es sich in erster Linie um technische Daten wie den von Ihnen verwendeten Browser und das Betriebssystem oder den Zeitpunkt des Seitenaufrufs. Diese Daten werden automatisch erfasst, sobald Sie unsere Website betreten.<\/p>\n<p><strong>Wozu verwenden wir Ihre Daten?<\/strong><br \/>\nEin Teil der Daten wird erhoben, um das ordnungsgem\u00e4\u00dfe Funktionieren der Website zu gew\u00e4hrleisten. Andere Daten k\u00f6nnen verwendet werden, um zu analysieren, wie Besucher die Website nutzen.<\/p>\n<p><strong>Welche Rechte haben Sie in Bezug auf Ihre Daten?<\/strong><br \/>\nSie haben jederzeit das Recht auf unentgeltliche Auskunft \u00fcber Ihre gespeicherten Daten, deren Herkunft und Empf\u00e4nger sowie den Zweck der Datenerhebung. Sie haben au\u00dferdem ein Recht auf Berichtigung, Sperrung und L\u00f6schung dieser Daten. Sie k\u00f6nnen sich jederzeit unter der im Impressum angegebenen Adresse an uns wenden, wenn Sie weitere Fragen zum Thema Datenschutz haben. Selbstverst\u00e4ndlich k\u00f6nnen Sie auch eine Beschwerde bei den zust\u00e4ndigen Aufsichtsbeh\u00f6rden einreichen.<\/p>\n<p><strong>Analyse- und Drittanbieter-Tools<\/strong><br \/>\nBeim Besuch unserer Website k\u00f6nnen statistische Auswertungen \u00fcber Ihr Surfverhalten gemacht werden. Dies geschieht vor allem mit Hilfe von Cookies und Analytik. Die Analyse Ihres Surfverhaltens ist in der Regel anonym, d.h. wir k\u00f6nnen Sie anhand dieser Daten nicht identifizieren. Sie k\u00f6nnen dieser Auswertung widersprechen oder sie verhindern, indem Sie bestimmte Tools nicht nutzen. Detaillierte Informationen finden Sie in der folgenden Datenschutzerkl\u00e4rung.<\/p>\n<p>Sie k\u00f6nnen dieser Auswertung widersprechen. Wir informieren Sie im Folgenden dar\u00fcber, wie Sie Ihre diesbez\u00fcglichen M\u00f6glichkeiten wahrnehmen k\u00f6nnen.[\/vc_column_text][\/vc_column][\/vc_row][vc_row][vc_column][vc_column_text]<\/p>\n<h3>2. Allgemeine Informationen und Pflichtangaben<\/h3>\n<p><strong>Datenschutz<\/strong><br \/>\nDie Betreiber dieser Website nehmen den Schutz Ihrer pers\u00f6nlichen Daten sehr ernst. Wir behandeln Ihre personenbezogenen Daten vertraulich und entsprechend der gesetzlichen Datenschutzvorschriften sowie dieser Datenschutzerkl\u00e4rung.<br \/>\nWenn Sie diese Website nutzen, werden verschiedene personenbezogene Daten erhoben. Personenbezogene Daten sind alle Daten, mit denen Sie pers\u00f6nlich identifiziert werden k\u00f6nnen. Diese Datenschutzerkl\u00e4rung erl\u00e4utert, welche Informationen wir sammeln und wof\u00fcr wir sie verwenden. Sie erkl\u00e4rt auch, wie und zu welchem Zweck dies geschieht.<br \/>\nWir weisen darauf hin, dass die Daten\u00fcbertragung im Internet (z.B. bei der Kommunikation per E-Mail) Sicherheitsl\u00fccken aufweisen kann. Ein l\u00fcckenloser Schutz der Daten vor dem Zugriff durch Dritte ist nicht m\u00f6glich.<\/p>\n<p><strong>Hinweis auf den Verantwortlichen f\u00fcr diese Website<\/strong><br \/>\nDer Verantwortliche f\u00fcr die Datenverarbeitung auf dieser Website ist:<br \/>\nSkinExperts S.\u00e0 r.l.<br \/>\n1-1a, rue Charles Quint<br \/>\n2380 Luxembourg<br \/>\nLuxembourg<br \/>\nEmail: institut@skinexperts.lu<br \/>\nDer Verantwortliche ist die nat\u00fcrliche oder juristische Person, die allein oder gemeinsam mit anderen \u00fcber die Zwecke und Mittel der Verarbeitung personenbezogener Daten (Namen, E-Mail-Adressen usw.) entscheidet.<\/p>\n<p><strong>Widerruf der Einwilligung in die Verarbeitung Ihrer Daten<\/strong><br \/>\nViele Datenverarbeitungsvorg\u00e4nge sind nur mit Ihrer ausdr\u00fccklichen Einwilligung m\u00f6glich. Sie k\u00f6nnen Ihre Einwilligung jederzeit mit Wirkung f\u00fcr die Zukunft widerrufen. Eine formlose E-Mail mit dieser Bitte ist ausreichend. Die Daten, die vor Eingang Ihres Antrags verarbeitet wurden, d\u00fcrfen weiterhin rechtm\u00e4\u00dfig verarbeitet werden.<\/p>\n<p><strong>Recht auf Daten\u00fcbertragbarkeit<\/strong><br \/>\nSie haben das Recht, Daten, die wir aufgrund Ihrer Einwilligung oder in Erf\u00fcllung eines Vertrages verarbeiten, automatisch an sich selbst oder einen Dritten in einem g\u00e4ngigen, maschinenlesbaren Format aush\u00e4ndigen zu lassen. Wenn Sie die direkte \u00dcbermittlung von Daten an einen anderen Verantwortlichen verlangen, wird dies nur im Rahmen der technischen M\u00f6glichkeiten geschehen.<\/p>\n<p><strong>SSL- oder TLS-Verschl\u00fcsselung<\/strong><br \/>\nDiese Seite verwendet aus Sicherheitsgr\u00fcnden und zum Schutz der \u00dcbertragung vertraulicher Inhalte, wie z.B. der Anfragen, die Sie an uns als Seitenbetreiber senden, eine SSL- oder TLS-Verschl\u00fcsselung. Eine verschl\u00fcsselte Verbindung erkennen Sie daran, dass die Adresszeile Ihres Browsers von &#8222;http:\/\/&#8220; auf &#8222;https:\/\/&#8220; wechselt und das Schloss-Symbol in der Adressleiste Ihres Browsers angezeigt wird.<br \/>\nWenn die SSL- oder TLS-Verschl\u00fcsselung aktiviert ist, k\u00f6nnen die Daten, die Sie an uns \u00fcbermitteln, nicht von Dritten gelesen werden.<\/p>\n<p><strong>Verschl\u00fcsselte Zahlungen auf dieser Website<\/strong><br \/>\nWenn Sie einen Vertrag abschlie\u00dfen, bei dem Sie uns Ihre Zahlungsdaten (z.B. Kontonummer bei Lastschriftverfahren) mitteilen m\u00fcssen, ben\u00f6tigen wir diese Daten zur Abwicklung Ihrer Zahlung.<br \/>\nDer Zahlungsverkehr mit g\u00e4ngigen Zahlungsmitteln (Visa\/MasterCard, Lastschrift) erfolgt ausschlie\u00dflich \u00fcber verschl\u00fcsselte SSL- oder TLS-Verbindungen. Eine verschl\u00fcsselte Verbindung erkennen Sie in der Adresszeile Ihres Browsers daran, dass diese von &#8222;http:\/\/&#8220; auf &#8222;https:\/\/&#8220; wechselt und das Schloss-Symbol in Ihrer Browserzeile sichtbar ist.<br \/>\nBei einer verschl\u00fcsselten Kommunikation k\u00f6nnen die von Ihnen an uns \u00fcbermittelten Zahlungsdaten nicht von Dritten eingesehen werden.<\/p>\n<p><strong>Information, blocking, deletion<\/strong><br \/>\nAs permitted by law, you have the right to be provided at any time with information free of charge about any of your personal data that is stored as well as its origin, the recipient and the purpose for which it has been processed. You also have the right to have this data corrected, blocked or deleted. You can contact us at any time using the address given in our legal notice if you have further questions on the topic of personal data.<\/p>\n<p><strong>Einspruch gegen Werbe-E-Mails<\/strong><br \/>\nDer Nutzung von im Rahmen der Impressumspflicht ver\u00f6ffentlichten Kontaktdaten durch Dritte zur \u00dcbersendung von nicht ausdr\u00fccklich angeforderter Werbung und Informationsmaterialien wird hiermit ausdr\u00fccklich widersprochen. Die Betreiber der Seiten behalten sich ausdr\u00fccklich rechtliche Schritte im Falle der unverlangten Zusendung von Werbeinformationen, etwa durch Spam-Mails, vor.[\/vc_column_text][\/vc_column][\/vc_row][vc_row][vc_column][vc_column_text]<\/p>\n<h3>3. Datenerfassung auf unserer Website<\/h3>\n<p><strong>Cookies<\/strong><br \/>\nEinige unserer Webseiten verwenden Cookies. Cookies richten auf Ihrem Computer keinen Schaden an und enthalten keine Viren. Cookies dienen dazu, unser Angebot nutzerfreundlicher, effektiver und sicherer zu machen. Cookies sind kleine Textdateien, die auf Ihrem Rechner abgelegt werden und die Ihr Browser speichert.<br \/>\nDie meisten der von uns verwendeten Cookies sind so genannte &#8222;Session-Cookies&#8220;. Sie werden nach Ende Ihres Besuchs automatisch gel\u00f6scht. Andere Cookies verbleiben im Speicher Ihres Ger\u00e4ts, bis Sie diese l\u00f6schen. Diese Cookies erm\u00f6glichen es, Ihren Browser beim n\u00e4chsten Besuch der Website wiederzuerkennen.<br \/>\nSie k\u00f6nnen Ihren Browser so einstellen, dass Sie \u00fcber die Verwendung von Cookies informiert werden, so dass Sie von Fall zu Fall entscheiden k\u00f6nnen, ob Sie ein Cookie akzeptieren oder ablehnen. Alternativ kann Ihr Browser so konfiguriert werden, dass er Cookies unter bestimmten Bedingungen automatisch akzeptiert oder immer ablehnt, oder dass er Cookies automatisch l\u00f6scht, wenn Sie Ihren Browser schlie\u00dfen. Die Deaktivierung von Cookies kann die Funktionalit\u00e4t dieser Website einschr\u00e4nken.<br \/>\nCookies, die notwendig sind, um elektronische Kommunikation zu erm\u00f6glichen oder bestimmte Funktionen, die Sie nutzen m\u00f6chten (z.B. den Warenkorb), bereitzustellen, werden gem\u00e4\u00df Art. 6 Abs. 1, Buchstabe f DSGVO. Der Websitebetreiber hat ein berechtigtes Interesse an der Speicherung von Cookies, um einen optimierten und technisch fehlerfreien Service zu gew\u00e4hrleisten. Sollten dar\u00fcber hinaus weitere Cookies (z.B. zur Analyse Ihres Surfverhaltens) gespeichert werden, werden diese in dieser Datenschutzerkl\u00e4rung gesondert behandelt.<\/p>\n<p><strong>Server-Protokolldateien<\/strong><br \/>\nDer Website-Provider erhebt und speichert automatisch Informationen, die Ihr Browser automatisch an uns \u00fcbermittelt, in so genannten Server-Log-Files&#8220;. Dies sind:<br \/>\nBrowsertyp und Browserversion<br \/>\nverwendetes Betriebssystem<br \/>\nReferrer URL<br \/>\nHostname des zugreifenden Rechners<br \/>\nUhrzeit der Serveranfrage<br \/>\nIP-Adresse<br \/>\nEine Zusammenf\u00fchrung dieser Daten mit Daten aus anderen Quellen wird nicht vorgenommen.<br \/>\nDie Grundlage f\u00fcr die Datenverarbeitung ist Art. 6 Abs. 1 lit. f) DSGVO, der die Verarbeitung von Daten zur Erf\u00fcllung eines Vertrages oder f\u00fcr vorvertragliche Ma\u00dfnahmen erlaubt.<\/p>\n<p><strong>Kontakt-Formular<\/strong><br \/>\nWenn Sie uns \u00fcber das Kontaktformular Anfragen zukommen lassen, werden Ihre Angaben aus dem Formular inklusive der von Ihnen dort angegebenen Kontaktdaten zwecks Bearbeitung der Anfrage und f\u00fcr den Fall von Anschlussfragen bei uns gespeichert. Wir geben diese Daten nicht ohne Ihre Zustimmung weiter.<br \/>\nWir verarbeiten die von Ihnen in das Kontaktformular eingegebenen Daten daher nur mit Ihrer Einwilligung gem\u00e4\u00df Art. 6 Abs. 1 lit. a) DSGVO. Sie k\u00f6nnen Ihre Einwilligung jederzeit widerrufen. Eine formlose E-Mail mit dieser Bitte ist ausreichend. Die bis zum Eingang Ihrer Anfrage verarbeiteten Daten d\u00fcrfen weiterhin rechtm\u00e4\u00dfig verarbeitet werden.<br \/>\nDie von Ihnen im Kontaktformular angegebenen Daten werden bei uns gespeichert, bis Sie uns zur L\u00f6schung auffordern, Ihre Einwilligung zur Speicherung widerrufen oder der Zweck f\u00fcr die Datenspeicherung entf\u00e4llt (z.B. nach Erledigung des Anliegens). Zwingende gesetzliche Bestimmungen, insbesondere \u00fcber gesetzliche Aufbewahrungsfristen, bleiben von dieser Regelung unber\u00fchrt.<\/p>\n<p><strong>Registrierung auf dieser Website<\/strong><br \/>\nSie k\u00f6nnen sich auf unserer Website registrieren, um Zugang zu weiteren hier angebotenen Funktionen zu erhalten. Die eingegebenen Daten werden nur zum Zweck der Nutzung der jeweiligen Seite oder Dienstleistung, f\u00fcr die Sie sich registriert haben, verwendet. Die bei der Registrierung abgefragten Pflichtangaben m\u00fcssen vollst\u00e4ndig angegeben werden. Andernfalls werden wir Ihre Registrierung ablehnen.<br \/>\nDie bei der Registrierung angegebene E-Mail-Adresse verwenden wir, um Sie \u00fcber wichtige \u00c4nderungen, z.B. im Rahmen unseres Angebots oder technische \u00c4nderungen, zu informieren.<br \/>\nWir verarbeiten die bei der Registrierung angegebenen Daten nur auf Grundlage Ihrer Einwilligung gem\u00e4\u00df Art. 6 Abs. 1 lit. a) DSGVO. Sie k\u00f6nnen Ihre Einwilligung jederzeit mit Wirkung f\u00fcr die Zukunft widerrufen. Eine formlose E-Mail mit dieser Bitte ist ausreichend. Die bis zum Eingang Ihrer Anfrage verarbeiteten Daten d\u00fcrfen weiterhin rechtm\u00e4\u00dfig verarbeitet werden.<br \/>\nWir speichern die bei der Registrierung erhobenen Daten so lange, wie Sie auf unserer Website registriert bleiben. Gesetzliche Aufbewahrungsfristen bleiben hiervon unber\u00fchrt.[\/vc_column_text][\/vc_column][\/vc_row][vc_row][vc_column][vc_column_text]<\/p>\n<h3>4. Analytik und Werbung<\/h3>\n<p><strong>Google AdSense<\/strong><br \/>\nDiese Website benutzt Google AdSense, einen Dienst zur Einbindung von Werbeanzeigen der Google Inc. (&#8222;Google&#8220;). Er wird von Google Inc. betrieben, 1600 Amphitheatre Parkway, Mountain View, CA 94043, USA.<\/p>\n<p>Google AdSense verwendet sog. &#8222;Cookies&#8220;, Textdateien, die auf Ihrem Computer gespeichert werden und die eine Analyse der Benutzung der Website durch Sie erm\u00f6glichen. Google AdSense verwendet auch so genannte Web Beacons (unsichtbare Grafiken). Durch diese Web Beacons k\u00f6nnen Informationen wie der Besucherverkehr auf diesen Seiten ausgewertet werden.<br \/>\nDie durch Cookies und Web Beacons erzeugten Informationen \u00fcber Ihre Benutzung dieser Website (einschlie\u00dflich Ihrer IP-Adresse) und Auslieferung von Werbeformaten werden an einen Server von Google in den USA \u00fcbertragen und dort gespeichert. Diese Informationen k\u00f6nnen von Google an Vertragspartner von Google weitergegeben werden. Google wird Ihre IP-Adresse jedoch nicht mit anderen von Ihnen gespeicherten Daten zusammenf\u00fchren.<br \/>\nDie Speicherung von AdSense-Cookies erfolgt auf Grundlage von Art. 6 (1) (f) DSGVO. Der Websitebetreiber hat ein berechtigtes Interesse an der Analyse des Nutzerverhaltens, um sowohl seine Website als auch seine Werbung zu optimieren.<br \/>\nSie k\u00f6nnen die Installation der Cookies durch eine entsprechende Einstellung Ihrer Browser Software verhindern. Bitte beachten Sie, dass Sie in diesem Fall m\u00f6glicherweise nicht alle Funktionen dieser Website in vollem Umfang nutzen k\u00f6nnen. Durch die Nutzung dieser Website erkl\u00e4ren Sie sich mit der Bearbeitung der \u00fcber Sie erhobenen Daten durch Google in der zuvor beschriebenen Art und Weise und zu dem zuvor benannten Zweck einverstanden.<\/p>\n<p><strong>Facebook Pixel<\/strong><br \/>\nUnsere Website misst Konversionen mit Hilfe des Besucheraktions-Pixels von Facebook, Facebook Inc. 1601 S. California Ave, Palo Alto, CA 94304, USA (&#8222;Facebook&#8220;).<br \/>\nDiese erm\u00f6glichen es, das Verhalten von Website-Besuchern zu verfolgen, nachdem diese auf eine Facebook-Werbeanzeige geklickt haben, um auf die Website des Anbieters zu gelangen. Dies erm\u00f6glicht eine Analyse der Wirksamkeit der Facebook-Werbeanzeigen zu statistischen und Marktforschungszwecken sowie deren zuk\u00fcnftige Optimierung.<br \/>\nDie gesammelten Daten sind f\u00fcr uns als Betreiber dieser Website anonym und wir k\u00f6nnen daraus keine R\u00fcckschl\u00fcsse auf die Identit\u00e4t unserer Nutzer ziehen. Die Daten werden jedoch von Facebook gespeichert und verarbeitet. Facebook kann eine Verbindung zu Ihrem Facebook-Profil herstellen und die Daten f\u00fcr eigene Werbezwecke nutzen, wie in den Datenschutzbestimmungen von Facebook festgelegt. Dies erm\u00f6glicht es Facebook, Anzeigen sowohl auf Facebook als auch auf Websites Dritter zu schalten. Wir haben keine Kontrolle dar\u00fcber, wie diese Daten verwendet werden.<br \/>\nIn den Datenschutzrichtlinien von Facebook finden Sie weitere Informationen zum Schutz Ihrer Privatsph\u00e4re: https:\/\/www.facebook.com\/about\/privacy\/.<br \/>\nSie k\u00f6nnen die Remarketing-Funktion f\u00fcr benutzerdefinierte Zielgruppen auch im Abschnitt Anzeigeneinstellungen unter https:\/\/www.facebook.com\/ads\/preferences\/?entry_product=ad_settings_screen deaktivieren. Sie m\u00fcssen sich zun\u00e4chst bei Facebook anmelden.<\/p>\n<p>Wenn Sie kein Facebook-Konto haben, k\u00f6nnen Sie die nutzungsbasierte Werbung von Facebook auf der Website der European Interactive Digital Advertising Alliance deaktivieren: http:\/\/www.youronlinechoices.com\/de\/praferenzmanagement\/.[\/vc_column_text][\/vc_column][\/vc_row][vc_row][vc_column][vc_column_text]<\/p>\n<h3>5. Newsletter<\/h3>\n<p><strong>Newsletter-Daten<\/strong><br \/>\nWenn Sie den auf der Webseite angebotenen Newsletter empfangen m\u00f6chten, ben\u00f6tigen wir von Ihnen eine valide Email-Adresse sowie Informationen, die uns die \u00dcberpr\u00fcfung gestatten, dass Sie der Inhaber der angegebenen Email-Adresse sind und mit dem Empfang des Newsletters einverstanden sind. Weitere Daten werden nicht oder nur auf freiwilliger Basis erhoben. Wir verwenden diese Daten nur f\u00fcr den Versand der angeforderten Informationen und geben sie nicht an Dritte weiter.<br \/>\nWir verarbeiten die von Ihnen in das Kontaktformular eingegebenen Daten daher nur mit Ihrer Einwilligung gem\u00e4\u00df Art. 6 Abs. 1 lit. a) DSGVO. Die erteilte Einwilligung zur Speicherung der Daten, der E-Mail-Adresse sowie deren Nutzung zum Versand des Newsletters k\u00f6nnen Sie jederzeit widerrufen, z.B. \u00fcber den &#8222;Abmelden&#8220;-Link im Newsletter. Die bis zum Eingang Ihrer Anfrage bei uns verarbeiteten Daten d\u00fcrfen weiterhin rechtm\u00e4\u00dfig verarbeitet werden.<br \/>\nDie bei der Anmeldung zum Newsletter angegebenen Daten werden f\u00fcr den Versand des Newsletters verwendet, bis Sie den Newsletter abbestellen, danach werden diese Daten gel\u00f6scht. Daten, die wir zu anderen Zwecken gespeichert haben (z.B. E-Mail-Adressen f\u00fcr den Mitgliederbereich), bleiben hiervon unber\u00fchrt.[\/vc_column_text][\/vc_column][\/vc_row][vc_row][vc_column][vc_column_text]<\/p>\n<h3>6. Plugins und Tools<\/h3>\n<p><strong>Google Web Fonts<\/strong><br \/>\nF\u00fcr die einheitliche Darstellung von Schriftarten verwendet diese Seite die von Google bereitgestellten Webfonts. Wenn Sie eine Seite \u00f6ffnen, l\u00e4dt Ihr Browser die ben\u00f6tigten Webfonts in Ihren Browser-Cache, um Texte und Schriften korrekt darzustellen.<br \/>\nDazu muss Ihr Browser eine direkte Verbindung zu den Servern von Google aufbauen. Google erh\u00e4lt dadurch die Information, dass \u00fcber Ihre IP-Adresse auf unsere Webseite zugegriffen wurde. Die Nutzung von Google Web Fonts erfolgt im Interesse einer einheitlichen und ansprechenden Darstellung unserer Website. Dies stellt ein berechtigtes Interesse im Sinne von Art. 6 Abs. 1 lit. f) DSGVO dar.<br \/>\nSollte Ihr Browser keine Webfonts unterst\u00fctzen, wird eine Standardschrift von Ihrem Computer verwendet.<br \/>\nWeitere Informationen zum Umgang mit Nutzerdaten finden Sie unter https:\/\/developers.google.com\/fonts\/faq und in den Datenschutzbestimmungen von Google unter https:\/\/www.google.com\/policies\/privacy\/.<\/p>\n<p><strong>Google Maps<\/strong><br \/>\nDiese Website nutzt den Kartendienst Google Maps \u00fcber eine API. Dieser wird von Google Inc. mit Sitz in 1600 Amphitheatre Parkway, Mountain View, CA 94043, USA betrieben.<\/p>\n<p>Zur Nutzung von Google Maps ist es notwendig, Ihre IP-Adresse zu speichern. Diese Informationen werden in der Regel an einen Server von Google in den USA \u00fcbertragen und dort gespeichert. Der Betreiber dieser Seite hat keinen Einfluss auf diese Daten\u00fcbertragung.<br \/>\nDie Nutzung von Google Maps erfolgt im Interesse einer ansprechenden Gestaltung unserer Website und zur Erleichterung des Auffindens der von uns auf der Website angegebenen Orte. Dies stellt ein berechtigtes Interesse im Sinne des Art. 6 Abs. 1 lit. f) DSGVO dar.<br \/>\nWeitere Informationen zum Umgang mit Nutzerdaten, finden Sie in der Datenschutzerkl\u00e4rung von Google unter https:\/\/www.google.de\/intl\/de\/policies\/privacy\/.[\/vc_column_text][\/vc_column][\/vc_row][\/vc_section]<\/p>\n<\/section>","protected":false},"excerpt":{"rendered":"<p>[vc_section][vc_row][vc_column][vc_column_text] Datenschutzbestimmungen 1. Ein \u00dcberblick \u00fcber den Datenschutz Allgemein Im Folgenden erhalten Sie einen einfachen \u00dcberblick dar\u00fcber, was mit Ihren personenbezogenen Daten geschieht, wenn Sie unsere<span class=\"excerpt-hellip\"> [\u2026]<\/span><\/p>\n","protected":false},"author":1,"featured_media":0,"parent":0,"menu_order":0,"comment_status":"closed","ping_status":"open","template":"","meta":{"footnotes":""},"class_list":["post-181","page","type-page","status-publish","hentry"],"yoast_head":"<!-- This site is optimized with the Yoast SEO plugin v20.9 - https:\/\/yoast.com\/wordpress\/plugins\/seo\/ -->\n<title>Datenschutzbestimmungen - Skin Experts<\/title>\n<meta name=\"robots\" content=\"index, follow, max-snippet:-1, max-image-preview:large, max-video-preview:-1\" \/>\n<link rel=\"canonical\" href=\"https:\/\/skinexperts.lu\/de\/datenschutzbestimmungen\/\" \/>\n<meta property=\"og:locale\" content=\"de_DE\" \/>\n<meta property=\"og:type\" content=\"article\" \/>\n<meta property=\"og:title\" content=\"Datenschutzbestimmungen - Skin Experts\" \/>\n<meta property=\"og:description\" content=\"[vc_section][vc_row][vc_column][vc_column_text] Datenschutzbestimmungen 1. Ein \u00dcberblick \u00fcber den Datenschutz Allgemein Im Folgenden erhalten Sie einen einfachen \u00dcberblick dar\u00fcber, was mit Ihren personenbezogenen Daten geschieht, wenn Sie unsere [\u2026]\" \/>\n<meta property=\"og:url\" content=\"https:\/\/skinexperts.lu\/de\/datenschutzbestimmungen\/\" \/>\n<meta property=\"og:site_name\" content=\"Skin Experts\" \/>\n<meta property=\"article:modified_time\" content=\"2022-12-06T13:52:58+00:00\" \/>\n<meta name=\"twitter:card\" content=\"summary_large_image\" \/>\n<meta name=\"twitter:label1\" content=\"Gesch\u00e4tzte Lesezeit\" \/>\n\t<meta name=\"twitter:data1\" content=\"11\u00a0Minuten\" \/>\n<script type=\"application\/ld+json\" class=\"yoast-schema-graph\">{\"@context\":\"https:\/\/schema.org\",\"@graph\":[{\"@type\":\"WebPage\",\"@id\":\"https:\/\/skinexperts.lu\/de\/datenschutzbestimmungen\/\",\"url\":\"https:\/\/skinexperts.lu\/de\/datenschutzbestimmungen\/\",\"name\":\"Datenschutzbestimmungen - Skin Experts\",\"isPartOf\":{\"@id\":\"https:\/\/skinexperts.lu\/#website\"},\"datePublished\":\"2022-12-01T11:41:25+00:00\",\"dateModified\":\"2022-12-06T13:52:58+00:00\",\"breadcrumb\":{\"@id\":\"https:\/\/skinexperts.lu\/de\/datenschutzbestimmungen\/#breadcrumb\"},\"inLanguage\":\"de\",\"potentialAction\":[{\"@type\":\"ReadAction\",\"target\":[\"https:\/\/skinexperts.lu\/de\/datenschutzbestimmungen\/\"]}]},{\"@type\":\"BreadcrumbList\",\"@id\":\"https:\/\/skinexperts.lu\/de\/datenschutzbestimmungen\/#breadcrumb\",\"itemListElement\":[{\"@type\":\"ListItem\",\"position\":1,\"name\":\"Home\",\"item\":\"https:\/\/skinexperts.lu\/de\/\"},{\"@type\":\"ListItem\",\"position\":2,\"name\":\"Datenschutzbestimmungen\"}]},{\"@type\":\"WebSite\",\"@id\":\"https:\/\/skinexperts.lu\/#website\",\"url\":\"https:\/\/skinexperts.lu\/\",\"name\":\"Skin Experts\",\"description\":\"\",\"inLanguage\":\"de\"}]}<\/script>\n<!-- \/ Yoast SEO plugin. -->","yoast_head_json":{"title":"Datenschutzbestimmungen - Skin Experts","robots":{"index":"index","follow":"follow","max-snippet":"max-snippet:-1","max-image-preview":"max-image-preview:large","max-video-preview":"max-video-preview:-1"},"canonical":"https:\/\/skinexperts.lu\/de\/datenschutzbestimmungen\/","og_locale":"de_DE","og_type":"article","og_title":"Datenschutzbestimmungen - Skin Experts","og_description":"[vc_section][vc_row][vc_column][vc_column_text] Datenschutzbestimmungen 1. Ein \u00dcberblick \u00fcber den Datenschutz Allgemein Im Folgenden erhalten Sie einen einfachen \u00dcberblick dar\u00fcber, was mit Ihren personenbezogenen Daten geschieht, wenn Sie unsere [\u2026]","og_url":"https:\/\/skinexperts.lu\/de\/datenschutzbestimmungen\/","og_site_name":"Skin Experts","article_modified_time":"2022-12-06T13:52:58+00:00","twitter_card":"summary_large_image","twitter_misc":{"Gesch\u00e4tzte Lesezeit":"11\u00a0Minuten"},"schema":{"@context":"https:\/\/schema.org","@graph":[{"@type":"WebPage","@id":"https:\/\/skinexperts.lu\/de\/datenschutzbestimmungen\/","url":"https:\/\/skinexperts.lu\/de\/datenschutzbestimmungen\/","name":"Datenschutzbestimmungen - Skin Experts","isPartOf":{"@id":"https:\/\/skinexperts.lu\/#website"},"datePublished":"2022-12-01T11:41:25+00:00","dateModified":"2022-12-06T13:52:58+00:00","breadcrumb":{"@id":"https:\/\/skinexperts.lu\/de\/datenschutzbestimmungen\/#breadcrumb"},"inLanguage":"de","potentialAction":[{"@type":"ReadAction","target":["https:\/\/skinexperts.lu\/de\/datenschutzbestimmungen\/"]}]},{"@type":"BreadcrumbList","@id":"https:\/\/skinexperts.lu\/de\/datenschutzbestimmungen\/#breadcrumb","itemListElement":[{"@type":"ListItem","position":1,"name":"Home","item":"https:\/\/skinexperts.lu\/de\/"},{"@type":"ListItem","position":2,"name":"Datenschutzbestimmungen"}]},{"@type":"WebSite","@id":"https:\/\/skinexperts.lu\/#website","url":"https:\/\/skinexperts.lu\/","name":"Skin Experts","description":"","inLanguage":"de"}]}},"_links":{"self":[{"href":"https:\/\/skinexperts.lu\/de\/wp-json\/wp\/v2\/pages\/181","targetHints":{"allow":["GET"]}}],"collection":[{"href":"https:\/\/skinexperts.lu\/de\/wp-json\/wp\/v2\/pages"}],"about":[{"href":"https:\/\/skinexperts.lu\/de\/wp-json\/wp\/v2\/types\/page"}],"author":[{"embeddable":true,"href":"https:\/\/skinexperts.lu\/de\/wp-json\/wp\/v2\/users\/1"}],"replies":[{"embeddable":true,"href":"https:\/\/skinexperts.lu\/de\/wp-json\/wp\/v2\/comments?post=181"}],"version-history":[{"count":2,"href":"https:\/\/skinexperts.lu\/de\/wp-json\/wp\/v2\/pages\/181\/revisions"}],"predecessor-version":[{"id":183,"href":"https:\/\/skinexperts.lu\/de\/wp-json\/wp\/v2\/pages\/181\/revisions\/183"}],"wp:attachment":[{"href":"https:\/\/skinexperts.lu\/de\/wp-json\/wp\/v2\/media?parent=181"}],"curies":[{"name":"wp","href":"https:\/\/api.w.org\/{rel}","templated":true}]}}