{"id":247,"date":"2023-02-10T13:34:47","date_gmt":"2023-02-10T12:34:47","guid":{"rendered":"https:\/\/skinexperts.lu\/first-date\/"},"modified":"2023-05-16T13:21:27","modified_gmt":"2023-05-16T11:21:27","slug":"erster-termin","status":"publish","type":"page","link":"https:\/\/skinexperts.lu\/de\/erster-termin\/","title":{"rendered":"Erster Termin"},"content":{"rendered":"<section class=\"wpb-content-wrapper\"><p>[vc_section full_width=&#8220;stretch_row_content&#8220; el_id=&#8220;intro&#8220; css=&#8220;.vc_custom_1676030570642{background-image: url(\/wp-content\/uploads\/2023\/02\/Mask-Group-64-1.jpg?id=229) !important;}&#8220;][vc_row full_width=&#8220;stretch_row_content_no_spaces&#8220;][vc_column][vc_single_image image=&#8220;229&#8243; img_size=&#8220;full&#8220; alignment=&#8220;center&#8220; css=&#8220;.vc_custom_1676030643237{margin-bottom: 0px !important;}&#8220;][\/vc_column][\/vc_row][\/vc_section][vc_section][vc_row el_class=&#8220;bot-mar-2&#8243;][vc_column][vc_column_text]<\/p>\n<h1 class=\"al-center\">Formular zur Vereinbarung eines ersten Termins<\/h1>\n<p>[\/vc_column_text][\/vc_column][\/vc_row][vc_row el_id=&#8220;rdv-cf-wrap&#8220;][vc_column]\n<div class=\"wpcf7 no-js\" id=\"wpcf7-f240-o1\" lang=\"en-US\" dir=\"ltr\">\n<div class=\"screen-reader-response\"><p role=\"status\" aria-live=\"polite\" aria-atomic=\"true\"><\/p> <ul><\/ul><\/div>\n<form action=\"\/de\/wp-json\/wp\/v2\/pages\/247#wpcf7-f240-o1\" method=\"post\" class=\"wpcf7-form init wpcf7-acceptance-as-validation\" aria-label=\"Contact form\" novalidate=\"novalidate\" data-status=\"init\">\n<div style=\"display: none;\">\n<input type=\"hidden\" name=\"_wpcf7\" value=\"240\" \/>\n<input type=\"hidden\" name=\"_wpcf7_version\" value=\"5.7.7\" \/>\n<input type=\"hidden\" name=\"_wpcf7_locale\" value=\"en_US\" \/>\n<input type=\"hidden\" name=\"_wpcf7_unit_tag\" value=\"wpcf7-f240-o1\" \/>\n<input type=\"hidden\" name=\"_wpcf7_container_post\" value=\"0\" \/>\n<input type=\"hidden\" name=\"_wpcf7_posted_data_hash\" value=\"\" \/>\n<input type=\"hidden\" name=\"_wpcf7_recaptcha_response\" value=\"\" \/>\n<\/div>\n<div id=\"rdv-top-row\" class=\"bot-mar-2\">\n\t<p><span class=\"wpcf7-form-control-wrap\" data-name=\"your-name\"><input size=\"40\" class=\"wpcf7-form-control wpcf7-text wpcf7-validates-as-required\" aria-required=\"true\" aria-invalid=\"false\" placeholder=\"Name *\" value=\"\" type=\"text\" name=\"your-name\" \/><\/span><span class=\"wpcf7-form-control-wrap\" data-name=\"your-first-name\"><input size=\"40\" class=\"wpcf7-form-control wpcf7-text wpcf7-validates-as-required\" aria-required=\"true\" aria-invalid=\"false\" placeholder=\"Vorname *\" value=\"\" type=\"text\" name=\"your-first-name\" \/><\/span><span class=\"wpcf7-form-control-wrap\" data-name=\"your-email\"><input size=\"40\" class=\"wpcf7-form-control wpcf7-text wpcf7-email wpcf7-validates-as-required wpcf7-validates-as-email\" aria-required=\"true\" aria-invalid=\"false\" placeholder=\"E-Mail *\" value=\"\" type=\"email\" name=\"your-email\" \/><\/span>\n\t<\/p>\n\t<p><span class=\"wpcf7-form-control-wrap\" data-name=\"your-tel\"><input size=\"40\" class=\"wpcf7-form-control wpcf7-text wpcf7-tel wpcf7-validates-as-required wpcf7-validates-as-tel\" aria-required=\"true\" aria-invalid=\"false\" placeholder=\"Telefon *\" value=\"\" type=\"tel\" name=\"your-tel\" \/><\/span>\n\t<\/p>\n<\/div>\n<div id=\"top-down-cb-row\" class=\"bot-mar-2\">\n\t<p><label class=\"side-label\">Gew\u00fcnschte Pflege :<\/label><span class=\"wpcf7-form-control-wrap\" data-name=\"demande-type\"><span class=\"wpcf7-form-control wpcf7-checkbox\"><span class=\"wpcf7-list-item first\"><label><input type=\"checkbox\" name=\"demande-type[]\" value=\"1. kosmetische Beratung &#039;first date&#039; 139\u20ac\" \/><span class=\"wpcf7-list-item-label\">1. kosmetische Beratung &#039;first date&#039; 139\u20ac<\/span><\/label><\/span><span class=\"wpcf7-list-item last\"><label><input type=\"checkbox\" name=\"demande-type[]\" value=\"1. Beratung zur dauerhaften Haarentfernung (kostenlos)\" \/><span class=\"wpcf7-list-item-label\">1. Beratung zur dauerhaften Haarentfernung (kostenlos)<\/span><\/label><\/span><\/span><\/span>\n\t<\/p>\n<\/div>\n<div id=\"time-row\" class=\"bot-mar-2\">\n\t<p><label class=\"side-label\">Gew\u00fcnschtes Zeitfenster und Tag*<\/label><span class=\"wpcf7-form-control-wrap\" data-name=\"hour-time\"><input size=\"40\" class=\"wpcf7-form-control wpcf7-text wpcf7-validates-as-required\" aria-required=\"true\" aria-invalid=\"false\" value=\"\" type=\"text\" name=\"hour-time\" \/><\/span>\n\t<\/p>\n<\/div>\n<div id=\"lang-row\" class=\"bot-mar-2\">\n\t<p><label class=\"side-label\">Gew\u00fcnschte Sprache<\/label><span class=\"wpcf7-form-control-wrap\" data-name=\"your-languages\"><span class=\"wpcf7-form-control wpcf7-checkbox\"><span class=\"wpcf7-list-item first\"><label><input type=\"checkbox\" name=\"your-languages[]\" value=\"Fran\u00e7ais\" \/><span class=\"wpcf7-list-item-label\">Fran\u00e7ais<\/span><\/label><\/span><span class=\"wpcf7-list-item\"><label><input type=\"checkbox\" name=\"your-languages[]\" value=\"Deutsch\" \/><span class=\"wpcf7-list-item-label\">Deutsch<\/span><\/label><\/span><span class=\"wpcf7-list-item\"><label><input type=\"checkbox\" name=\"your-languages[]\" value=\"English\" \/><span class=\"wpcf7-list-item-label\">English<\/span><\/label><\/span><span class=\"wpcf7-list-item last\"><label><input type=\"checkbox\" name=\"your-languages[]\" value=\"Polonais\" \/><span class=\"wpcf7-list-item-label\">Polonais<\/span><\/label><\/span><\/span><\/span>\n\t<\/p>\n<\/div>\n<div id=\"message-row\" class=\"bot-mar-2\">\n\t<p><label class=\"side-label\">Erg\u00e4nzende Nachricht<\/label><span class=\"wpcf7-form-control-wrap\" data-name=\"your-message\"><textarea cols=\"40\" rows=\"10\" class=\"wpcf7-form-control wpcf7-textarea\" aria-invalid=\"false\" name=\"your-message\"><\/textarea><\/span>\n\t<\/p>\n<\/div>\n<p><span id=\"mandatory-hint\">* Pflichtfelder<\/span>\n<\/p>\n<p>Sobald wir Ihre Anfrage erhalten haben, werden wir Sie telefonisch kontaktieren, um einen Termin zu vereinbaren.\n<\/p>\n<p><span class=\"wpcf7-form-control-wrap\" data-name=\"acceptance-344\"><span class=\"wpcf7-form-control wpcf7-acceptance\"><span class=\"wpcf7-list-item\"><label><input type=\"checkbox\" name=\"acceptance-344\" value=\"1\" aria-invalid=\"false\" \/><span class=\"wpcf7-list-item-label\">Ich habe die Datenschutzbestimmungen zur Kenntnis genommen und verstanden und erkl\u00e4re mich damit einverstanden, dass meine pers\u00f6nlichen Daten ausschlie\u00dflich im Zusammenhang mit meiner Anfrage an Skin Experts weitergegeben werden.<\/span><\/label><\/span><\/span><\/span>\n<\/p>\n<p><input class=\"wpcf7-form-control has-spinner wpcf7-submit\" type=\"submit\" value=\"Versenden\" \/>\n<\/p><div class=\"wpcf7-response-output\" aria-hidden=\"true\"><\/div>\n<\/form>\n<\/div>\n[\/vc_column][\/vc_row][\/vc_section]<\/p>\n<\/section>","protected":false},"excerpt":{"rendered":"<p>[vc_section full_width=&#8220;stretch_row_content&#8220; el_id=&#8220;intro&#8220; css=&#8220;.vc_custom_1676030570642{background-image: url(\/wp-content\/uploads\/2023\/02\/Mask-Group-64-1.jpg?id=229) !important;}&#8220;][vc_row full_width=&#8220;stretch_row_content_no_spaces&#8220;][vc_column][vc_single_image image=&#8220;229&#8243; img_size=&#8220;full&#8220; alignment=&#8220;center&#8220; css=&#8220;.vc_custom_1676030643237{margin-bottom: 0px !important;}&#8220;][\/vc_column][\/vc_row][\/vc_section][vc_section][vc_row el_class=&#8220;bot-mar-2&#8243;][vc_column][vc_column_text] Formular zur Vereinbarung eines ersten Termins [\/vc_column_text][\/vc_column][\/vc_row][vc_row el_id=&#8220;rdv-cf-wrap&#8220;][vc_column][\/vc_column][\/vc_row][\/vc_section]<\/p>\n","protected":false},"author":1,"featured_media":0,"parent":0,"menu_order":0,"comment_status":"closed","ping_status":"closed","template":"","meta":{"footnotes":""},"class_list":["post-247","page","type-page","status-publish","hentry"],"yoast_head":"<!-- This site is optimized with the Yoast SEO plugin v20.9 - https:\/\/yoast.com\/wordpress\/plugins\/seo\/ -->\n<title>Erster Termin - Skin Experts<\/title>\n<meta name=\"robots\" content=\"index, follow, max-snippet:-1, max-image-preview:large, max-video-preview:-1\" \/>\n<link rel=\"canonical\" href=\"https:\/\/skinexperts.lu\/de\/erster-termin\/\" \/>\n<meta property=\"og:locale\" content=\"de_DE\" \/>\n<meta property=\"og:type\" content=\"article\" \/>\n<meta property=\"og:title\" content=\"Erster Termin - Skin Experts\" \/>\n<meta property=\"og:description\" content=\"[vc_section full_width=&#8220;stretch_row_content&#8220; el_id=&#8220;intro&#8220; css=&#8220;.vc_custom_1676030570642{background-image: url(\/wp-content\/uploads\/2023\/02\/Mask-Group-64-1.jpg?id=229) !important;}&#8220;][vc_row full_width=&#8220;stretch_row_content_no_spaces&#8220;][vc_column][vc_single_image image=&#8220;229&#8243; img_size=&#8220;full&#8220; alignment=&#8220;center&#8220; css=&#8220;.vc_custom_1676030643237{margin-bottom: 0px !important;}&#8220;][\/vc_column][\/vc_row][\/vc_section][vc_section][vc_row el_class=&#8220;bot-mar-2&#8243;][vc_column][vc_column_text] Formular zur Vereinbarung eines ersten Termins [\/vc_column_text][\/vc_column][\/vc_row][vc_row el_id=&#8220;rdv-cf-wrap&#8220;][vc_column][\/vc_column][\/vc_row][\/vc_section]\" \/>\n<meta property=\"og:url\" content=\"https:\/\/skinexperts.lu\/de\/erster-termin\/\" \/>\n<meta property=\"og:site_name\" content=\"Skin Experts\" \/>\n<meta property=\"article:modified_time\" content=\"2023-05-16T11:21:27+00:00\" \/>\n<meta name=\"twitter:card\" content=\"summary_large_image\" \/>\n<meta name=\"twitter:label1\" content=\"Gesch\u00e4tzte Lesezeit\" \/>\n\t<meta name=\"twitter:data1\" content=\"1\u00a0Minute\" \/>\n<script type=\"application\/ld+json\" class=\"yoast-schema-graph\">{\"@context\":\"https:\/\/schema.org\",\"@graph\":[{\"@type\":\"WebPage\",\"@id\":\"https:\/\/skinexperts.lu\/de\/erster-termin\/\",\"url\":\"https:\/\/skinexperts.lu\/de\/erster-termin\/\",\"name\":\"Erster Termin - Skin Experts\",\"isPartOf\":{\"@id\":\"https:\/\/skinexperts.lu\/#website\"},\"datePublished\":\"2023-02-10T12:34:47+00:00\",\"dateModified\":\"2023-05-16T11:21:27+00:00\",\"breadcrumb\":{\"@id\":\"https:\/\/skinexperts.lu\/de\/erster-termin\/#breadcrumb\"},\"inLanguage\":\"de\",\"potentialAction\":[{\"@type\":\"ReadAction\",\"target\":[\"https:\/\/skinexperts.lu\/de\/erster-termin\/\"]}]},{\"@type\":\"BreadcrumbList\",\"@id\":\"https:\/\/skinexperts.lu\/de\/erster-termin\/#breadcrumb\",\"itemListElement\":[{\"@type\":\"ListItem\",\"position\":1,\"name\":\"Home\",\"item\":\"https:\/\/skinexperts.lu\/de\/\"},{\"@type\":\"ListItem\",\"position\":2,\"name\":\"Erster Termin\"}]},{\"@type\":\"WebSite\",\"@id\":\"https:\/\/skinexperts.lu\/#website\",\"url\":\"https:\/\/skinexperts.lu\/\",\"name\":\"Skin Experts\",\"description\":\"\",\"inLanguage\":\"de\"}]}<\/script>\n<!-- \/ Yoast SEO plugin. -->","yoast_head_json":{"title":"Erster Termin - Skin Experts","robots":{"index":"index","follow":"follow","max-snippet":"max-snippet:-1","max-image-preview":"max-image-preview:large","max-video-preview":"max-video-preview:-1"},"canonical":"https:\/\/skinexperts.lu\/de\/erster-termin\/","og_locale":"de_DE","og_type":"article","og_title":"Erster Termin - Skin Experts","og_description":"[vc_section full_width=&#8220;stretch_row_content&#8220; el_id=&#8220;intro&#8220; css=&#8220;.vc_custom_1676030570642{background-image: url(\/wp-content\/uploads\/2023\/02\/Mask-Group-64-1.jpg?id=229) !important;}&#8220;][vc_row full_width=&#8220;stretch_row_content_no_spaces&#8220;][vc_column][vc_single_image image=&#8220;229&#8243; img_size=&#8220;full&#8220; alignment=&#8220;center&#8220; css=&#8220;.vc_custom_1676030643237{margin-bottom: 0px !important;}&#8220;][\/vc_column][\/vc_row][\/vc_section][vc_section][vc_row el_class=&#8220;bot-mar-2&#8243;][vc_column][vc_column_text] Formular zur Vereinbarung eines ersten Termins [\/vc_column_text][\/vc_column][\/vc_row][vc_row el_id=&#8220;rdv-cf-wrap&#8220;][vc_column][\/vc_column][\/vc_row][\/vc_section]","og_url":"https:\/\/skinexperts.lu\/de\/erster-termin\/","og_site_name":"Skin Experts","article_modified_time":"2023-05-16T11:21:27+00:00","twitter_card":"summary_large_image","twitter_misc":{"Gesch\u00e4tzte Lesezeit":"1\u00a0Minute"},"schema":{"@context":"https:\/\/schema.org","@graph":[{"@type":"WebPage","@id":"https:\/\/skinexperts.lu\/de\/erster-termin\/","url":"https:\/\/skinexperts.lu\/de\/erster-termin\/","name":"Erster Termin - Skin Experts","isPartOf":{"@id":"https:\/\/skinexperts.lu\/#website"},"datePublished":"2023-02-10T12:34:47+00:00","dateModified":"2023-05-16T11:21:27+00:00","breadcrumb":{"@id":"https:\/\/skinexperts.lu\/de\/erster-termin\/#breadcrumb"},"inLanguage":"de","potentialAction":[{"@type":"ReadAction","target":["https:\/\/skinexperts.lu\/de\/erster-termin\/"]}]},{"@type":"BreadcrumbList","@id":"https:\/\/skinexperts.lu\/de\/erster-termin\/#breadcrumb","itemListElement":[{"@type":"ListItem","position":1,"name":"Home","item":"https:\/\/skinexperts.lu\/de\/"},{"@type":"ListItem","position":2,"name":"Erster Termin"}]},{"@type":"WebSite","@id":"https:\/\/skinexperts.lu\/#website","url":"https:\/\/skinexperts.lu\/","name":"Skin Experts","description":"","inLanguage":"de"}]}},"_links":{"self":[{"href":"https:\/\/skinexperts.lu\/de\/wp-json\/wp\/v2\/pages\/247","targetHints":{"allow":["GET"]}}],"collection":[{"href":"https:\/\/skinexperts.lu\/de\/wp-json\/wp\/v2\/pages"}],"about":[{"href":"https:\/\/skinexperts.lu\/de\/wp-json\/wp\/v2\/types\/page"}],"author":[{"embeddable":true,"href":"https:\/\/skinexperts.lu\/de\/wp-json\/wp\/v2\/users\/1"}],"replies":[{"embeddable":true,"href":"https:\/\/skinexperts.lu\/de\/wp-json\/wp\/v2\/comments?post=247"}],"version-history":[{"count":2,"href":"https:\/\/skinexperts.lu\/de\/wp-json\/wp\/v2\/pages\/247\/revisions"}],"predecessor-version":[{"id":249,"href":"https:\/\/skinexperts.lu\/de\/wp-json\/wp\/v2\/pages\/247\/revisions\/249"}],"wp:attachment":[{"href":"https:\/\/skinexperts.lu\/de\/wp-json\/wp\/v2\/media?parent=247"}],"curies":[{"name":"wp","href":"https:\/\/api.w.org\/{rel}","templated":true}]}}