{"id":483,"date":"2023-04-25T12:03:29","date_gmt":"2023-04-25T10:03:29","guid":{"rendered":"https:\/\/skinexperts.lu\/?page_id=483"},"modified":"2023-05-16T13:25:25","modified_gmt":"2023-05-16T11:25:25","slug":"onetec","status":"publish","type":"page","link":"https:\/\/skinexperts.lu\/de\/onetec\/","title":{"rendered":"onetec"},"content":{"rendered":"<section class=\"wpb-content-wrapper\"><p>[vc_section full_width=&#8220;stretch_row&#8220; el_id=&#8220;intro&#8220; css=&#8220;.vc_custom_1682416699800{background-image: url(\/wp-content\/uploads\/2023\/04\/Mask-Group-66.jpg?id=278) !important;}&#8220;][vc_row full_width=&#8220;stretch_row_content_no_spaces&#8220;][vc_column][vc_single_image image=&#8220;278&#8243; img_size=&#8220;full&#8220; alignment=&#8220;center&#8220; css=&#8220;.vc_custom_1682416734703{margin-bottom: 0px !important;}&#8220;][\/vc_column][\/vc_row][vc_row el_id=&#8220;intro-content-row&#8220;][vc_column width=&#8220;1\/3&#8243;][vc_column_text]<\/p>\n<h1><strong>onetec\u00ae<\/strong><\/h1>\n<h4>Beseitigen Sie Ihre kosmetischen Probleme in Sekundenschnelle<\/h4>\n<p>[\/vc_column_text][\/vc_column][vc_column width=&#8220;1\/3&#8243;][\/vc_column][vc_column width=&#8220;1\/3&#8243;][\/vc_column][\/vc_row][\/vc_section][vc_section][vc_row][vc_column][vc_column_text]Trotz regelm\u00e4\u00dfiger Hautpflege und gesunder Ern\u00e4hrung treten manchmal unsch\u00f6ne Ver\u00e4nderungen auf unserer Haut auf.<\/p>\n<p>Flecken, Blutflecken, Fibrome oder F\u00e4ltchen k\u00f6nnen f\u00fcr die Betroffenen zu einem gro\u00dfen kosmetischen Problem werden.[\/vc_column_text][\/vc_column][\/vc_row][vc_row][vc_column][vc_column_text]<\/p>\n<h2 class=\"heading-small\">Dank onetec\u00ae geh\u00f6rt dies nun der Vergangenheit an!<\/h2>\n<p>[\/vc_column_text][vc_column_text]<strong>Wie funktioniert onetec\u00ae?<\/strong><br \/>\nonetec\u00ae behandelt kosmetische Problemzonen <strong>in Sekundenschnelle <\/strong>mit Radiowellen. Die Radiofrequenz wirkt in k\u00fcrzester Zeit <strong>effektiv und schonend auf Ihre Haut<\/strong>. Die Ergebnisse sind beeindruckend.<\/p>\n<p>Die onetec\u00ae Technologie erm\u00f6glicht es Ihnen, die St\u00e4rke und Dauer der Impulse des Ger\u00e4ts zu variieren, und die integrierten Mikroprozessoren sorgen f\u00fcr eine optimale Steuerung, um eine <strong>minimale Belastung Ihres Gewebes <\/strong>zu gew\u00e4hrleisten.[\/vc_column_text][vc_column_text]<strong>Was sind die Vorteile von onetec\u00ae?<\/strong><br \/>\nDurch die Umwandlung von Energieimpulsen in W\u00e4rmeimpulse werden Behandlungsergebnisse erzielt, die bei vielen Hautproblemen bisher nicht m\u00f6glich waren:<br \/>\n[\/vc_column_text][\/vc_column][\/vc_row][vc_row equal_height=&#8220;yes&#8220; el_class=&#8220;tech-box-row&#8220;][vc_column width=&#8220;1\/2&#8243;][vc_column_text el_class=&#8220;tech-box-content&#8220;]Couperose<\/p>\n<p>Vorw\u00f6lbungen<\/p>\n<p>Kleine Venen<\/p>\n<p>H\u00e4mangiom<\/p>\n<p>Besenreiser-N\u00e4vi[\/vc_column_text][\/vc_column][vc_column width=&#8220;1\/2&#8243;][vc_column_text el_class=&#8220;tech-box-content&#8220;]Pigmentst\u00f6rungen<\/p>\n<p>Altersflecken<\/p>\n<p>Falten<\/p>\n<p>Einfache Haarentfernung[\/vc_column_text][\/vc_column][\/vc_row][vc_row][vc_column][vc_column_text]<strong>Wie viele Behandlungen sind erforderlich?<\/strong><br \/>\nBei Skin Experts f\u00fchren unsere speziell f\u00fcr diese Sch\u00f6nheitspflegetechnik ausgebildeten Mitarbeiter zun\u00e4chst eine <strong>digitale Analyse Ihrer Haut <\/strong>im Rahmen einer individuellen Beratung durch. Anschlie\u00dfend empfehlen sie Ihnen die Anzahl der in unserem Institut durchzuf\u00fchrenden Behandlungen sowie kosmetische Produkte, die Ihre Behandlung erg\u00e4nzen.<\/p>\n<p>Nehmen Sie Kontakt mit uns auf, um mehr \u00fcber die onetec\u00ae-Technologie zu erfahren und um wirklich beeindruckende Ergebnisse zu erzielen.[\/vc_column_text][vc_btn title=&#8220;Termin vereinbaren&#8220; link=&#8220;url:%2Fde%2Ferster-termin%2F|title:Erster%20Termin&#8220; el_class=&#8220;cta-btn&#8220;][\/vc_column][\/vc_row][\/vc_section][vc_section full_width=&#8220;stretch_row&#8220; el_id=&#8220;tech-link-sec&#8220; css=&#8220;.vc_custom_1682424517349{background-color: #718ea5 !important;}&#8220;][vc_row][vc_column][vc_column_text]<\/p>\n<h4 class=\"al-center white top-mar-1 bot-mar-2\">Unsere anderen Technologien<\/h4>\n<p>[\/vc_column_text][\/vc_column][\/vc_row][vc_row el_id=&#8220;tech-link-row&#8220;][vc_column width=&#8220;1\/5&#8243;][vc_hoverbox image=&#8220;308&#8243; primary_title=&#8220;&#8220; hover_title=&#8220;&#8220; shape=&#8220;square&#8220; hover_background_color=&#8220;custom&#8220; hover_custom_background=&#8220;#707070&#8243;]<a class=\"ff-merri-light white\" href=\"\/de\/twotec\/\"><span class=\"tech-inner-read-more\">Mehr lesen<\/span><\/a>[\/vc_hoverbox][vc_column_text el_class=&#8220;al-center white tech-bot-link&#8220;]<a href=\"\/de\/twotec\/\">twotec \u00ae<\/a>[\/vc_column_text][\/vc_column][vc_column width=&#8220;1\/5&#8243;][vc_hoverbox image=&#8220;293&#8243; primary_title=&#8220;&#8220; hover_title=&#8220;&#8220; shape=&#8220;square&#8220; hover_background_color=&#8220;custom&#8220; hover_custom_background=&#8220;#707070&#8243;]<a class=\"ff-merri-light white\" href=\"\/de\/fourtec\/\"><span class=\"tech-inner-read-more\">Mehr lesen<\/span><\/a>[\/vc_hoverbox][vc_column_text el_class=&#8220;al-center white tech-bot-link&#8220;]<a href=\"\/de\/fourtec\/\">fourtec \u00ae<\/a>[\/vc_column_text][\/vc_column][vc_column width=&#8220;1\/5&#8243;][vc_hoverbox image=&#8220;290&#8243; primary_title=&#8220;&#8220; hover_title=&#8220;&#8220; shape=&#8220;square&#8220; hover_background_color=&#8220;custom&#8220; hover_custom_background=&#8220;#707070&#8243;]<a class=\"ff-merri-light white\"><span class=\"tech-inner-read-more\">Mehr lesen<\/span><\/a>[\/vc_hoverbox][vc_column_text el_class=&#8220;al-center white tech-bot-link&#8220;]<a href=\"\/de\/ellipse-sirius\/\">Ellipse Sirius \u00ae<\/a>[\/vc_column_text][\/vc_column][vc_column width=&#8220;1\/5&#8243;][vc_hoverbox image=&#8220;296&#8243; primary_title=&#8220;&#8220; hover_title=&#8220;&#8220; shape=&#8220;square&#8220; hover_background_color=&#8220;custom&#8220; hover_custom_background=&#8220;#707070&#8243;]<a class=\"ff-merri-light white\" href=\"\/de\/hydra-face-one\/\"><span class=\"tech-inner-read-more\">Mehr lesen<\/span><\/a>[\/vc_hoverbox][vc_column_text el_class=&#8220;al-center white tech-bot-link&#8220;]<a href=\"\/de\/hydra-face-one\/\">Hydra face one \u00ae<\/a>[\/vc_column_text][\/vc_column][vc_column width=&#8220;1\/5&#8243;][vc_hoverbox image=&#8220;299&#8243; primary_title=&#8220;&#8220; hover_title=&#8220;&#8220; shape=&#8220;square&#8220; hover_background_color=&#8220;custom&#8220; hover_custom_background=&#8220;#707070&#8243;]<a class=\"ff-merri-light white\" href=\"\/de\/micro-needling\/\"><span class=\"tech-inner-read-more\">Mehr lesen<\/span><\/a>[\/vc_hoverbox][vc_column_text el_class=&#8220;al-center white tech-bot-link&#8220;]<a href=\"\/de\/micro-needling\/\">Micro Needling<\/a>[\/vc_column_text][\/vc_column][\/vc_row][\/vc_section]<\/p>\n<\/section>","protected":false},"excerpt":{"rendered":"<p>[vc_section full_width=&#8220;stretch_row&#8220; el_id=&#8220;intro&#8220; css=&#8220;.vc_custom_1682416699800{background-image: url(\/wp-content\/uploads\/2023\/04\/Mask-Group-66.jpg?id=278) !important;}&#8220;][vc_row full_width=&#8220;stretch_row_content_no_spaces&#8220;][vc_column][vc_single_image image=&#8220;278&#8243; img_size=&#8220;full&#8220; alignment=&#8220;center&#8220; css=&#8220;.vc_custom_1682416734703{margin-bottom: 0px !important;}&#8220;][\/vc_column][\/vc_row][vc_row el_id=&#8220;intro-content-row&#8220;][vc_column width=&#8220;1\/3&#8243;][vc_column_text] onetec\u00ae Beseitigen Sie Ihre kosmetischen Probleme in Sekundenschnelle [\/vc_column_text][\/vc_column][vc_column width=&#8220;1\/3&#8243;][\/vc_column][vc_column width=&#8220;1\/3&#8243;][\/vc_column][\/vc_row][\/vc_section][vc_section][vc_row][vc_column][vc_column_text]Trotz<span class=\"excerpt-hellip\"> [\u2026]<\/span><\/p>\n","protected":false},"author":1,"featured_media":0,"parent":0,"menu_order":0,"comment_status":"closed","ping_status":"closed","template":"","meta":{"footnotes":""},"class_list":["post-483","page","type-page","status-publish","hentry"],"yoast_head":"<!-- This site is optimized with the Yoast SEO plugin v20.9 - https:\/\/yoast.com\/wordpress\/plugins\/seo\/ -->\n<title>onetec\u00ae | Skin Experts Luxembourg<\/title>\n<meta name=\"description\" content=\"Couperose, Fibrome, R\u00f6tungen, H\u00e4mangiome, Pigmentst\u00f6rungen, Altersflecken, Falten: Beseitigen Sie Ihre kosmetischen Probleme in Sekundenschnelle.\" \/>\n<meta name=\"robots\" content=\"index, follow, max-snippet:-1, max-image-preview:large, max-video-preview:-1\" \/>\n<link rel=\"canonical\" href=\"https:\/\/skinexperts.lu\/de\/onetec\/\" \/>\n<meta property=\"og:locale\" content=\"de_DE\" \/>\n<meta property=\"og:type\" content=\"article\" \/>\n<meta property=\"og:title\" content=\"onetec\u00ae | Skin Experts Luxembourg\" \/>\n<meta property=\"og:description\" content=\"Couperose, Fibrome, R\u00f6tungen, H\u00e4mangiome, Pigmentst\u00f6rungen, Altersflecken, Falten: Beseitigen Sie Ihre kosmetischen Probleme in Sekundenschnelle.\" \/>\n<meta property=\"og:url\" content=\"https:\/\/skinexperts.lu\/de\/onetec\/\" \/>\n<meta property=\"og:site_name\" content=\"Skin Experts\" \/>\n<meta property=\"article:modified_time\" content=\"2023-05-16T11:25:25+00:00\" \/>\n<meta name=\"twitter:card\" content=\"summary_large_image\" \/>\n<meta name=\"twitter:label1\" content=\"Gesch\u00e4tzte Lesezeit\" \/>\n\t<meta name=\"twitter:data1\" content=\"3\u00a0Minuten\" \/>\n<script type=\"application\/ld+json\" class=\"yoast-schema-graph\">{\"@context\":\"https:\/\/schema.org\",\"@graph\":[{\"@type\":\"WebPage\",\"@id\":\"https:\/\/skinexperts.lu\/de\/onetec\/\",\"url\":\"https:\/\/skinexperts.lu\/de\/onetec\/\",\"name\":\"onetec\u00ae | Skin Experts Luxembourg\",\"isPartOf\":{\"@id\":\"https:\/\/skinexperts.lu\/#website\"},\"datePublished\":\"2023-04-25T10:03:29+00:00\",\"dateModified\":\"2023-05-16T11:25:25+00:00\",\"description\":\"Couperose, Fibrome, R\u00f6tungen, H\u00e4mangiome, Pigmentst\u00f6rungen, Altersflecken, Falten: Beseitigen Sie Ihre kosmetischen Probleme in Sekundenschnelle.\",\"breadcrumb\":{\"@id\":\"https:\/\/skinexperts.lu\/de\/onetec\/#breadcrumb\"},\"inLanguage\":\"de\",\"potentialAction\":[{\"@type\":\"ReadAction\",\"target\":[\"https:\/\/skinexperts.lu\/de\/onetec\/\"]}]},{\"@type\":\"BreadcrumbList\",\"@id\":\"https:\/\/skinexperts.lu\/de\/onetec\/#breadcrumb\",\"itemListElement\":[{\"@type\":\"ListItem\",\"position\":1,\"name\":\"Home\",\"item\":\"https:\/\/skinexperts.lu\/de\/\"},{\"@type\":\"ListItem\",\"position\":2,\"name\":\"onetec\"}]},{\"@type\":\"WebSite\",\"@id\":\"https:\/\/skinexperts.lu\/#website\",\"url\":\"https:\/\/skinexperts.lu\/\",\"name\":\"Skin Experts\",\"description\":\"\",\"inLanguage\":\"de\"}]}<\/script>\n<!-- \/ Yoast SEO plugin. -->","yoast_head_json":{"title":"onetec\u00ae | Skin Experts Luxembourg","description":"Couperose, Fibrome, R\u00f6tungen, H\u00e4mangiome, Pigmentst\u00f6rungen, Altersflecken, Falten: Beseitigen Sie Ihre kosmetischen Probleme in Sekundenschnelle.","robots":{"index":"index","follow":"follow","max-snippet":"max-snippet:-1","max-image-preview":"max-image-preview:large","max-video-preview":"max-video-preview:-1"},"canonical":"https:\/\/skinexperts.lu\/de\/onetec\/","og_locale":"de_DE","og_type":"article","og_title":"onetec\u00ae | Skin Experts Luxembourg","og_description":"Couperose, Fibrome, R\u00f6tungen, H\u00e4mangiome, Pigmentst\u00f6rungen, Altersflecken, Falten: Beseitigen Sie Ihre kosmetischen Probleme in Sekundenschnelle.","og_url":"https:\/\/skinexperts.lu\/de\/onetec\/","og_site_name":"Skin Experts","article_modified_time":"2023-05-16T11:25:25+00:00","twitter_card":"summary_large_image","twitter_misc":{"Gesch\u00e4tzte Lesezeit":"3\u00a0Minuten"},"schema":{"@context":"https:\/\/schema.org","@graph":[{"@type":"WebPage","@id":"https:\/\/skinexperts.lu\/de\/onetec\/","url":"https:\/\/skinexperts.lu\/de\/onetec\/","name":"onetec\u00ae | Skin Experts Luxembourg","isPartOf":{"@id":"https:\/\/skinexperts.lu\/#website"},"datePublished":"2023-04-25T10:03:29+00:00","dateModified":"2023-05-16T11:25:25+00:00","description":"Couperose, Fibrome, R\u00f6tungen, H\u00e4mangiome, Pigmentst\u00f6rungen, Altersflecken, Falten: Beseitigen Sie Ihre kosmetischen Probleme in Sekundenschnelle.","breadcrumb":{"@id":"https:\/\/skinexperts.lu\/de\/onetec\/#breadcrumb"},"inLanguage":"de","potentialAction":[{"@type":"ReadAction","target":["https:\/\/skinexperts.lu\/de\/onetec\/"]}]},{"@type":"BreadcrumbList","@id":"https:\/\/skinexperts.lu\/de\/onetec\/#breadcrumb","itemListElement":[{"@type":"ListItem","position":1,"name":"Home","item":"https:\/\/skinexperts.lu\/de\/"},{"@type":"ListItem","position":2,"name":"onetec"}]},{"@type":"WebSite","@id":"https:\/\/skinexperts.lu\/#website","url":"https:\/\/skinexperts.lu\/","name":"Skin Experts","description":"","inLanguage":"de"}]}},"_links":{"self":[{"href":"https:\/\/skinexperts.lu\/de\/wp-json\/wp\/v2\/pages\/483","targetHints":{"allow":["GET"]}}],"collection":[{"href":"https:\/\/skinexperts.lu\/de\/wp-json\/wp\/v2\/pages"}],"about":[{"href":"https:\/\/skinexperts.lu\/de\/wp-json\/wp\/v2\/types\/page"}],"author":[{"embeddable":true,"href":"https:\/\/skinexperts.lu\/de\/wp-json\/wp\/v2\/users\/1"}],"replies":[{"embeddable":true,"href":"https:\/\/skinexperts.lu\/de\/wp-json\/wp\/v2\/comments?post=483"}],"version-history":[{"count":3,"href":"https:\/\/skinexperts.lu\/de\/wp-json\/wp\/v2\/pages\/483\/revisions"}],"predecessor-version":[{"id":554,"href":"https:\/\/skinexperts.lu\/de\/wp-json\/wp\/v2\/pages\/483\/revisions\/554"}],"wp:attachment":[{"href":"https:\/\/skinexperts.lu\/de\/wp-json\/wp\/v2\/media?parent=483"}],"curies":[{"name":"wp","href":"https:\/\/api.w.org\/{rel}","templated":true}]}}