{"id":494,"date":"2023-04-25T14:38:53","date_gmt":"2023-04-25T12:38:53","guid":{"rendered":"https:\/\/skinexperts.lu\/twotec\/"},"modified":"2023-05-16T15:54:01","modified_gmt":"2023-05-16T13:54:01","slug":"twotec","status":"publish","type":"page","link":"https:\/\/skinexperts.lu\/de\/twotec\/","title":{"rendered":"twotec"},"content":{"rendered":"<section class=\"wpb-content-wrapper\"><p>[vc_section full_width=&#8220;stretch_row&#8220; el_id=&#8220;intro&#8220; css=&#8220;.vc_custom_1682424026869{background-image: url(\/wp-content\/uploads\/2023\/04\/Mask-Group-58.jpg?id=311) !important;}&#8220;][vc_row full_width=&#8220;stretch_row_content_no_spaces&#8220;][vc_column][vc_single_image image=&#8220;311&#8243; img_size=&#8220;full&#8220; alignment=&#8220;center&#8220; css=&#8220;.vc_custom_1682424037820{margin-bottom: 0px !important;}&#8220;][\/vc_column][\/vc_row][vc_row el_id=&#8220;intro-content-row&#8220;][vc_column width=&#8220;1\/2&#8243;][vc_column_text]<\/p>\n<h1><strong>twotec\u00ae<\/strong><\/h1>\n<h4>Die gleichzeitige Methode von Ultraschall und Hochspannung erm\u00f6glicht eine Tiefenwirkung mit sofort sichtbaren Ergebnissen.<\/h4>\n<p>[\/vc_column_text][\/vc_column][vc_column width=&#8220;1\/2&#8243;][\/vc_column][\/vc_row][\/vc_section][vc_section][vc_row][vc_column][vc_column_text]<\/p>\n<h2 class=\"heading-small\">Eine Technologie, die neue M\u00f6glichkeiten er\u00f6ffnet.<\/h2>\n<p>twotec\u00ae kombiniert die gleichzeitige Anwendung von <strong>Hochspannungsstromimpulsen <\/strong>und <strong>Ultraschall <\/strong>mit unterschiedlichen Frequenzen. Dieses Verfahren, dessen Wirksamkeit durch zahlreiche Studien belegt ist, erm\u00f6glicht es den Wirkstoffmolek\u00fclen, tief in die verschiedenen Schichten der Epidermis einzudringen. Der Einsatz von twotec\u00ae erh\u00f6ht die Intensit\u00e4t der Behandlung und er\u00f6ffnet neue M\u00f6glichkeiten f\u00fcr kosmetische Behandlungen.[\/vc_column_text][\/vc_column][\/vc_row][vc_row equal_height=&#8220;yes&#8220; el_class=&#8220;tech-box-row&#8220;][vc_column width=&#8220;1\/3&#8243;][vc_column_text css=&#8220;.vc_custom_1682426348458{margin-bottom: 0px !important;}&#8220;]<\/p>\n<h3 class=\"tech-box-heading\">Beitr\u00e4ge des Ultraschalls<\/h3>\n<p>[\/vc_column_text][vc_column_text el_class=&#8220;tech-box-content&#8220;]Aktivierung des Stoffwechsels der Haut<\/p>\n<p>Steigerung der Blutzirkulation<\/p>\n<p>Peeling (Ultradermabrasion)<\/p>\n<p>Sonophorese (erleichtert die Aufnahme von Wirkstoffen in die Haut)[\/vc_column_text][\/vc_column][vc_column width=&#8220;1\/3&#8243;][vc_column_text css=&#8220;.vc_custom_1684245183063{margin-bottom: 0px !important;}&#8220;]<\/p>\n<h3 class=\"tech-box-heading\">Auswirkungen von Hochspannung<\/h3>\n<p>[\/vc_column_text][vc_column_text css=&#8220;.vc_custom_1684245192085{margin-bottom: 0px !important;}&#8220; el_class=&#8220;tech-box-content&#8220;]Stimulierung der Muskeln<\/p>\n<p>Steigerung der Blutzirkulation<\/p>\n<p>Aktivierung des lymphatischen Systems<\/p>\n<p>Straffung des Bindegewebes<\/p>\n<p>Elektroporation (erleichtert die Aufnahme von Wirkstoffen durch die Haut)[\/vc_column_text][\/vc_column][vc_column width=&#8220;1\/3&#8243;][vc_column_text css=&#8220;.vc_custom_1682426361957{margin-bottom: 0px !important;}&#8220;]<\/p>\n<h3 class=\"tech-box-heading\">Anwendungsbereiche<\/h3>\n<p>[\/vc_column_text][vc_column_text el_class=&#8220;tech-box-content&#8220;]Anti-Aging-Pflege<\/p>\n<p>Faltenreduzierung<\/p>\n<p>Reduzierung von Akne<\/p>\n<p>Couperose<\/p>\n<p>Tr\u00e4nens\u00e4cke unter den Augen<\/p>\n<p>Gleichm\u00e4\u00dfigkeit der Pigmentierung[\/vc_column_text][\/vc_column][\/vc_row][\/vc_section][vc_section][vc_row][vc_column][vc_column_text]<\/p>\n<h2 class=\"heading-small\">Sichtbare und lang anhaltende Effekte, ohne Nebenwirkungen oder Hautirritationen.<\/h2>\n<p>[\/vc_column_text][\/vc_column][\/vc_row][vc_row][vc_column width=&#8220;1\/2&#8243;][vc_column_text]Erleben Sie die Spitzentechnologie und genie\u00dfen Sie die Behandlungserfolge, die wir mit twotec\u00ae erzielen.[\/vc_column_text][vc_column_text]Erleben Sie die Spitzentechnologie und genie\u00dfen Sie die Behandlungserfolge, die wir mit twotec\u00ae erzielen. Vereinbaren Sie noch heute einen Termin f\u00fcr ein pers\u00f6nliches Beratungsgespr\u00e4ch.[\/vc_column_text][vc_btn title=&#8220;Termin vereinbaren&#8220; link=&#8220;url:%2Fde%2Ferster-termin%2F|title:Erster%20Termin&#8220; el_class=&#8220;cta-btn&#8220;][\/vc_column][vc_column width=&#8220;1\/4&#8243;][vc_single_image image=&#8220;314&#8243; img_size=&#8220;full&#8220; alignment=&#8220;center&#8220; css=&#8220;.vc_custom_1682424459913{margin-bottom: 0px !important;}&#8220;][\/vc_column][vc_column width=&#8220;1\/4&#8243;][vc_single_image image=&#8220;317&#8243; img_size=&#8220;full&#8220; alignment=&#8220;center&#8220; css=&#8220;.vc_custom_1682424486883{margin-bottom: 0px !important;}&#8220;][\/vc_column][\/vc_row][\/vc_section][vc_section full_width=&#8220;stretch_row&#8220; el_id=&#8220;tech-link-sec&#8220; css=&#8220;.vc_custom_1682424517349{background-color: #718ea5 !important;}&#8220;][vc_row][vc_column][vc_column_text]<\/p>\n<h4 class=\"al-center white top-mar-1 bot-mar-2\">Unsere anderen Technologien<\/h4>\n<p>[\/vc_column_text][\/vc_column][\/vc_row][vc_row el_id=&#8220;tech-link-row&#8220;][vc_column width=&#8220;1\/5&#8243;][vc_hoverbox image=&#8220;302&#8243; primary_title=&#8220;&#8220; hover_title=&#8220;&#8220; shape=&#8220;square&#8220; hover_background_color=&#8220;custom&#8220; hover_custom_background=&#8220;#707070&#8243;]<a class=\"ff-merri-light white\"><span class=\"tech-inner-read-more\">Mehr lesen<\/span><\/a>[\/vc_hoverbox][vc_column_text el_class=&#8220;al-center white tech-bot-link&#8220;]<a href=\"\/de\/onetec\/\">onetec \u00ae<\/a>[\/vc_column_text][\/vc_column][vc_column width=&#8220;1\/5&#8243;][vc_hoverbox image=&#8220;293&#8243; primary_title=&#8220;&#8220; hover_title=&#8220;&#8220; shape=&#8220;square&#8220; hover_background_color=&#8220;custom&#8220; hover_custom_background=&#8220;#707070&#8243;]<a class=\"ff-merri-light white\" href=\"\/de\/fourtec\/\"><span class=\"tech-inner-read-more\">Mehr lesen<\/span><\/a>[\/vc_hoverbox][vc_column_text el_class=&#8220;al-center white tech-bot-link&#8220;]<a href=\"\/de\/fourtec\/\">fourtec \u00ae<\/a>[\/vc_column_text][\/vc_column][vc_column width=&#8220;1\/5&#8243;][vc_hoverbox image=&#8220;290&#8243; primary_title=&#8220;&#8220; hover_title=&#8220;&#8220; shape=&#8220;square&#8220; hover_background_color=&#8220;custom&#8220; hover_custom_background=&#8220;#707070&#8243;]<a class=\"ff-merri-light white\" href=\"\/de\/ellipse-sirius\/\"><span class=\"tech-inner-read-more\">Mehr lesen<\/span><\/a>[\/vc_hoverbox][vc_column_text el_class=&#8220;al-center white tech-bot-link&#8220;]<a href=\"\/de\/ellipse-sirius\/\">Ellipse Sirius \u00ae<\/a>[\/vc_column_text][\/vc_column][vc_column width=&#8220;1\/5&#8243;][vc_hoverbox image=&#8220;296&#8243; primary_title=&#8220;&#8220; hover_title=&#8220;&#8220; shape=&#8220;square&#8220; hover_background_color=&#8220;custom&#8220; hover_custom_background=&#8220;#707070&#8243;]<a class=\"ff-merri-light white\" href=\"\/de\/hydra-face-one\/\"><span class=\"tech-inner-read-more\">Mehr lesen<\/span><\/a>[\/vc_hoverbox][vc_column_text el_class=&#8220;al-center white tech-bot-link&#8220;]<a href=\"\/de\/hydra-face-one\/\">Hydra face one \u00ae<\/a>[\/vc_column_text][\/vc_column][vc_column width=&#8220;1\/5&#8243;][vc_hoverbox image=&#8220;299&#8243; primary_title=&#8220;&#8220; hover_title=&#8220;&#8220; shape=&#8220;square&#8220; hover_background_color=&#8220;custom&#8220; hover_custom_background=&#8220;#707070&#8243;]<a class=\"ff-merri-light white\" href=\"\/de\/micro-needling\/\"><span class=\"tech-inner-read-more\">Mehr lesen<\/span><\/a>[\/vc_hoverbox][vc_column_text el_class=&#8220;al-center white tech-bot-link&#8220;]<a href=\"\/de\/micro-needling\/\">Micro Needling<\/a>[\/vc_column_text][\/vc_column][\/vc_row][\/vc_section]<\/p>\n<\/section>","protected":false},"excerpt":{"rendered":"<p>[vc_section full_width=&#8220;stretch_row&#8220; el_id=&#8220;intro&#8220; css=&#8220;.vc_custom_1682424026869{background-image: url(\/wp-content\/uploads\/2023\/04\/Mask-Group-58.jpg?id=311) !important;}&#8220;][vc_row full_width=&#8220;stretch_row_content_no_spaces&#8220;][vc_column][vc_single_image image=&#8220;311&#8243; img_size=&#8220;full&#8220; alignment=&#8220;center&#8220; css=&#8220;.vc_custom_1682424037820{margin-bottom: 0px !important;}&#8220;][\/vc_column][\/vc_row][vc_row el_id=&#8220;intro-content-row&#8220;][vc_column width=&#8220;1\/2&#8243;][vc_column_text] twotec\u00ae Die gleichzeitige Methode von Ultraschall und Hochspannung erm\u00f6glicht eine Tiefenwirkung<span class=\"excerpt-hellip\"> [\u2026]<\/span><\/p>\n","protected":false},"author":1,"featured_media":0,"parent":0,"menu_order":0,"comment_status":"closed","ping_status":"closed","template":"","meta":{"footnotes":""},"class_list":["post-494","page","type-page","status-publish","hentry"],"yoast_head":"<!-- This site is optimized with the Yoast SEO plugin v20.9 - https:\/\/yoast.com\/wordpress\/plugins\/seo\/ -->\n<title>twotec\u00ae | Skin Experts Luxembourg<\/title>\n<meta name=\"description\" content=\"Die gleichzeitige Methode von Ultraschall und Hochspannung f\u00fchrt zu tiefenwirksamen Effekten mit sofort sichtbaren Ergebnissen.\" \/>\n<meta name=\"robots\" content=\"index, follow, max-snippet:-1, max-image-preview:large, max-video-preview:-1\" \/>\n<link rel=\"canonical\" href=\"https:\/\/skinexperts.lu\/de\/twotec\/\" \/>\n<meta property=\"og:locale\" content=\"de_DE\" \/>\n<meta property=\"og:type\" content=\"article\" \/>\n<meta property=\"og:title\" content=\"twotec\u00ae | Skin Experts Luxembourg\" \/>\n<meta property=\"og:description\" content=\"Die gleichzeitige Methode von Ultraschall und Hochspannung f\u00fchrt zu tiefenwirksamen Effekten mit sofort sichtbaren Ergebnissen.\" \/>\n<meta property=\"og:url\" content=\"https:\/\/skinexperts.lu\/de\/twotec\/\" \/>\n<meta property=\"og:site_name\" content=\"Skin Experts\" \/>\n<meta property=\"article:modified_time\" content=\"2023-05-16T13:54:01+00:00\" \/>\n<meta name=\"twitter:card\" content=\"summary_large_image\" \/>\n<meta name=\"twitter:label1\" content=\"Gesch\u00e4tzte Lesezeit\" \/>\n\t<meta name=\"twitter:data1\" content=\"4\u00a0Minuten\" \/>\n<script type=\"application\/ld+json\" class=\"yoast-schema-graph\">{\"@context\":\"https:\/\/schema.org\",\"@graph\":[{\"@type\":\"WebPage\",\"@id\":\"https:\/\/skinexperts.lu\/de\/twotec\/\",\"url\":\"https:\/\/skinexperts.lu\/de\/twotec\/\",\"name\":\"twotec\u00ae | Skin Experts Luxembourg\",\"isPartOf\":{\"@id\":\"https:\/\/skinexperts.lu\/#website\"},\"datePublished\":\"2023-04-25T12:38:53+00:00\",\"dateModified\":\"2023-05-16T13:54:01+00:00\",\"description\":\"Die gleichzeitige Methode von Ultraschall und Hochspannung f\u00fchrt zu tiefenwirksamen Effekten mit sofort sichtbaren Ergebnissen.\",\"breadcrumb\":{\"@id\":\"https:\/\/skinexperts.lu\/de\/twotec\/#breadcrumb\"},\"inLanguage\":\"de\",\"potentialAction\":[{\"@type\":\"ReadAction\",\"target\":[\"https:\/\/skinexperts.lu\/de\/twotec\/\"]}]},{\"@type\":\"BreadcrumbList\",\"@id\":\"https:\/\/skinexperts.lu\/de\/twotec\/#breadcrumb\",\"itemListElement\":[{\"@type\":\"ListItem\",\"position\":1,\"name\":\"Home\",\"item\":\"https:\/\/skinexperts.lu\/de\/\"},{\"@type\":\"ListItem\",\"position\":2,\"name\":\"twotec\"}]},{\"@type\":\"WebSite\",\"@id\":\"https:\/\/skinexperts.lu\/#website\",\"url\":\"https:\/\/skinexperts.lu\/\",\"name\":\"Skin Experts\",\"description\":\"\",\"inLanguage\":\"de\"}]}<\/script>\n<!-- \/ Yoast SEO plugin. -->","yoast_head_json":{"title":"twotec\u00ae | Skin Experts Luxembourg","description":"Die gleichzeitige Methode von Ultraschall und Hochspannung f\u00fchrt zu tiefenwirksamen Effekten mit sofort sichtbaren Ergebnissen.","robots":{"index":"index","follow":"follow","max-snippet":"max-snippet:-1","max-image-preview":"max-image-preview:large","max-video-preview":"max-video-preview:-1"},"canonical":"https:\/\/skinexperts.lu\/de\/twotec\/","og_locale":"de_DE","og_type":"article","og_title":"twotec\u00ae | Skin Experts Luxembourg","og_description":"Die gleichzeitige Methode von Ultraschall und Hochspannung f\u00fchrt zu tiefenwirksamen Effekten mit sofort sichtbaren Ergebnissen.","og_url":"https:\/\/skinexperts.lu\/de\/twotec\/","og_site_name":"Skin Experts","article_modified_time":"2023-05-16T13:54:01+00:00","twitter_card":"summary_large_image","twitter_misc":{"Gesch\u00e4tzte Lesezeit":"4\u00a0Minuten"},"schema":{"@context":"https:\/\/schema.org","@graph":[{"@type":"WebPage","@id":"https:\/\/skinexperts.lu\/de\/twotec\/","url":"https:\/\/skinexperts.lu\/de\/twotec\/","name":"twotec\u00ae | Skin Experts Luxembourg","isPartOf":{"@id":"https:\/\/skinexperts.lu\/#website"},"datePublished":"2023-04-25T12:38:53+00:00","dateModified":"2023-05-16T13:54:01+00:00","description":"Die gleichzeitige Methode von Ultraschall und Hochspannung f\u00fchrt zu tiefenwirksamen Effekten mit sofort sichtbaren Ergebnissen.","breadcrumb":{"@id":"https:\/\/skinexperts.lu\/de\/twotec\/#breadcrumb"},"inLanguage":"de","potentialAction":[{"@type":"ReadAction","target":["https:\/\/skinexperts.lu\/de\/twotec\/"]}]},{"@type":"BreadcrumbList","@id":"https:\/\/skinexperts.lu\/de\/twotec\/#breadcrumb","itemListElement":[{"@type":"ListItem","position":1,"name":"Home","item":"https:\/\/skinexperts.lu\/de\/"},{"@type":"ListItem","position":2,"name":"twotec"}]},{"@type":"WebSite","@id":"https:\/\/skinexperts.lu\/#website","url":"https:\/\/skinexperts.lu\/","name":"Skin Experts","description":"","inLanguage":"de"}]}},"_links":{"self":[{"href":"https:\/\/skinexperts.lu\/de\/wp-json\/wp\/v2\/pages\/494","targetHints":{"allow":["GET"]}}],"collection":[{"href":"https:\/\/skinexperts.lu\/de\/wp-json\/wp\/v2\/pages"}],"about":[{"href":"https:\/\/skinexperts.lu\/de\/wp-json\/wp\/v2\/types\/page"}],"author":[{"embeddable":true,"href":"https:\/\/skinexperts.lu\/de\/wp-json\/wp\/v2\/users\/1"}],"replies":[{"embeddable":true,"href":"https:\/\/skinexperts.lu\/de\/wp-json\/wp\/v2\/comments?post=494"}],"version-history":[{"count":4,"href":"https:\/\/skinexperts.lu\/de\/wp-json\/wp\/v2\/pages\/494\/revisions"}],"predecessor-version":[{"id":567,"href":"https:\/\/skinexperts.lu\/de\/wp-json\/wp\/v2\/pages\/494\/revisions\/567"}],"wp:attachment":[{"href":"https:\/\/skinexperts.lu\/de\/wp-json\/wp\/v2\/media?parent=494"}],"curies":[{"name":"wp","href":"https:\/\/api.w.org\/{rel}","templated":true}]}}