{"id":503,"date":"2023-04-26T11:54:23","date_gmt":"2023-04-26T09:54:23","guid":{"rendered":"https:\/\/skinexperts.lu\/fourtec\/"},"modified":"2023-05-16T13:24:53","modified_gmt":"2023-05-16T11:24:53","slug":"fourtec","status":"publish","type":"page","link":"https:\/\/skinexperts.lu\/de\/fourtec\/","title":{"rendered":"fourtec"},"content":{"rendered":"<section class=\"wpb-content-wrapper\"><p>[vc_section full_width=&#8220;stretch_row&#8220; el_id=&#8220;intro&#8220; css=&#8220;.vc_custom_1682503397447{background-image: url(\/wp-content\/uploads\/2023\/04\/Mask-Group-68.jpg?id=336) !important;}&#8220;][vc_row full_width=&#8220;stretch_row_content_no_spaces&#8220;][vc_column][vc_single_image image=&#8220;336&#8243; img_size=&#8220;full&#8220; alignment=&#8220;center&#8220; css=&#8220;.vc_custom_1682503387419{margin-bottom: 0px !important;}&#8220;][\/vc_column][\/vc_row][vc_row el_id=&#8220;intro-content-row&#8220;][vc_column width=&#8220;1\/3&#8243;][vc_column_text]<\/p>\n<h1><strong>fourtec\u00ae<\/strong><\/h1>\n<h4>Profitieren Sie von dem Zusammenspiel von vier technologischen Faktoren<\/h4>\n<p>[\/vc_column_text][\/vc_column][vc_column width=&#8220;1\/3&#8243;][\/vc_column][vc_column width=&#8220;1\/3&#8243;][\/vc_column][\/vc_row][\/vc_section][vc_section][vc_row][vc_column][vc_column_text]Die fourtec\u00ae-Technologie kombiniert vier Technologien, um den gr\u00f6\u00dften Erfolg zu gew\u00e4hrleisten.[\/vc_column_text][\/vc_column][\/vc_row][vc_row][vc_column][vc_column_text]<\/p>\n<h2 class=\"heading-small\">Perkutane Durchfluss-Technologie<\/h2>\n<p>Sie hebt die Hydratation der Haut auf ein neues Niveau. Sie regt nicht nur den Lymphfluss an, sondern stimuliert auch die Zellen. Ihre Gesichtsmuskeln werden sanft aktiviert. Dadurch wird der Transfer von Wirkstoffen in die Haut erh\u00f6ht.[\/vc_column_text][\/vc_column][\/vc_row][vc_row equal_height=&#8220;yes&#8220; el_class=&#8220;tech-box-row tech-box-row-0&#8243;][vc_column width=&#8220;1\/2&#8243;][vc_column_text el_class=&#8220;tech-box-content&#8220;]Verbesserung der Penetration von Wirkstoffen<\/p>\n<p>Optimierung der Hautfeuchtigkeit<\/p>\n<p>Stimulierung der zellul\u00e4ren Aktivit\u00e4t[\/vc_column_text][\/vc_column][vc_column width=&#8220;1\/2&#8243;][vc_column_text el_class=&#8220;tech-box-content&#8220;]Stimulation der Gesichtsmuskulatur<\/p>\n<p>Aktivierung der Lymphdrainage[\/vc_column_text][\/vc_column][\/vc_row][\/vc_section][vc_section][vc_row][vc_column][vc_column_text]<\/p>\n<h2 class=\"heading-small\">Der Energieschub von LEDs und Radiofrequenz<\/h2>\n<p>Die Kombination aus LEDs und Radiofrequenz verbessert das Erscheinungsbild Ihrer Haut nachhaltig, stimuliert die Energieproduktion der Hautzellen und aktiviert die Kollagensynthese. So kann Ihre Haut den nat\u00fcrlichen Alterungsprozess bek\u00e4mpfen.[\/vc_column_text][\/vc_column][\/vc_row][vc_row equal_height=&#8220;yes&#8220; el_class=&#8220;tech-box-row tech-box-row-0&#8243;][vc_column width=&#8220;1\/2&#8243;][vc_column_text el_class=&#8220;tech-box-content&#8220;]Anregung der Energieproduktion<\/p>\n<p>Aktivierung der Kollagensynthese<\/p>\n<p>Reaktivierung der Elastinfasern[\/vc_column_text][\/vc_column][vc_column width=&#8220;1\/2&#8243;][vc_column_text el_class=&#8220;tech-box-content&#8220;]Bek\u00e4mpfung der &#8222;entz\u00fcndlichen Alterung&#8220;<\/p>\n<p>Aktivierung des Stoffwechsels[\/vc_column_text][\/vc_column][\/vc_row][\/vc_section][vc_section][vc_row][vc_column][vc_column_text]<\/p>\n<h2 class=\"heading-small\">Radiofrequenz<\/h2>\n<p>Ihre Anwendung steigert die Durchblutung erheblich und aktiviert den Stoffwechsel. Die Gewebestrukturen Ihrer Haut werden gest\u00e4rkt und gestrafft.[\/vc_column_text][\/vc_column][\/vc_row][vc_row equal_height=&#8220;yes&#8220; el_class=&#8220;tech-box-row tech-box-row-1&#8243;][vc_column width=&#8220;1\/2&#8243;][vc_column_text el_class=&#8220;tech-box-content&#8220;]Verbesserung der lokalen Durchblutung<\/p>\n<p>Aktivierung des Stoffwechsels[\/vc_column_text][\/vc_column][vc_column width=&#8220;1\/2&#8243;][vc_column_text el_class=&#8220;tech-box-content&#8220;]Anregung der Kollagensynthese<\/p>\n<p>Steigerung der zellul\u00e4ren Aktivit\u00e4t[\/vc_column_text][\/vc_column][\/vc_row][\/vc_section][vc_section][vc_row][vc_column][vc_column_text]<\/p>\n<h2 class=\"heading-small\">Care-Current-Technology<\/h2>\n<p>fourtec\u00ae wird durch die integrierte <strong>Care-Current-Technologie <\/strong>erg\u00e4nzt. Diese schafft die optimale Basis f\u00fcr die Aktivierung der Zellphysiologie.[\/vc_column_text][\/vc_column][\/vc_row][vc_row equal_height=&#8220;yes&#8220; el_class=&#8220;tech-box-row tech-box-row-0&#8243;][vc_column width=&#8220;1\/2&#8243;][vc_column_text el_class=&#8220;tech-box-content&#8220;]Straffung der Gesichtskonturen<\/p>\n<p>Anregung der Lymphdrainage<\/p>\n<p>Steigerung des Zellstoffwechsels[\/vc_column_text][\/vc_column][vc_column width=&#8220;1\/2&#8243;][vc_column_text el_class=&#8220;tech-box-content&#8220;]Aktivierung der zellul\u00e4ren Physiologie<\/p>\n<p>Verbesserung der Durchblutung[\/vc_column_text][\/vc_column][\/vc_row][vc_row][vc_column][vc_column_text]Mit fourtec\u00ae sind wir in der Lage, uns an Ihren Hauttyp anzupassen, um die gew\u00fcnschten Ergebnisse zu erzielen. Bei einem pers\u00f6nlichen Beratungsgespr\u00e4ch stellen wir Ihnen diese Technik vor und nehmen uns Zeit, Ihre Fragen zu beantworten.[\/vc_column_text][vc_btn title=&#8220;Termin vereinbaren&#8220; link=&#8220;url:%2Fde%2Ferster-termin%2F|title:Erster%20Termin&#8220; el_class=&#8220;cta-btn&#8220;][\/vc_column][\/vc_row][vc_row][vc_column][vc_single_image image=&#8220;340&#8243; img_size=&#8220;full&#8220; alignment=&#8220;center&#8220; css=&#8220;.vc_custom_1682503821204{margin-bottom: 0px !important;}&#8220;][\/vc_column][\/vc_row][\/vc_section][vc_section full_width=&#8220;stretch_row&#8220; el_id=&#8220;tech-link-sec&#8220; css=&#8220;.vc_custom_1682424517349{background-color: #718ea5 !important;}&#8220;][vc_row][vc_column][vc_column_text]<\/p>\n<h4 class=\"al-center white top-mar-1 bot-mar-2\">Unsere anderen Technologien<\/h4>\n<p>[\/vc_column_text][\/vc_column][\/vc_row][vc_row el_id=&#8220;tech-link-row&#8220;][vc_column width=&#8220;1\/5&#8243;][vc_hoverbox image=&#8220;302&#8243; primary_title=&#8220;&#8220; hover_title=&#8220;&#8220; shape=&#8220;square&#8220; hover_background_color=&#8220;custom&#8220; hover_custom_background=&#8220;#707070&#8243;]<a class=\"ff-merri-light white\" href=\"\/de\/onetec\/\"><span class=\"tech-inner-read-more\">Mehr lesen<\/span><\/a>[\/vc_hoverbox][vc_column_text el_class=&#8220;al-center white tech-bot-link&#8220;]<a href=\"\/de\/onetec\/\">onetec \u00ae<\/a>[\/vc_column_text][\/vc_column][vc_column width=&#8220;1\/5&#8243;][vc_hoverbox image=&#8220;308&#8243; primary_title=&#8220;&#8220; hover_title=&#8220;&#8220; shape=&#8220;square&#8220; hover_background_color=&#8220;custom&#8220; hover_custom_background=&#8220;#707070&#8243;]<a class=\"ff-merri-light white\" href=\"\/de\/twotec\/\"><span class=\"tech-inner-read-more\">Mehr lesen<\/span><\/a>[\/vc_hoverbox][vc_column_text el_class=&#8220;al-center white tech-bot-link&#8220;]<a href=\"\/de\/twotec\/\">twotec \u00ae<\/a>[\/vc_column_text][\/vc_column][vc_column width=&#8220;1\/5&#8243;][vc_hoverbox image=&#8220;290&#8243; primary_title=&#8220;&#8220; hover_title=&#8220;&#8220; shape=&#8220;square&#8220; hover_background_color=&#8220;custom&#8220; hover_custom_background=&#8220;#707070&#8243;]<a class=\"ff-merri-light white\" href=\"\/de\/ellipse-sirius\/\"><span class=\"tech-inner-read-more\">Mehr lesen<\/span><\/a>[\/vc_hoverbox][vc_column_text el_class=&#8220;al-center white tech-bot-link&#8220;]<a href=\"\/de\/ellipse-sirius\/\">Ellipse Sirius \u00ae<\/a>[\/vc_column_text][\/vc_column][vc_column width=&#8220;1\/5&#8243;][vc_hoverbox image=&#8220;296&#8243; primary_title=&#8220;&#8220; hover_title=&#8220;&#8220; shape=&#8220;square&#8220; hover_background_color=&#8220;custom&#8220; hover_custom_background=&#8220;#707070&#8243;]<a class=\"ff-merri-light white\" href=\"\/de\/hydra-face-one\/\"><span class=\"tech-inner-read-more\">Mehr lesen<\/span><\/a>[\/vc_hoverbox][vc_column_text el_class=&#8220;al-center white tech-bot-link&#8220;]<a href=\"\/de\/hydra-face-one\/\">Hydra face one \u00ae<\/a>[\/vc_column_text][\/vc_column][vc_column width=&#8220;1\/5&#8243;][vc_hoverbox image=&#8220;299&#8243; primary_title=&#8220;&#8220; hover_title=&#8220;&#8220; shape=&#8220;square&#8220; hover_background_color=&#8220;custom&#8220; hover_custom_background=&#8220;#707070&#8243;]<a class=\"ff-merri-light white\" href=\"\/de\/micro-needling\/\"><span class=\"tech-inner-read-more\">Mehr lesen<\/span><\/a>[\/vc_hoverbox][vc_column_text el_class=&#8220;al-center white tech-bot-link&#8220;]<a href=\"\/de\/micro-needling\/\">Micro Needling<\/a>[\/vc_column_text][\/vc_column][\/vc_row][\/vc_section]<\/p>\n<\/section>","protected":false},"excerpt":{"rendered":"<p>[vc_section full_width=&#8220;stretch_row&#8220; el_id=&#8220;intro&#8220; css=&#8220;.vc_custom_1682503397447{background-image: url(\/wp-content\/uploads\/2023\/04\/Mask-Group-68.jpg?id=336) !important;}&#8220;][vc_row full_width=&#8220;stretch_row_content_no_spaces&#8220;][vc_column][vc_single_image image=&#8220;336&#8243; img_size=&#8220;full&#8220; alignment=&#8220;center&#8220; css=&#8220;.vc_custom_1682503387419{margin-bottom: 0px !important;}&#8220;][\/vc_column][\/vc_row][vc_row el_id=&#8220;intro-content-row&#8220;][vc_column width=&#8220;1\/3&#8243;][vc_column_text] fourtec\u00ae Profitieren Sie von dem Zusammenspiel von vier technologischen Faktoren [\/vc_column_text][\/vc_column][vc_column<span class=\"excerpt-hellip\"> [\u2026]<\/span><\/p>\n","protected":false},"author":1,"featured_media":0,"parent":0,"menu_order":0,"comment_status":"closed","ping_status":"closed","template":"","meta":{"footnotes":""},"class_list":["post-503","page","type-page","status-publish","hentry"],"yoast_head":"<!-- This site is optimized with the Yoast SEO plugin v20.9 - https:\/\/yoast.com\/wordpress\/plugins\/seo\/ -->\n<title>fourtec\u00ae | Skin Experts Luxembourg<\/title>\n<meta name=\"description\" content=\"Mit fourtec\u00ae sind wir in der Lage, uns an Ihren Hauttyp anzupassen, um die gew\u00fcnschten Ergebnisse zu erzielen. Bei einem pers\u00f6nlichen Beratungsgespr\u00e4ch stellen wir Ihnen die Technik vor und nehmen uns Zeit, Ihre Fragen zu beantworten.\" \/>\n<meta name=\"robots\" content=\"index, follow, max-snippet:-1, max-image-preview:large, max-video-preview:-1\" \/>\n<link rel=\"canonical\" href=\"https:\/\/skinexperts.lu\/de\/fourtec\/\" \/>\n<meta property=\"og:locale\" content=\"de_DE\" \/>\n<meta property=\"og:type\" content=\"article\" \/>\n<meta property=\"og:title\" content=\"fourtec\u00ae | Skin Experts Luxembourg\" \/>\n<meta property=\"og:description\" content=\"Mit fourtec\u00ae sind wir in der Lage, uns an Ihren Hauttyp anzupassen, um die gew\u00fcnschten Ergebnisse zu erzielen. Bei einem pers\u00f6nlichen Beratungsgespr\u00e4ch stellen wir Ihnen die Technik vor und nehmen uns Zeit, Ihre Fragen zu beantworten.\" \/>\n<meta property=\"og:url\" content=\"https:\/\/skinexperts.lu\/de\/fourtec\/\" \/>\n<meta property=\"og:site_name\" content=\"Skin Experts\" \/>\n<meta property=\"article:modified_time\" content=\"2023-05-16T11:24:53+00:00\" \/>\n<meta name=\"twitter:card\" content=\"summary_large_image\" \/>\n<meta name=\"twitter:label1\" content=\"Gesch\u00e4tzte Lesezeit\" \/>\n\t<meta name=\"twitter:data1\" content=\"4\u00a0Minuten\" \/>\n<script type=\"application\/ld+json\" class=\"yoast-schema-graph\">{\"@context\":\"https:\/\/schema.org\",\"@graph\":[{\"@type\":\"WebPage\",\"@id\":\"https:\/\/skinexperts.lu\/de\/fourtec\/\",\"url\":\"https:\/\/skinexperts.lu\/de\/fourtec\/\",\"name\":\"fourtec\u00ae | Skin Experts Luxembourg\",\"isPartOf\":{\"@id\":\"https:\/\/skinexperts.lu\/#website\"},\"datePublished\":\"2023-04-26T09:54:23+00:00\",\"dateModified\":\"2023-05-16T11:24:53+00:00\",\"description\":\"Mit fourtec\u00ae sind wir in der Lage, uns an Ihren Hauttyp anzupassen, um die gew\u00fcnschten Ergebnisse zu erzielen. Bei einem pers\u00f6nlichen Beratungsgespr\u00e4ch stellen wir Ihnen die Technik vor und nehmen uns Zeit, Ihre Fragen zu beantworten.\",\"breadcrumb\":{\"@id\":\"https:\/\/skinexperts.lu\/de\/fourtec\/#breadcrumb\"},\"inLanguage\":\"de\",\"potentialAction\":[{\"@type\":\"ReadAction\",\"target\":[\"https:\/\/skinexperts.lu\/de\/fourtec\/\"]}]},{\"@type\":\"BreadcrumbList\",\"@id\":\"https:\/\/skinexperts.lu\/de\/fourtec\/#breadcrumb\",\"itemListElement\":[{\"@type\":\"ListItem\",\"position\":1,\"name\":\"Home\",\"item\":\"https:\/\/skinexperts.lu\/de\/\"},{\"@type\":\"ListItem\",\"position\":2,\"name\":\"fourtec\"}]},{\"@type\":\"WebSite\",\"@id\":\"https:\/\/skinexperts.lu\/#website\",\"url\":\"https:\/\/skinexperts.lu\/\",\"name\":\"Skin Experts\",\"description\":\"\",\"inLanguage\":\"de\"}]}<\/script>\n<!-- \/ Yoast SEO plugin. -->","yoast_head_json":{"title":"fourtec\u00ae | Skin Experts Luxembourg","description":"Mit fourtec\u00ae sind wir in der Lage, uns an Ihren Hauttyp anzupassen, um die gew\u00fcnschten Ergebnisse zu erzielen. Bei einem pers\u00f6nlichen Beratungsgespr\u00e4ch stellen wir Ihnen die Technik vor und nehmen uns Zeit, Ihre Fragen zu beantworten.","robots":{"index":"index","follow":"follow","max-snippet":"max-snippet:-1","max-image-preview":"max-image-preview:large","max-video-preview":"max-video-preview:-1"},"canonical":"https:\/\/skinexperts.lu\/de\/fourtec\/","og_locale":"de_DE","og_type":"article","og_title":"fourtec\u00ae | Skin Experts Luxembourg","og_description":"Mit fourtec\u00ae sind wir in der Lage, uns an Ihren Hauttyp anzupassen, um die gew\u00fcnschten Ergebnisse zu erzielen. Bei einem pers\u00f6nlichen Beratungsgespr\u00e4ch stellen wir Ihnen die Technik vor und nehmen uns Zeit, Ihre Fragen zu beantworten.","og_url":"https:\/\/skinexperts.lu\/de\/fourtec\/","og_site_name":"Skin Experts","article_modified_time":"2023-05-16T11:24:53+00:00","twitter_card":"summary_large_image","twitter_misc":{"Gesch\u00e4tzte Lesezeit":"4\u00a0Minuten"},"schema":{"@context":"https:\/\/schema.org","@graph":[{"@type":"WebPage","@id":"https:\/\/skinexperts.lu\/de\/fourtec\/","url":"https:\/\/skinexperts.lu\/de\/fourtec\/","name":"fourtec\u00ae | Skin Experts Luxembourg","isPartOf":{"@id":"https:\/\/skinexperts.lu\/#website"},"datePublished":"2023-04-26T09:54:23+00:00","dateModified":"2023-05-16T11:24:53+00:00","description":"Mit fourtec\u00ae sind wir in der Lage, uns an Ihren Hauttyp anzupassen, um die gew\u00fcnschten Ergebnisse zu erzielen. Bei einem pers\u00f6nlichen Beratungsgespr\u00e4ch stellen wir Ihnen die Technik vor und nehmen uns Zeit, Ihre Fragen zu beantworten.","breadcrumb":{"@id":"https:\/\/skinexperts.lu\/de\/fourtec\/#breadcrumb"},"inLanguage":"de","potentialAction":[{"@type":"ReadAction","target":["https:\/\/skinexperts.lu\/de\/fourtec\/"]}]},{"@type":"BreadcrumbList","@id":"https:\/\/skinexperts.lu\/de\/fourtec\/#breadcrumb","itemListElement":[{"@type":"ListItem","position":1,"name":"Home","item":"https:\/\/skinexperts.lu\/de\/"},{"@type":"ListItem","position":2,"name":"fourtec"}]},{"@type":"WebSite","@id":"https:\/\/skinexperts.lu\/#website","url":"https:\/\/skinexperts.lu\/","name":"Skin Experts","description":"","inLanguage":"de"}]}},"_links":{"self":[{"href":"https:\/\/skinexperts.lu\/de\/wp-json\/wp\/v2\/pages\/503","targetHints":{"allow":["GET"]}}],"collection":[{"href":"https:\/\/skinexperts.lu\/de\/wp-json\/wp\/v2\/pages"}],"about":[{"href":"https:\/\/skinexperts.lu\/de\/wp-json\/wp\/v2\/types\/page"}],"author":[{"embeddable":true,"href":"https:\/\/skinexperts.lu\/de\/wp-json\/wp\/v2\/users\/1"}],"replies":[{"embeddable":true,"href":"https:\/\/skinexperts.lu\/de\/wp-json\/wp\/v2\/comments?post=503"}],"version-history":[{"count":3,"href":"https:\/\/skinexperts.lu\/de\/wp-json\/wp\/v2\/pages\/503\/revisions"}],"predecessor-version":[{"id":552,"href":"https:\/\/skinexperts.lu\/de\/wp-json\/wp\/v2\/pages\/503\/revisions\/552"}],"wp:attachment":[{"href":"https:\/\/skinexperts.lu\/de\/wp-json\/wp\/v2\/media?parent=503"}],"curies":[{"name":"wp","href":"https:\/\/api.w.org\/{rel}","templated":true}]}}