{"id":512,"date":"2023-04-26T12:22:53","date_gmt":"2023-04-26T10:22:53","guid":{"rendered":"https:\/\/skinexperts.lu\/ellipse-sirius\/"},"modified":"2023-05-16T13:24:42","modified_gmt":"2023-05-16T11:24:42","slug":"ellipse-sirius","status":"publish","type":"page","link":"https:\/\/skinexperts.lu\/de\/ellipse-sirius\/","title":{"rendered":"Ellipse Sirius"},"content":{"rendered":"<section class=\"wpb-content-wrapper\"><p>[vc_section full_width=&#8220;stretch_row&#8220; el_id=&#8220;intro&#8220; css=&#8220;.vc_custom_1682504435595{background-image: url(\/wp-content\/uploads\/2023\/04\/Mask-Group-67.jpg?id=346) !important;}&#8220;][vc_row full_width=&#8220;stretch_row_content_no_spaces&#8220;][vc_column][vc_single_image image=&#8220;346&#8243; img_size=&#8220;full&#8220; alignment=&#8220;center&#8220; css=&#8220;.vc_custom_1682504444645{margin-bottom: 0px !important;}&#8220;][\/vc_column][\/vc_row][vc_row el_id=&#8220;intro-content-row&#8220;][vc_column width=&#8220;1\/3&#8243;][vc_column_text]<\/p>\n<h1><strong>Ellipse Sirius \u2122<\/strong><\/h1>\n<h4>Hochtechnologie, geeignet f\u00fcr die Behandlung vieler Hautkrankheiten.<\/h4>\n<p>[\/vc_column_text][\/vc_column][vc_column width=&#8220;1\/3&#8243;][\/vc_column][vc_column width=&#8220;1\/3&#8243;][\/vc_column][\/vc_row][\/vc_section][vc_section][vc_row][vc_column width=&#8220;1\/2&#8243;][vc_column_text]<\/p>\n<h2 class=\"heading-small\">Klinisch dokumentierte Sicherheit und Wirksamkeit<\/h2>\n<p>\u00dcber zwanzig Jahre nachweislicher Erfolg. Tausende von zufriedenen Kunden. Weltweit anerkannte \u00c4sthetikexperten und Dermatologen vertrauen auf die lichtbasierten Systeme von Ellipse A\/S. Sirius \u2122 ist ein High-Tech-System, das sich f\u00fcr die Behandlung vieler Hautzust\u00e4nde eignet:<\/p>\n<ul class=\"shift-list\">\n<li>Unerw\u00fcnschte Haare;<\/li>\n<li>Rote \u00c4derchen;<\/li>\n<li>Pigmentierungsst\u00f6rungen.<\/li>\n<\/ul>\n<p>Die Behandlungseffekte werden mit einem speziellen computergesteuerten Licht erzielt, das mit einem Applikator direkt auf die Haut gebracht wird.[\/vc_column_text][\/vc_column][vc_column width=&#8220;1\/2&#8243;][vc_single_image image=&#8220;349&#8243; img_size=&#8220;full&#8220; alignment=&#8220;center&#8220; css=&#8220;.vc_custom_1682504553788{margin-bottom: 0px !important;}&#8220;][\/vc_column][\/vc_row][\/vc_section][vc_section][vc_row][vc_column width=&#8220;1\/2&#8243;][vc_column_text]<\/p>\n<h2 class=\"heading-small\">Dauerhafte Haarentfernung<\/h2>\n<p>Ellipse Sirius \u2122, bietet eine <strong>dauerhafte Entfernung von unerw\u00fcnschten Haaren<\/strong>, auch die empfindlichsten Bereiche k\u00f6nnen ohne zu z\u00f6gern behandelt werden. Haare k\u00f6nnen dauerhaft von folgenden Bereichen entfernt werden: <strong>Oberlippe, Kinn, Unterarme, Unterarme, R\u00fccken, Brust, Bauch, Genitalbereich, Unterschenkel<\/strong>, etc.<\/p>\n<p>Computergesteuert erzeugt Ellipse\u2122 einen Lichtimpuls, dessen Wellenl\u00e4nge genau auf die Beschaffenheit der zu behandelnden Haut abgestimmt ist. Das Licht, das auf das Melanin im Haar trifft, wird durch Absorption in W\u00e4rmeenergie umgewandelt, die auf die Zellen des Haarfollikels \u00fcbertragen wird, der dadurch zerst\u00f6rt wird. Die Produktion neuer Haare ist somit nicht mehr m\u00f6glich.<\/p>\n<p>Im Gegensatz zu den meisten anderen Haarentfernungssystemen erfordert Sirius \u2122 keine K\u00fchlung der Haut. Diese einzigartige Filtertechnologie gew\u00e4hrleistet <strong>sichere und sanfte Behandlungen <\/strong>mit maximaler Wirksamkeit an jeder K\u00f6rperstelle.[\/vc_column_text][\/vc_column][vc_column width=&#8220;1\/2&#8243;][vc_single_image image=&#8220;353&#8243; img_size=&#8220;full&#8220; alignment=&#8220;center&#8220; css=&#8220;.vc_custom_1682504624510{margin-bottom: 0px !important;}&#8220;][\/vc_column][\/vc_row][\/vc_section][vc_section][vc_row][vc_column][vc_column_text]<\/p>\n<h2 class=\"heading-small\">Advanced Skin Rejuvenation: Der Hautverj\u00fcnger<\/h2>\n<p>Unsch\u00f6ne Hautprobleme wie Pigmentierung, Altersflecken, diffuse R\u00f6tungen, Rosacea k\u00f6nnen auch mit Ellipse Sirius \u2122 beseitigt werden.<\/p>\n<p>Sirius \u2122 ist ein zertifiziertes Medizinprodukt unter den strengen Vorschriften der ECC Medical Device Directive.[\/vc_column_text][vc_btn title=&#8220;Termin vereinbaren&#8220; link=&#8220;url:%2Fde%2Ferster-termin%2F|title:Erster%20Termin&#8220; el_class=&#8220;cta-btn&#8220;][\/vc_column][\/vc_row][\/vc_section][vc_section full_width=&#8220;stretch_row&#8220; el_id=&#8220;tech-link-sec&#8220; css=&#8220;.vc_custom_1682424517349{background-color: #718ea5 !important;}&#8220;][vc_row][vc_column][vc_column_text]<\/p>\n<h4 class=\"al-center white top-mar-1 bot-mar-2\">Unsere anderen Technologien<\/h4>\n<p>[\/vc_column_text][\/vc_column][\/vc_row][vc_row el_id=&#8220;tech-link-row&#8220;][vc_column width=&#8220;1\/5&#8243;][vc_hoverbox image=&#8220;302&#8243; primary_title=&#8220;&#8220; hover_title=&#8220;&#8220; shape=&#8220;square&#8220; hover_background_color=&#8220;custom&#8220; hover_custom_background=&#8220;#707070&#8243;]<a class=\"ff-merri-light white\" href=\"\/de\/onetec\/\"><span class=\"tech-inner-read-more\">Mehr lesen<\/span><\/a>[\/vc_hoverbox][vc_column_text el_class=&#8220;al-center white tech-bot-link&#8220;]<a href=\"\/de\/onetec\/\">onetec \u00ae<\/a>[\/vc_column_text][\/vc_column][vc_column width=&#8220;1\/5&#8243;][vc_hoverbox image=&#8220;308&#8243; primary_title=&#8220;&#8220; hover_title=&#8220;&#8220; shape=&#8220;square&#8220; hover_background_color=&#8220;custom&#8220; hover_custom_background=&#8220;#707070&#8243;]<a class=\"ff-merri-light white\" href=\"\/de\/twotec\/\"><span class=\"tech-inner-read-more\">Mehr lesen<\/span><\/a>[\/vc_hoverbox][vc_column_text el_class=&#8220;al-center white tech-bot-link&#8220;]<a href=\"\/de\/twotec\/\">twotec \u00ae<\/a>[\/vc_column_text][\/vc_column][vc_column width=&#8220;1\/5&#8243;][vc_hoverbox image=&#8220;293&#8243; primary_title=&#8220;&#8220; hover_title=&#8220;&#8220; shape=&#8220;square&#8220; hover_background_color=&#8220;custom&#8220; hover_custom_background=&#8220;#707070&#8243;]<a class=\"ff-merri-light white\" href=\"\/de\/fourtec\/\"><span class=\"tech-inner-read-more\">Mehr lesen<\/span><\/a>[\/vc_hoverbox][vc_column_text el_class=&#8220;al-center white tech-bot-link&#8220;]<a href=\"\/de\/fourtec\/\">fourtec \u00ae<\/a>[\/vc_column_text][\/vc_column][vc_column width=&#8220;1\/5&#8243;][vc_hoverbox image=&#8220;296&#8243; primary_title=&#8220;&#8220; hover_title=&#8220;&#8220; shape=&#8220;square&#8220; hover_background_color=&#8220;custom&#8220; hover_custom_background=&#8220;#707070&#8243;]<a class=\"ff-merri-light white\" href=\"\/de\/hydra-face-one\/\"><span class=\"tech-inner-read-more\">Mehr lesen<\/span><\/a>[\/vc_hoverbox][vc_column_text el_class=&#8220;al-center white tech-bot-link&#8220;]<a href=\"\/de\/hydra-face-one\/\">Hydra face one \u00ae<\/a>[\/vc_column_text][\/vc_column][vc_column width=&#8220;1\/5&#8243;][vc_hoverbox image=&#8220;299&#8243; primary_title=&#8220;&#8220; hover_title=&#8220;&#8220; shape=&#8220;square&#8220; hover_background_color=&#8220;custom&#8220; hover_custom_background=&#8220;#707070&#8243;]<a class=\"ff-merri-light white\" href=\"\/de\/micro-needling\/\"><span class=\"tech-inner-read-more\">Mehr lesen<\/span><\/a>[\/vc_hoverbox][vc_column_text el_class=&#8220;al-center white tech-bot-link&#8220;]<a href=\"\/de\/micro-needling\/\">Micro Needling<\/a>[\/vc_column_text][\/vc_column][\/vc_row][\/vc_section]<\/p>\n<\/section>","protected":false},"excerpt":{"rendered":"<p>[vc_section full_width=&#8220;stretch_row&#8220; el_id=&#8220;intro&#8220; css=&#8220;.vc_custom_1682504435595{background-image: url(\/wp-content\/uploads\/2023\/04\/Mask-Group-67.jpg?id=346) !important;}&#8220;][vc_row full_width=&#8220;stretch_row_content_no_spaces&#8220;][vc_column][vc_single_image image=&#8220;346&#8243; img_size=&#8220;full&#8220; alignment=&#8220;center&#8220; css=&#8220;.vc_custom_1682504444645{margin-bottom: 0px !important;}&#8220;][\/vc_column][\/vc_row][vc_row el_id=&#8220;intro-content-row&#8220;][vc_column width=&#8220;1\/3&#8243;][vc_column_text] Ellipse Sirius \u2122 Hochtechnologie, geeignet f\u00fcr die Behandlung vieler Hautkrankheiten. [\/vc_column_text][\/vc_column][vc_column<span class=\"excerpt-hellip\"> [\u2026]<\/span><\/p>\n","protected":false},"author":1,"featured_media":0,"parent":0,"menu_order":0,"comment_status":"closed","ping_status":"closed","template":"","meta":{"footnotes":""},"class_list":["post-512","page","type-page","status-publish","hentry"],"yoast_head":"<!-- This site is optimized with the Yoast SEO plugin v20.9 - https:\/\/yoast.com\/wordpress\/plugins\/seo\/ -->\n<title>Ellipse Sirius \u2122 | Skin Experts Luxembourg<\/title>\n<meta name=\"description\" content=\"Hochtechnologie f\u00fcr die Behandlung zahlreicher Hautprobleme: unerw\u00fcnschte Haare, rote \u00c4derchen, Pigmentst\u00f6rungen, dauerhafte Haarentfernung\" \/>\n<meta name=\"robots\" content=\"index, follow, max-snippet:-1, max-image-preview:large, max-video-preview:-1\" \/>\n<link rel=\"canonical\" href=\"https:\/\/skinexperts.lu\/de\/ellipse-sirius\/\" \/>\n<meta property=\"og:locale\" content=\"de_DE\" \/>\n<meta property=\"og:type\" content=\"article\" \/>\n<meta property=\"og:title\" content=\"Ellipse Sirius \u2122 | Skin Experts Luxembourg\" \/>\n<meta property=\"og:description\" content=\"Hochtechnologie f\u00fcr die Behandlung zahlreicher Hautprobleme: unerw\u00fcnschte Haare, rote \u00c4derchen, Pigmentst\u00f6rungen, dauerhafte Haarentfernung\" \/>\n<meta property=\"og:url\" content=\"https:\/\/skinexperts.lu\/de\/ellipse-sirius\/\" \/>\n<meta property=\"og:site_name\" content=\"Skin Experts\" \/>\n<meta property=\"article:modified_time\" content=\"2023-05-16T11:24:42+00:00\" \/>\n<meta name=\"twitter:card\" content=\"summary_large_image\" \/>\n<meta name=\"twitter:label1\" content=\"Gesch\u00e4tzte Lesezeit\" \/>\n\t<meta name=\"twitter:data1\" content=\"3\u00a0Minuten\" \/>\n<script type=\"application\/ld+json\" class=\"yoast-schema-graph\">{\"@context\":\"https:\/\/schema.org\",\"@graph\":[{\"@type\":\"WebPage\",\"@id\":\"https:\/\/skinexperts.lu\/de\/ellipse-sirius\/\",\"url\":\"https:\/\/skinexperts.lu\/de\/ellipse-sirius\/\",\"name\":\"Ellipse Sirius \u2122 | Skin Experts Luxembourg\",\"isPartOf\":{\"@id\":\"https:\/\/skinexperts.lu\/#website\"},\"datePublished\":\"2023-04-26T10:22:53+00:00\",\"dateModified\":\"2023-05-16T11:24:42+00:00\",\"description\":\"Hochtechnologie f\u00fcr die Behandlung zahlreicher Hautprobleme: unerw\u00fcnschte Haare, rote \u00c4derchen, Pigmentst\u00f6rungen, dauerhafte Haarentfernung\",\"breadcrumb\":{\"@id\":\"https:\/\/skinexperts.lu\/de\/ellipse-sirius\/#breadcrumb\"},\"inLanguage\":\"de\",\"potentialAction\":[{\"@type\":\"ReadAction\",\"target\":[\"https:\/\/skinexperts.lu\/de\/ellipse-sirius\/\"]}]},{\"@type\":\"BreadcrumbList\",\"@id\":\"https:\/\/skinexperts.lu\/de\/ellipse-sirius\/#breadcrumb\",\"itemListElement\":[{\"@type\":\"ListItem\",\"position\":1,\"name\":\"Home\",\"item\":\"https:\/\/skinexperts.lu\/de\/\"},{\"@type\":\"ListItem\",\"position\":2,\"name\":\"Ellipse Sirius\"}]},{\"@type\":\"WebSite\",\"@id\":\"https:\/\/skinexperts.lu\/#website\",\"url\":\"https:\/\/skinexperts.lu\/\",\"name\":\"Skin Experts\",\"description\":\"\",\"inLanguage\":\"de\"}]}<\/script>\n<!-- \/ Yoast SEO plugin. -->","yoast_head_json":{"title":"Ellipse Sirius \u2122 | Skin Experts Luxembourg","description":"Hochtechnologie f\u00fcr die Behandlung zahlreicher Hautprobleme: unerw\u00fcnschte Haare, rote \u00c4derchen, Pigmentst\u00f6rungen, dauerhafte Haarentfernung","robots":{"index":"index","follow":"follow","max-snippet":"max-snippet:-1","max-image-preview":"max-image-preview:large","max-video-preview":"max-video-preview:-1"},"canonical":"https:\/\/skinexperts.lu\/de\/ellipse-sirius\/","og_locale":"de_DE","og_type":"article","og_title":"Ellipse Sirius \u2122 | Skin Experts Luxembourg","og_description":"Hochtechnologie f\u00fcr die Behandlung zahlreicher Hautprobleme: unerw\u00fcnschte Haare, rote \u00c4derchen, Pigmentst\u00f6rungen, dauerhafte Haarentfernung","og_url":"https:\/\/skinexperts.lu\/de\/ellipse-sirius\/","og_site_name":"Skin Experts","article_modified_time":"2023-05-16T11:24:42+00:00","twitter_card":"summary_large_image","twitter_misc":{"Gesch\u00e4tzte Lesezeit":"3\u00a0Minuten"},"schema":{"@context":"https:\/\/schema.org","@graph":[{"@type":"WebPage","@id":"https:\/\/skinexperts.lu\/de\/ellipse-sirius\/","url":"https:\/\/skinexperts.lu\/de\/ellipse-sirius\/","name":"Ellipse Sirius \u2122 | Skin Experts Luxembourg","isPartOf":{"@id":"https:\/\/skinexperts.lu\/#website"},"datePublished":"2023-04-26T10:22:53+00:00","dateModified":"2023-05-16T11:24:42+00:00","description":"Hochtechnologie f\u00fcr die Behandlung zahlreicher Hautprobleme: unerw\u00fcnschte Haare, rote \u00c4derchen, Pigmentst\u00f6rungen, dauerhafte Haarentfernung","breadcrumb":{"@id":"https:\/\/skinexperts.lu\/de\/ellipse-sirius\/#breadcrumb"},"inLanguage":"de","potentialAction":[{"@type":"ReadAction","target":["https:\/\/skinexperts.lu\/de\/ellipse-sirius\/"]}]},{"@type":"BreadcrumbList","@id":"https:\/\/skinexperts.lu\/de\/ellipse-sirius\/#breadcrumb","itemListElement":[{"@type":"ListItem","position":1,"name":"Home","item":"https:\/\/skinexperts.lu\/de\/"},{"@type":"ListItem","position":2,"name":"Ellipse Sirius"}]},{"@type":"WebSite","@id":"https:\/\/skinexperts.lu\/#website","url":"https:\/\/skinexperts.lu\/","name":"Skin Experts","description":"","inLanguage":"de"}]}},"_links":{"self":[{"href":"https:\/\/skinexperts.lu\/de\/wp-json\/wp\/v2\/pages\/512","targetHints":{"allow":["GET"]}}],"collection":[{"href":"https:\/\/skinexperts.lu\/de\/wp-json\/wp\/v2\/pages"}],"about":[{"href":"https:\/\/skinexperts.lu\/de\/wp-json\/wp\/v2\/types\/page"}],"author":[{"embeddable":true,"href":"https:\/\/skinexperts.lu\/de\/wp-json\/wp\/v2\/users\/1"}],"replies":[{"embeddable":true,"href":"https:\/\/skinexperts.lu\/de\/wp-json\/wp\/v2\/comments?post=512"}],"version-history":[{"count":3,"href":"https:\/\/skinexperts.lu\/de\/wp-json\/wp\/v2\/pages\/512\/revisions"}],"predecessor-version":[{"id":551,"href":"https:\/\/skinexperts.lu\/de\/wp-json\/wp\/v2\/pages\/512\/revisions\/551"}],"wp:attachment":[{"href":"https:\/\/skinexperts.lu\/de\/wp-json\/wp\/v2\/media?parent=512"}],"curies":[{"name":"wp","href":"https:\/\/api.w.org\/{rel}","templated":true}]}}