{"id":522,"date":"2023-04-26T13:59:47","date_gmt":"2023-04-26T11:59:47","guid":{"rendered":"https:\/\/skinexperts.lu\/hydra-face-one\/"},"modified":"2023-05-16T12:57:42","modified_gmt":"2023-05-16T10:57:42","slug":"hydra-face-one","status":"publish","type":"page","link":"https:\/\/skinexperts.lu\/de\/hydra-face-one\/","title":{"rendered":"Hydra Face One"},"content":{"rendered":"<section class=\"wpb-content-wrapper\"><p>[vc_section full_width=&#8220;stretch_row&#8220; el_id=&#8220;intro&#8220; css=&#8220;.vc_custom_1682510171091{background-image: url(\/wp-content\/uploads\/2023\/04\/hydra-face-one.jpg?id=374) !important;}&#8220;][vc_row full_width=&#8220;stretch_row_content_no_spaces&#8220;][vc_column][vc_single_image image=&#8220;374&#8243; img_size=&#8220;full&#8220; alignment=&#8220;center&#8220; css=&#8220;.vc_custom_1682510181399{margin-bottom: 0px !important;}&#8220;][\/vc_column][\/vc_row][vc_row el_id=&#8220;intro-content-row&#8220;][vc_column width=&#8220;1\/3&#8243;][vc_column_text]<\/p>\n<h1><strong>hydra face one\u00ae<\/strong><\/h1>\n<h4>Erhalten Sie die Gesundheit Ihrer Haut und stellen Sie ihre jugendliche Ausstrahlung wieder her.<\/h4>\n<p>[\/vc_column_text][\/vc_column][vc_column width=&#8220;1\/3&#8243;][\/vc_column][vc_column width=&#8220;1\/3&#8243;][\/vc_column][\/vc_row][\/vc_section][vc_section][vc_row][vc_column width=&#8220;1\/2&#8243;][vc_column_text]<\/p>\n<h2 class=\"heading-small\">Wie funktioniert hydra face one\u00ae?<\/h2>\n<p>Hydra face one ist ein Hautpflegesystem, das auf der Vortex-Technologie basiert. Wie ein Wirbelsturm werden Unreinheiten und Schmutz aus den Poren entfernt. Nachdem die Haut von &#8222;Zellm\u00fcll&#8220; befreit und intensiv gereinigt wurde, erh\u00e4lt sie antioxidative Wirkstoffe, die auf ihr Aussehen abgestimmt sind.[\/vc_column_text][\/vc_column][vc_column width=&#8220;1\/2&#8243;][vc_single_image image=&#8220;377&#8243; img_size=&#8220;full&#8220; alignment=&#8220;center&#8220; css=&#8220;.vc_custom_1682510280169{margin-bottom: 0px !important;}&#8220;][\/vc_column][\/vc_row][vc_row][vc_column][vc_column_text]<\/p>\n<h2 class=\"heading-small\">Was sind die Vorteile von hydra face one\u00ae?<\/h2>\n<p>Schon bei der ersten Anwendung werden Sie eine sichtbare Verfeinerung der Poren sowie eine Reduzierung von Falten und F\u00e4ltchen feststellen. Schon nach wenigen Behandlungen werden Sie feststellen, dass:<\/p>\n<ul>\n<li>die Poren dauerhaft verkleinert werden;<\/li>\n<li>die Elastizit\u00e4t der Haut erh\u00f6ht wird;<\/li>\n<li>Unreinheiten beseitigt werden;<\/li>\n<li>die auf die Bed\u00fcrfnisse der Haut abgestimmten antioxidativen Wirkstoffe sie sch\u00fctzen und n\u00e4hren;<\/li>\n<li>die verschiedenen Hautprobleme verschwinden.<\/li>\n<\/ul>\n<p><strong>Die Behandlung ist v\u00f6llig schmerzfrei und es gibt keine Ausfallzeiten.<\/strong>[\/vc_column_text][vc_btn title=&#8220;Termin vereinbaren&#8220; link=&#8220;url:%2Fde%2Ferster-termin%2F|title:Erster%20Termin&#8220; el_class=&#8220;cta-btn&#8220;][\/vc_column][\/vc_row][\/vc_section][vc_section full_width=&#8220;stretch_row&#8220; el_id=&#8220;tech-link-sec&#8220; css=&#8220;.vc_custom_1682424517349{background-color: #718ea5 !important;}&#8220;][vc_row][vc_column][vc_column_text]<\/p>\n<h4 class=\"al-center white top-mar-1 bot-mar-2\">Unsere anderen Technologien<\/h4>\n<p>[\/vc_column_text][\/vc_column][\/vc_row][vc_row el_id=&#8220;tech-link-row&#8220;][vc_column width=&#8220;1\/5&#8243;][vc_hoverbox image=&#8220;302&#8243; primary_title=&#8220;&#8220; hover_title=&#8220;&#8220; shape=&#8220;square&#8220; hover_background_color=&#8220;custom&#8220; hover_custom_background=&#8220;#707070&#8243;]<a class=\"ff-merri-light white\" href=\"\/de\/onetec\/\"><span class=\"tech-inner-read-more\">Mehr lesen<\/span><\/a>[\/vc_hoverbox][vc_column_text el_class=&#8220;al-center white tech-bot-link&#8220;]<a href=\"\/de\/onetec\/\">onetec \u00ae<\/a>[\/vc_column_text][\/vc_column][vc_column width=&#8220;1\/5&#8243;][vc_hoverbox image=&#8220;308&#8243; primary_title=&#8220;&#8220; hover_title=&#8220;&#8220; shape=&#8220;square&#8220; hover_background_color=&#8220;custom&#8220; hover_custom_background=&#8220;#707070&#8243;]<a class=\"ff-merri-light white\" href=\"\/de\/twotec\/\"><span class=\"tech-inner-read-more\">Mehr lesen<\/span><\/a>[\/vc_hoverbox][vc_column_text el_class=&#8220;al-center white tech-bot-link&#8220;]<a href=\"\/de\/twotec\/\">twotec \u00ae<\/a>[\/vc_column_text][\/vc_column][vc_column width=&#8220;1\/5&#8243;][vc_hoverbox image=&#8220;293&#8243; primary_title=&#8220;&#8220; hover_title=&#8220;&#8220; shape=&#8220;square&#8220; hover_background_color=&#8220;custom&#8220; hover_custom_background=&#8220;#707070&#8243;]<a class=\"ff-merri-light white\" href=\"\/de\/fourtec\/\"><span class=\"tech-inner-read-more\">Mehr lesen<\/span><\/a>[\/vc_hoverbox][vc_column_text el_class=&#8220;al-center white tech-bot-link&#8220;]<a href=\"\/de\/fourtec\/\">fourtec \u00ae<\/a>[\/vc_column_text][\/vc_column][vc_column width=&#8220;1\/5&#8243;][vc_hoverbox image=&#8220;290&#8243; primary_title=&#8220;&#8220; hover_title=&#8220;&#8220; shape=&#8220;square&#8220; hover_background_color=&#8220;custom&#8220; hover_custom_background=&#8220;#707070&#8243;]<a class=\"ff-merri-light white\" href=\"\/de\/ellipse-sirius\/\"><span class=\"tech-inner-read-more\">Mehr lesen<\/span><\/a>[\/vc_hoverbox][vc_column_text el_class=&#8220;al-center white tech-bot-link&#8220;]<a href=\"\/de\/ellipse-sirius\/\">Ellipse Sirius \u00ae<\/a>[\/vc_column_text][\/vc_column][vc_column width=&#8220;1\/5&#8243;][vc_hoverbox image=&#8220;299&#8243; primary_title=&#8220;&#8220; hover_title=&#8220;&#8220; shape=&#8220;square&#8220; hover_background_color=&#8220;custom&#8220; hover_custom_background=&#8220;#707070&#8243;]<a class=\"ff-merri-light white\" href=\"\/de\/micro-needling\/\"><span class=\"tech-inner-read-more\">Mehr lesen<\/span><\/a>[\/vc_hoverbox][vc_column_text el_class=&#8220;al-center white tech-bot-link&#8220;]<a href=\"\/de\/micro-needling\/\">Micro Needling<\/a>[\/vc_column_text][\/vc_column][\/vc_row][\/vc_section]<\/p>\n<\/section>","protected":false},"excerpt":{"rendered":"<p>[vc_section full_width=&#8220;stretch_row&#8220; el_id=&#8220;intro&#8220; css=&#8220;.vc_custom_1682510171091{background-image: url(\/wp-content\/uploads\/2023\/04\/hydra-face-one.jpg?id=374) !important;}&#8220;][vc_row full_width=&#8220;stretch_row_content_no_spaces&#8220;][vc_column][vc_single_image image=&#8220;374&#8243; img_size=&#8220;full&#8220; alignment=&#8220;center&#8220; css=&#8220;.vc_custom_1682510181399{margin-bottom: 0px !important;}&#8220;][\/vc_column][\/vc_row][vc_row el_id=&#8220;intro-content-row&#8220;][vc_column width=&#8220;1\/3&#8243;][vc_column_text] hydra face one\u00ae Erhalten Sie die Gesundheit Ihrer Haut und stellen<span class=\"excerpt-hellip\"> [\u2026]<\/span><\/p>\n","protected":false},"author":1,"featured_media":0,"parent":0,"menu_order":0,"comment_status":"closed","ping_status":"closed","template":"","meta":{"footnotes":""},"class_list":["post-522","page","type-page","status-publish","hentry"],"yoast_head":"<!-- This site is optimized with the Yoast SEO plugin v20.9 - https:\/\/yoast.com\/wordpress\/plugins\/seo\/ -->\n<title>hydra face one\u00ae | Skin Experts Luxembourg<\/title>\n<meta name=\"description\" content=\"Von der ersten Sitzung an werden Sie eine sichtbare Verfeinerung der Poren und eine Reduzierung von Falten und F\u00e4ltchen feststellen. Bewahren Sie die Gesundheit Ihrer Haut und geben Sie ihr ihre jugendliche Ausstrahlung zur\u00fcck.\" \/>\n<meta name=\"robots\" content=\"index, follow, max-snippet:-1, max-image-preview:large, max-video-preview:-1\" \/>\n<link rel=\"canonical\" href=\"https:\/\/skinexperts.lu\/de\/hydra-face-one\/\" \/>\n<meta property=\"og:locale\" content=\"de_DE\" \/>\n<meta property=\"og:type\" content=\"article\" \/>\n<meta property=\"og:title\" content=\"hydra face one\u00ae | Skin Experts Luxembourg\" \/>\n<meta property=\"og:description\" content=\"Von der ersten Sitzung an werden Sie eine sichtbare Verfeinerung der Poren und eine Reduzierung von Falten und F\u00e4ltchen feststellen. Bewahren Sie die Gesundheit Ihrer Haut und geben Sie ihr ihre jugendliche Ausstrahlung zur\u00fcck.\" \/>\n<meta property=\"og:url\" content=\"https:\/\/skinexperts.lu\/de\/hydra-face-one\/\" \/>\n<meta property=\"og:site_name\" content=\"Skin Experts\" \/>\n<meta property=\"article:modified_time\" content=\"2023-05-16T10:57:42+00:00\" \/>\n<meta name=\"twitter:card\" content=\"summary_large_image\" \/>\n<meta name=\"twitter:label1\" content=\"Gesch\u00e4tzte Lesezeit\" \/>\n\t<meta name=\"twitter:data1\" content=\"3\u00a0Minuten\" \/>\n<script type=\"application\/ld+json\" class=\"yoast-schema-graph\">{\"@context\":\"https:\/\/schema.org\",\"@graph\":[{\"@type\":\"WebPage\",\"@id\":\"https:\/\/skinexperts.lu\/de\/hydra-face-one\/\",\"url\":\"https:\/\/skinexperts.lu\/de\/hydra-face-one\/\",\"name\":\"hydra face one\u00ae | Skin Experts Luxembourg\",\"isPartOf\":{\"@id\":\"https:\/\/skinexperts.lu\/#website\"},\"datePublished\":\"2023-04-26T11:59:47+00:00\",\"dateModified\":\"2023-05-16T10:57:42+00:00\",\"description\":\"Von der ersten Sitzung an werden Sie eine sichtbare Verfeinerung der Poren und eine Reduzierung von Falten und F\u00e4ltchen feststellen. Bewahren Sie die Gesundheit Ihrer Haut und geben Sie ihr ihre jugendliche Ausstrahlung zur\u00fcck.\",\"breadcrumb\":{\"@id\":\"https:\/\/skinexperts.lu\/de\/hydra-face-one\/#breadcrumb\"},\"inLanguage\":\"de\",\"potentialAction\":[{\"@type\":\"ReadAction\",\"target\":[\"https:\/\/skinexperts.lu\/de\/hydra-face-one\/\"]}]},{\"@type\":\"BreadcrumbList\",\"@id\":\"https:\/\/skinexperts.lu\/de\/hydra-face-one\/#breadcrumb\",\"itemListElement\":[{\"@type\":\"ListItem\",\"position\":1,\"name\":\"Home\",\"item\":\"https:\/\/skinexperts.lu\/de\/\"},{\"@type\":\"ListItem\",\"position\":2,\"name\":\"Hydra Face One\"}]},{\"@type\":\"WebSite\",\"@id\":\"https:\/\/skinexperts.lu\/#website\",\"url\":\"https:\/\/skinexperts.lu\/\",\"name\":\"Skin Experts\",\"description\":\"\",\"inLanguage\":\"de\"}]}<\/script>\n<!-- \/ Yoast SEO plugin. -->","yoast_head_json":{"title":"hydra face one\u00ae | Skin Experts Luxembourg","description":"Von der ersten Sitzung an werden Sie eine sichtbare Verfeinerung der Poren und eine Reduzierung von Falten und F\u00e4ltchen feststellen. Bewahren Sie die Gesundheit Ihrer Haut und geben Sie ihr ihre jugendliche Ausstrahlung zur\u00fcck.","robots":{"index":"index","follow":"follow","max-snippet":"max-snippet:-1","max-image-preview":"max-image-preview:large","max-video-preview":"max-video-preview:-1"},"canonical":"https:\/\/skinexperts.lu\/de\/hydra-face-one\/","og_locale":"de_DE","og_type":"article","og_title":"hydra face one\u00ae | Skin Experts Luxembourg","og_description":"Von der ersten Sitzung an werden Sie eine sichtbare Verfeinerung der Poren und eine Reduzierung von Falten und F\u00e4ltchen feststellen. Bewahren Sie die Gesundheit Ihrer Haut und geben Sie ihr ihre jugendliche Ausstrahlung zur\u00fcck.","og_url":"https:\/\/skinexperts.lu\/de\/hydra-face-one\/","og_site_name":"Skin Experts","article_modified_time":"2023-05-16T10:57:42+00:00","twitter_card":"summary_large_image","twitter_misc":{"Gesch\u00e4tzte Lesezeit":"3\u00a0Minuten"},"schema":{"@context":"https:\/\/schema.org","@graph":[{"@type":"WebPage","@id":"https:\/\/skinexperts.lu\/de\/hydra-face-one\/","url":"https:\/\/skinexperts.lu\/de\/hydra-face-one\/","name":"hydra face one\u00ae | Skin Experts Luxembourg","isPartOf":{"@id":"https:\/\/skinexperts.lu\/#website"},"datePublished":"2023-04-26T11:59:47+00:00","dateModified":"2023-05-16T10:57:42+00:00","description":"Von der ersten Sitzung an werden Sie eine sichtbare Verfeinerung der Poren und eine Reduzierung von Falten und F\u00e4ltchen feststellen. Bewahren Sie die Gesundheit Ihrer Haut und geben Sie ihr ihre jugendliche Ausstrahlung zur\u00fcck.","breadcrumb":{"@id":"https:\/\/skinexperts.lu\/de\/hydra-face-one\/#breadcrumb"},"inLanguage":"de","potentialAction":[{"@type":"ReadAction","target":["https:\/\/skinexperts.lu\/de\/hydra-face-one\/"]}]},{"@type":"BreadcrumbList","@id":"https:\/\/skinexperts.lu\/de\/hydra-face-one\/#breadcrumb","itemListElement":[{"@type":"ListItem","position":1,"name":"Home","item":"https:\/\/skinexperts.lu\/de\/"},{"@type":"ListItem","position":2,"name":"Hydra Face One"}]},{"@type":"WebSite","@id":"https:\/\/skinexperts.lu\/#website","url":"https:\/\/skinexperts.lu\/","name":"Skin Experts","description":"","inLanguage":"de"}]}},"_links":{"self":[{"href":"https:\/\/skinexperts.lu\/de\/wp-json\/wp\/v2\/pages\/522","targetHints":{"allow":["GET"]}}],"collection":[{"href":"https:\/\/skinexperts.lu\/de\/wp-json\/wp\/v2\/pages"}],"about":[{"href":"https:\/\/skinexperts.lu\/de\/wp-json\/wp\/v2\/types\/page"}],"author":[{"embeddable":true,"href":"https:\/\/skinexperts.lu\/de\/wp-json\/wp\/v2\/users\/1"}],"replies":[{"embeddable":true,"href":"https:\/\/skinexperts.lu\/de\/wp-json\/wp\/v2\/comments?post=522"}],"version-history":[{"count":4,"href":"https:\/\/skinexperts.lu\/de\/wp-json\/wp\/v2\/pages\/522\/revisions"}],"predecessor-version":[{"id":528,"href":"https:\/\/skinexperts.lu\/de\/wp-json\/wp\/v2\/pages\/522\/revisions\/528"}],"wp:attachment":[{"href":"https:\/\/skinexperts.lu\/de\/wp-json\/wp\/v2\/media?parent=522"}],"curies":[{"name":"wp","href":"https:\/\/api.w.org\/{rel}","templated":true}]}}