{"id":536,"date":"2023-04-26T13:54:11","date_gmt":"2023-04-26T11:54:11","guid":{"rendered":"https:\/\/skinexperts.lu\/micro-needling\/"},"modified":"2023-05-16T13:25:04","modified_gmt":"2023-05-16T11:25:04","slug":"micro-needling","status":"publish","type":"page","link":"https:\/\/skinexperts.lu\/de\/micro-needling\/","title":{"rendered":"Micro Needling"},"content":{"rendered":"<section class=\"wpb-content-wrapper\"><p>[vc_section full_width=&#8220;stretch_row&#8220; el_id=&#8220;intro&#8220; css=&#8220;.vc_custom_1682509560955{background-image: url(\/wp-content\/uploads\/2023\/04\/Mask-Group-66-1.jpg?id=360) !important;}&#8220;][vc_row full_width=&#8220;stretch_row_content_no_spaces&#8220;][vc_column][vc_single_image image=&#8220;360&#8243; img_size=&#8220;full&#8220; alignment=&#8220;center&#8220; css=&#8220;.vc_custom_1682509569001{margin-bottom: 0px !important;}&#8220;][\/vc_column][\/vc_row][vc_row el_id=&#8220;intro-content-row&#8220;][vc_column width=&#8220;1\/3&#8243;][vc_column_text]<\/p>\n<h1><strong>Micro Needling<\/strong><\/h1>\n<h4>Das nat\u00fcrliche Facelifting ohne Operation!<\/h4>\n<p>[\/vc_column_text][\/vc_column][vc_column width=&#8220;1\/3&#8243;][\/vc_column][vc_column width=&#8220;1\/3&#8243;][\/vc_column][\/vc_row][\/vc_section][vc_section][vc_row][vc_column width=&#8220;1\/2&#8243;][vc_column_text]Die CNC Micro Needling Behandlung aktiviert die Produktion von Kollagen und Elastin sowie die Sekretion von Hyalurons\u00e4ure. Die Hautstruktur wird durch den nat\u00fcrlichen Heilungs- und Regenerationsprozess gest\u00e4rkt und gefestigt.<\/p>\n<p>Die sensationellen Ergebnisse, die schnell sichtbar und sp\u00fcrbar sind, sprechen f\u00fcr sich. Sie werden begeistert sein!<\/p>\n<p>Die Micro Needling Behandlung bringt folgende Ergebnisse:[\/vc_column_text][\/vc_column][vc_column width=&#8220;1\/2&#8243;][vc_row_inner el_id=&#8220;img-flow-row&#8220;][vc_column_inner width=&#8220;1\/2&#8243;][vc_single_image image=&#8220;363&#8243; img_size=&#8220;full&#8220; alignment=&#8220;center&#8220; css=&#8220;.vc_custom_1682509682552{margin-bottom: 0px !important;}&#8220;][\/vc_column_inner][vc_column_inner width=&#8220;1\/2&#8243;][vc_single_image image=&#8220;366&#8243; img_size=&#8220;full&#8220; alignment=&#8220;center&#8220; css=&#8220;.vc_custom_1682509704532{margin-bottom: 0px !important;}&#8220;][\/vc_column_inner][\/vc_row_inner][\/vc_column][\/vc_row][vc_row][vc_column][vc_column_text]<\/p>\n<ul class=\"split-list\">\n<li>Reduktion von Falten und F\u00e4ltchen;<\/li>\n<li>Verj\u00fcngung der Haut;<\/li>\n<li>Regeneration von verk\u00fcmmerter Haut;<\/li>\n<li>Minimierung von Narben verschiedener Art;<\/li>\n<li>Verringerung von Dehnungsstreifen und Schwangerschaftsnarben;<\/li>\n<li>Aufhellung von Pigmentierungsst\u00f6rungen;<\/li>\n<li>Verkleinerung der Poren und Verfeinerung des Hautbildes.<\/li>\n<\/ul>\n<p>[\/vc_column_text][vc_column_text]Diese nicht-ablative Hautverj\u00fcngungstechnik kann die Haut von Gesicht, Augen, Lippen, Hals, Dekollet\u00e9, K\u00f6rper und H\u00e4nden verbessern und straffen. Auch Narben, Pigmentst\u00f6rungen und Dehnungsstreifen k\u00f6nnen erfolgreich reduziert werden.[\/vc_column_text][vc_btn title=&#8220;Termin vereinbaren&#8220; link=&#8220;url:%2Fde%2Ferster-termin%2F|title:Erster%20Termin&#8220; el_class=&#8220;cta-btn&#8220;][\/vc_column][\/vc_row][\/vc_section][vc_section full_width=&#8220;stretch_row&#8220; el_id=&#8220;tech-link-sec&#8220; css=&#8220;.vc_custom_1682424517349{background-color: #718ea5 !important;}&#8220;][vc_row][vc_column][vc_column_text]<\/p>\n<h4 class=\"al-center white top-mar-1 bot-mar-2\">Unsere anderen Technologien<\/h4>\n<p>[\/vc_column_text][\/vc_column][\/vc_row][vc_row el_id=&#8220;tech-link-row&#8220;][vc_column width=&#8220;1\/5&#8243;][vc_hoverbox image=&#8220;302&#8243; primary_title=&#8220;&#8220; hover_title=&#8220;&#8220; shape=&#8220;square&#8220; hover_background_color=&#8220;custom&#8220; hover_custom_background=&#8220;#707070&#8243;]<a class=\"ff-merri-light white\" href=\"\/de\/onetec\/\"><span class=\"tech-inner-read-more\">Mehr lesen<\/span><\/a>[\/vc_hoverbox][vc_column_text el_class=&#8220;al-center white tech-bot-link&#8220;]<a href=\"https:\/\/skinexperts.lu\/de\/onetec\/\">onetec \u00ae<\/a>[\/vc_column_text][\/vc_column][vc_column width=&#8220;1\/5&#8243;][vc_hoverbox image=&#8220;308&#8243; primary_title=&#8220;&#8220; hover_title=&#8220;&#8220; shape=&#8220;square&#8220; hover_background_color=&#8220;custom&#8220; hover_custom_background=&#8220;#707070&#8243;]<a class=\"ff-merri-light white\" href=\"\/de\/twotec\/\"><span class=\"tech-inner-read-more\">Mehr lesen<\/span><\/a>[\/vc_hoverbox][vc_column_text el_class=&#8220;al-center white tech-bot-link&#8220;]<a href=\"https:\/\/skinexperts.lu\/de\/twotec\/\">twotec \u00ae<\/a>[\/vc_column_text][\/vc_column][vc_column width=&#8220;1\/5&#8243;][vc_hoverbox image=&#8220;293&#8243; primary_title=&#8220;&#8220; hover_title=&#8220;&#8220; shape=&#8220;square&#8220; hover_background_color=&#8220;custom&#8220; hover_custom_background=&#8220;#707070&#8243;]<a class=\"ff-merri-light white\" href=\"\/de\/fourtec\/\"><span class=\"tech-inner-read-more\">Mehr lesen<\/span><\/a>[\/vc_hoverbox][vc_column_text el_class=&#8220;al-center white tech-bot-link&#8220;]<a href=\"\/de\/fourtec\/\">fourtec \u00ae<\/a>[\/vc_column_text][\/vc_column][vc_column width=&#8220;1\/5&#8243;][vc_hoverbox image=&#8220;290&#8243; primary_title=&#8220;&#8220; hover_title=&#8220;&#8220; shape=&#8220;square&#8220; hover_background_color=&#8220;custom&#8220; hover_custom_background=&#8220;#707070&#8243;]<a class=\"ff-merri-light white\" href=\"\/de\/ellipse-sirius\/\"><span class=\"tech-inner-read-more\">Mehr lesen<\/span><\/a>[\/vc_hoverbox][vc_column_text el_class=&#8220;al-center white tech-bot-link&#8220;]<a href=\"\/de\/ellipse-sirius\/\">Ellipse Sirius \u00ae<\/a>[\/vc_column_text][\/vc_column][vc_column width=&#8220;1\/5&#8243;][vc_hoverbox image=&#8220;296&#8243; primary_title=&#8220;&#8220; hover_title=&#8220;&#8220; shape=&#8220;square&#8220; hover_background_color=&#8220;custom&#8220; hover_custom_background=&#8220;#707070&#8243;]<a class=\"ff-merri-light white\" href=\"\/de\/hydra-face-one\/\"><span class=\"tech-inner-read-more\">Mehr lesen<\/span><\/a>[\/vc_hoverbox][vc_column_text el_class=&#8220;al-center white tech-bot-link&#8220;]<a href=\"\/de\/hydra-face-one\/\">Hydra face one \u00ae<\/a>[\/vc_column_text][\/vc_column][\/vc_row][\/vc_section]<\/p>\n<\/section>","protected":false},"excerpt":{"rendered":"<p>[vc_section full_width=&#8220;stretch_row&#8220; el_id=&#8220;intro&#8220; css=&#8220;.vc_custom_1682509560955{background-image: url(\/wp-content\/uploads\/2023\/04\/Mask-Group-66-1.jpg?id=360) !important;}&#8220;][vc_row full_width=&#8220;stretch_row_content_no_spaces&#8220;][vc_column][vc_single_image image=&#8220;360&#8243; img_size=&#8220;full&#8220; alignment=&#8220;center&#8220; css=&#8220;.vc_custom_1682509569001{margin-bottom: 0px !important;}&#8220;][\/vc_column][\/vc_row][vc_row el_id=&#8220;intro-content-row&#8220;][vc_column width=&#8220;1\/3&#8243;][vc_column_text] Micro Needling Das nat\u00fcrliche Facelifting ohne Operation! [\/vc_column_text][\/vc_column][vc_column width=&#8220;1\/3&#8243;][\/vc_column][vc_column width=&#8220;1\/3&#8243;][\/vc_column][\/vc_row][\/vc_section][vc_section][vc_row][vc_column width=&#8220;1\/2&#8243;][vc_column_text]Die<span class=\"excerpt-hellip\"> [\u2026]<\/span><\/p>\n","protected":false},"author":1,"featured_media":0,"parent":0,"menu_order":0,"comment_status":"closed","ping_status":"closed","template":"","meta":{"footnotes":""},"class_list":["post-536","page","type-page","status-publish","hentry"],"yoast_head":"<!-- This site is optimized with the Yoast SEO plugin v20.9 - https:\/\/yoast.com\/wordpress\/plugins\/seo\/ -->\n<title>Micro Needling | Skin Experts Luxembourg<\/title>\n<meta name=\"description\" content=\"Das nat\u00fcrliche Facelifting ohne Operation! Die sensationellen Ergebnisse, schnell sichtbar und sp\u00fcrbar, sprechen f\u00fcr sich. Sie werden begeistert sein! Jetzt einen Termin vereinbaren\" \/>\n<meta name=\"robots\" content=\"index, follow, max-snippet:-1, max-image-preview:large, max-video-preview:-1\" \/>\n<link rel=\"canonical\" href=\"https:\/\/skinexperts.lu\/de\/micro-needling\/\" \/>\n<meta property=\"og:locale\" content=\"de_DE\" \/>\n<meta property=\"og:type\" content=\"article\" \/>\n<meta property=\"og:title\" content=\"Micro Needling | Skin Experts Luxembourg\" \/>\n<meta property=\"og:description\" content=\"Das nat\u00fcrliche Facelifting ohne Operation! Die sensationellen Ergebnisse, schnell sichtbar und sp\u00fcrbar, sprechen f\u00fcr sich. Sie werden begeistert sein! Jetzt einen Termin vereinbaren\" \/>\n<meta property=\"og:url\" content=\"https:\/\/skinexperts.lu\/de\/micro-needling\/\" \/>\n<meta property=\"og:site_name\" content=\"Skin Experts\" \/>\n<meta property=\"article:modified_time\" content=\"2023-05-16T11:25:04+00:00\" \/>\n<meta name=\"twitter:card\" content=\"summary_large_image\" \/>\n<meta name=\"twitter:label1\" content=\"Gesch\u00e4tzte Lesezeit\" \/>\n\t<meta name=\"twitter:data1\" content=\"3\u00a0Minuten\" \/>\n<script type=\"application\/ld+json\" class=\"yoast-schema-graph\">{\"@context\":\"https:\/\/schema.org\",\"@graph\":[{\"@type\":\"WebPage\",\"@id\":\"https:\/\/skinexperts.lu\/de\/micro-needling\/\",\"url\":\"https:\/\/skinexperts.lu\/de\/micro-needling\/\",\"name\":\"Micro Needling | Skin Experts Luxembourg\",\"isPartOf\":{\"@id\":\"https:\/\/skinexperts.lu\/#website\"},\"datePublished\":\"2023-04-26T11:54:11+00:00\",\"dateModified\":\"2023-05-16T11:25:04+00:00\",\"description\":\"Das nat\u00fcrliche Facelifting ohne Operation! Die sensationellen Ergebnisse, schnell sichtbar und sp\u00fcrbar, sprechen f\u00fcr sich. Sie werden begeistert sein! Jetzt einen Termin vereinbaren\",\"breadcrumb\":{\"@id\":\"https:\/\/skinexperts.lu\/de\/micro-needling\/#breadcrumb\"},\"inLanguage\":\"de\",\"potentialAction\":[{\"@type\":\"ReadAction\",\"target\":[\"https:\/\/skinexperts.lu\/de\/micro-needling\/\"]}]},{\"@type\":\"BreadcrumbList\",\"@id\":\"https:\/\/skinexperts.lu\/de\/micro-needling\/#breadcrumb\",\"itemListElement\":[{\"@type\":\"ListItem\",\"position\":1,\"name\":\"Home\",\"item\":\"https:\/\/skinexperts.lu\/de\/\"},{\"@type\":\"ListItem\",\"position\":2,\"name\":\"Micro Needling\"}]},{\"@type\":\"WebSite\",\"@id\":\"https:\/\/skinexperts.lu\/#website\",\"url\":\"https:\/\/skinexperts.lu\/\",\"name\":\"Skin Experts\",\"description\":\"\",\"inLanguage\":\"de\"}]}<\/script>\n<!-- \/ Yoast SEO plugin. -->","yoast_head_json":{"title":"Micro Needling | Skin Experts Luxembourg","description":"Das nat\u00fcrliche Facelifting ohne Operation! Die sensationellen Ergebnisse, schnell sichtbar und sp\u00fcrbar, sprechen f\u00fcr sich. Sie werden begeistert sein! Jetzt einen Termin vereinbaren","robots":{"index":"index","follow":"follow","max-snippet":"max-snippet:-1","max-image-preview":"max-image-preview:large","max-video-preview":"max-video-preview:-1"},"canonical":"https:\/\/skinexperts.lu\/de\/micro-needling\/","og_locale":"de_DE","og_type":"article","og_title":"Micro Needling | Skin Experts Luxembourg","og_description":"Das nat\u00fcrliche Facelifting ohne Operation! Die sensationellen Ergebnisse, schnell sichtbar und sp\u00fcrbar, sprechen f\u00fcr sich. Sie werden begeistert sein! Jetzt einen Termin vereinbaren","og_url":"https:\/\/skinexperts.lu\/de\/micro-needling\/","og_site_name":"Skin Experts","article_modified_time":"2023-05-16T11:25:04+00:00","twitter_card":"summary_large_image","twitter_misc":{"Gesch\u00e4tzte Lesezeit":"3\u00a0Minuten"},"schema":{"@context":"https:\/\/schema.org","@graph":[{"@type":"WebPage","@id":"https:\/\/skinexperts.lu\/de\/micro-needling\/","url":"https:\/\/skinexperts.lu\/de\/micro-needling\/","name":"Micro Needling | Skin Experts Luxembourg","isPartOf":{"@id":"https:\/\/skinexperts.lu\/#website"},"datePublished":"2023-04-26T11:54:11+00:00","dateModified":"2023-05-16T11:25:04+00:00","description":"Das nat\u00fcrliche Facelifting ohne Operation! Die sensationellen Ergebnisse, schnell sichtbar und sp\u00fcrbar, sprechen f\u00fcr sich. Sie werden begeistert sein! Jetzt einen Termin vereinbaren","breadcrumb":{"@id":"https:\/\/skinexperts.lu\/de\/micro-needling\/#breadcrumb"},"inLanguage":"de","potentialAction":[{"@type":"ReadAction","target":["https:\/\/skinexperts.lu\/de\/micro-needling\/"]}]},{"@type":"BreadcrumbList","@id":"https:\/\/skinexperts.lu\/de\/micro-needling\/#breadcrumb","itemListElement":[{"@type":"ListItem","position":1,"name":"Home","item":"https:\/\/skinexperts.lu\/de\/"},{"@type":"ListItem","position":2,"name":"Micro Needling"}]},{"@type":"WebSite","@id":"https:\/\/skinexperts.lu\/#website","url":"https:\/\/skinexperts.lu\/","name":"Skin Experts","description":"","inLanguage":"de"}]}},"_links":{"self":[{"href":"https:\/\/skinexperts.lu\/de\/wp-json\/wp\/v2\/pages\/536","targetHints":{"allow":["GET"]}}],"collection":[{"href":"https:\/\/skinexperts.lu\/de\/wp-json\/wp\/v2\/pages"}],"about":[{"href":"https:\/\/skinexperts.lu\/de\/wp-json\/wp\/v2\/types\/page"}],"author":[{"embeddable":true,"href":"https:\/\/skinexperts.lu\/de\/wp-json\/wp\/v2\/users\/1"}],"replies":[{"embeddable":true,"href":"https:\/\/skinexperts.lu\/de\/wp-json\/wp\/v2\/comments?post=536"}],"version-history":[{"count":3,"href":"https:\/\/skinexperts.lu\/de\/wp-json\/wp\/v2\/pages\/536\/revisions"}],"predecessor-version":[{"id":553,"href":"https:\/\/skinexperts.lu\/de\/wp-json\/wp\/v2\/pages\/536\/revisions\/553"}],"wp:attachment":[{"href":"https:\/\/skinexperts.lu\/de\/wp-json\/wp\/v2\/media?parent=536"}],"curies":[{"name":"wp","href":"https:\/\/api.w.org\/{rel}","templated":true}]}}