{"id":574,"date":"2023-04-27T13:55:55","date_gmt":"2023-04-27T11:55:55","guid":{"rendered":"https:\/\/skinexperts.lu\/anti-aging-treatment\/"},"modified":"2023-05-22T14:23:18","modified_gmt":"2023-05-22T12:23:18","slug":"anti-aging-behandlung","status":"publish","type":"page","link":"https:\/\/skinexperts.lu\/de\/anti-aging-behandlung\/","title":{"rendered":"Anti-Aging-Behandlung"},"content":{"rendered":"<section class=\"wpb-content-wrapper\"><p>[vc_section full_width=&#8220;stretch_row&#8220; el_id=&#8220;intro&#8220; css=&#8220;.vc_custom_1682604682635{background-image: url(\/wp-content\/uploads\/2023\/04\/Mask-Group-71.jpg?id=413) !important;}&#8220;][vc_row full_width=&#8220;stretch_row_content_no_spaces&#8220;][vc_column][vc_single_image image=&#8220;413&#8243; img_size=&#8220;full&#8220; alignment=&#8220;center&#8220; css=&#8220;.vc_custom_1682605156341{margin-bottom: 0px !important;}&#8220; el_class=&#8220;no-space-img&#8220;][\/vc_column][\/vc_row][vc_row el_id=&#8220;intro-content-row&#8220;][vc_column width=&#8220;1\/2&#8243;][vc_column_text]<\/p>\n<h1 class=\"ff-mont\"><strong>Alterung der Haut<\/strong><\/h1>\n<h4 class=\"dark-colored ff-mont\">Ein komplexer Prozess, der sich in den verschiedenen Hautschichten auf unterschiedliche Weise \u00e4u\u00dfert.<\/h4>\n<p>[\/vc_column_text][\/vc_column][vc_column width=&#8220;1\/2&#8243;][\/vc_column][\/vc_row][\/vc_section][vc_section full_width=&#8220;stretch_row&#8220; css=&#8220;.vc_custom_1682604970021{background-color: #c8d2dc !important;}&#8220;][vc_row el_class=&#8220;top-mar-2 bot-mar-1&#8243;][vc_column][vc_column_text]<\/p>\n<h1 class=\"al-center\">Alterung der Haut<\/h1>\n<p>[\/vc_column_text][\/vc_column][\/vc_row][vc_row][vc_column][vc_single_image image=&#8220;419&#8243; img_size=&#8220;full&#8220; alignment=&#8220;center&#8220; css=&#8220;.vc_custom_1682608348005{margin-bottom: 0px !important;}&#8220; el_class=&#8220;float-img float-img-1&#8243;][vc_single_image image=&#8220;416&#8243; img_size=&#8220;full&#8220; alignment=&#8220;center&#8220; css=&#8220;.vc_custom_1682608339380{margin-bottom: 0px !important;}&#8220; el_class=&#8220;float-img float-img-0&#8243;][vc_column_text el_class=&#8220;big&#8220;]Hautalterung ist der fortschreitende und kumulative Verlust bestimmter Eigenschaften der jungen Haut, die f\u00fcr Merkmale wie Festigkeit, Elastizit\u00e4t und Pigmentierung verantwortlich sind. Die entscheidenden Ver\u00e4nderungen finden in der Dermis statt.<\/p>\n<p>80 % der vorzeitigen Hautalterung ist auf die sch\u00e4dliche Wirkung von UV-Strahlen zur\u00fcckzuf\u00fchren. Jedes Mal, wenn die Haut der Sonne ausgesetzt ist, ist sie sch\u00e4dlichen UV-Strahlen ausgesetzt, auch im Winter. Die Folgen sind Br\u00e4unung, Sonnenbrand, unregelm\u00e4\u00dfige Pigmentierung, Hautalterung und im schlimmsten Fall sogar Hautkrebs.<br \/>\nDie Hauptursachen f\u00fcr die Hautalterung sind eine Abnahme von Elastin, Kollagen, Proteinen und Hyaluron. Auch die Menge des Fettgewebes in der Haut nimmt ab, wodurch sie d\u00fcnner, weniger elastisch und anf\u00e4lliger f\u00fcr Risse wird.[\/vc_column_text][\/vc_column][\/vc_row][vc_row][vc_column][vc_btn title=&#8220;Termin vereinbaren&#8220; link=&#8220;url:%2Fde%2Ferster-termin%2F|title:Erster%20Termin&#8220; el_class=&#8220;cta-btn&#8220;][\/vc_column][\/vc_row][\/vc_section][vc_section full_width=&#8220;stretch_row&#8220; el_id=&#8220;service-link-sec&#8220;][vc_row][vc_column][vc_column_text]<\/p>\n<h4 class=\"al-center top-mar-1 bot-mar-2\">Unser Institut ist auch auf die Durchf\u00fchrung der folgenden \u00e4sthetischen Behandlungen spezialisiert:<\/h4>\n<p>[\/vc_column_text][\/vc_column][\/vc_row][vc_row el_id=&#8220;service-link-row&#8220;][vc_column width=&#8220;1\/5&#8243;][vc_hoverbox image=&#8220;396&#8243; primary_title=&#8220;&#8220; hover_title=&#8220;&#8220; shape=&#8220;square&#8220; hover_background_color=&#8220;custom&#8220; hover_custom_background=&#8220;#718ea5&#8243;]<a class=\"ff-merri-light white\" href=\"\/de\/falten\/\"><span class=\"tech-inner-read-more\">Mehr lesen<\/span><\/a>[\/vc_hoverbox][vc_column_text el_class=&#8220;al-center tech-bot-link&#8220;]<a href=\"\/de\/falten\/\">Falten<\/a>[\/vc_column_text][\/vc_column][vc_column width=&#8220;1\/5&#8243;][vc_hoverbox image=&#8220;399&#8243; primary_title=&#8220;&#8220; hover_title=&#8220;&#8220; shape=&#8220;square&#8220; hover_background_color=&#8220;custom&#8220; hover_custom_background=&#8220;#718ea5&#8243;]<a class=\"ff-merri-light white\" href=\"\/de\/reduktion-von-pigmentflecken\/\"><span class=\"tech-inner-read-more\">Mehr lesen<\/span><\/a>[\/vc_hoverbox][vc_column_text el_class=&#8220;al-center tech-bot-link&#8220;]<a href=\"\/de\/reduktion-von-pigmentflecken\/\">Reduktion von Pigmentflecken<\/a>[\/vc_column_text][\/vc_column][vc_column width=&#8220;1\/5&#8243;][vc_hoverbox image=&#8220;402&#8243; primary_title=&#8220;&#8220; hover_title=&#8220;&#8220; shape=&#8220;square&#8220; hover_background_color=&#8220;custom&#8220; hover_custom_background=&#8220;#718ea5&#8243;]<a class=\"ff-merri-light white\" href=\"\/de\/behandlung-von-akne\/\"><span class=\"tech-inner-read-more\">Mehr lesen<\/span><\/a>[\/vc_hoverbox][vc_column_text el_class=&#8220;al-center tech-bot-link&#8220;]<a href=\"\/de\/behandlung-von-akne\/\">Behandlung von Akne<\/a>[\/vc_column_text][\/vc_column][vc_column width=&#8220;1\/5&#8243;][vc_hoverbox image=&#8220;405&#8243; primary_title=&#8220;&#8220; hover_title=&#8220;&#8220; shape=&#8220;square&#8220; hover_background_color=&#8220;custom&#8220; hover_custom_background=&#8220;#718ea5&#8243;]<a class=\"ff-merri-light white\" href=\"\/de\/couperose-und-roetungen\/\"><span class=\"tech-inner-read-more\">Mehr lesen<\/span><\/a>[\/vc_hoverbox][vc_column_text el_class=&#8220;al-center tech-bot-link&#8220;]<a href=\"\/de\/couperose-und-roetungen\/\">Couperose und R\u00f6tungen<\/a>[\/vc_column_text][\/vc_column][vc_column width=&#8220;1\/5&#8243;][vc_hoverbox image=&#8220;408&#8243; primary_title=&#8220;&#8220; hover_title=&#8220;&#8220; shape=&#8220;square&#8220; hover_background_color=&#8220;custom&#8220; hover_custom_background=&#8220;#718ea5&#8243;]<a class=\"ff-merri-light white\" href=\"\/de\/entfernung-von-unerwuenschten-haaren\/\"><span class=\"tech-inner-read-more\">Mehr lesen<\/span><\/a>[\/vc_hoverbox][vc_column_text el_class=&#8220;al-center tech-bot-link&#8220;]<a href=\"\/de\/entfernung-von-unerwuenschten-haaren\/\">Entfernung von unerw\u00fcnschten Haaren<\/a>[\/vc_column_text][\/vc_column][\/vc_row][\/vc_section]<\/p>\n<\/section>","protected":false},"excerpt":{"rendered":"<p>[vc_section full_width=&#8220;stretch_row&#8220; el_id=&#8220;intro&#8220; css=&#8220;.vc_custom_1682604682635{background-image: url(\/wp-content\/uploads\/2023\/04\/Mask-Group-71.jpg?id=413) !important;}&#8220;][vc_row full_width=&#8220;stretch_row_content_no_spaces&#8220;][vc_column][vc_single_image image=&#8220;413&#8243; img_size=&#8220;full&#8220; alignment=&#8220;center&#8220; css=&#8220;.vc_custom_1682605156341{margin-bottom: 0px !important;}&#8220; el_class=&#8220;no-space-img&#8220;][\/vc_column][\/vc_row][vc_row el_id=&#8220;intro-content-row&#8220;][vc_column width=&#8220;1\/2&#8243;][vc_column_text] Alterung der Haut Ein komplexer Prozess, der sich in den<span class=\"excerpt-hellip\"> [\u2026]<\/span><\/p>\n","protected":false},"author":1,"featured_media":0,"parent":0,"menu_order":0,"comment_status":"closed","ping_status":"closed","template":"","meta":{"footnotes":""},"class_list":["post-574","page","type-page","status-publish","hentry"],"yoast_head":"<!-- This site is optimized with the Yoast SEO plugin v20.9 - https:\/\/yoast.com\/wordpress\/plugins\/seo\/ -->\n<title>Anti-Aging und Anti-Aging-Behandlungen in Luxemburg | Skin Experts<\/title>\n<meta name=\"description\" content=\"Wir bieten Ihnen eine Kombination aus Behandlungen, die im Institut mit technologischen Verfahren durchgef\u00fchrt werden, und kosmetischen Produkten, die Sie zu Hause anwenden k\u00f6nnen.\" \/>\n<meta name=\"robots\" content=\"index, follow, max-snippet:-1, max-image-preview:large, max-video-preview:-1\" \/>\n<link rel=\"canonical\" href=\"https:\/\/skinexperts.lu\/de\/anti-aging-behandlung\/\" \/>\n<meta property=\"og:locale\" content=\"de_DE\" \/>\n<meta property=\"og:type\" content=\"article\" \/>\n<meta property=\"og:title\" content=\"Anti-Aging und Anti-Aging-Behandlungen in Luxemburg | Skin Experts\" \/>\n<meta property=\"og:description\" content=\"Wir bieten Ihnen eine Kombination aus Behandlungen, die im Institut mit technologischen Verfahren durchgef\u00fchrt werden, und kosmetischen Produkten, die Sie zu Hause anwenden k\u00f6nnen.\" \/>\n<meta property=\"og:url\" content=\"https:\/\/skinexperts.lu\/de\/anti-aging-behandlung\/\" \/>\n<meta property=\"og:site_name\" content=\"Skin Experts\" \/>\n<meta property=\"article:modified_time\" content=\"2023-05-22T12:23:18+00:00\" \/>\n<meta name=\"twitter:card\" content=\"summary_large_image\" \/>\n<meta name=\"twitter:label1\" content=\"Gesch\u00e4tzte Lesezeit\" \/>\n\t<meta name=\"twitter:data1\" content=\"3\u00a0Minuten\" \/>\n<script type=\"application\/ld+json\" class=\"yoast-schema-graph\">{\"@context\":\"https:\/\/schema.org\",\"@graph\":[{\"@type\":\"WebPage\",\"@id\":\"https:\/\/skinexperts.lu\/de\/anti-aging-behandlung\/\",\"url\":\"https:\/\/skinexperts.lu\/de\/anti-aging-behandlung\/\",\"name\":\"Anti-Aging und Anti-Aging-Behandlungen in Luxemburg | Skin Experts\",\"isPartOf\":{\"@id\":\"https:\/\/skinexperts.lu\/#website\"},\"datePublished\":\"2023-04-27T11:55:55+00:00\",\"dateModified\":\"2023-05-22T12:23:18+00:00\",\"description\":\"Wir bieten Ihnen eine Kombination aus Behandlungen, die im Institut mit technologischen Verfahren durchgef\u00fchrt werden, und kosmetischen Produkten, die Sie zu Hause anwenden k\u00f6nnen.\",\"breadcrumb\":{\"@id\":\"https:\/\/skinexperts.lu\/de\/anti-aging-behandlung\/#breadcrumb\"},\"inLanguage\":\"de\",\"potentialAction\":[{\"@type\":\"ReadAction\",\"target\":[\"https:\/\/skinexperts.lu\/de\/anti-aging-behandlung\/\"]}]},{\"@type\":\"BreadcrumbList\",\"@id\":\"https:\/\/skinexperts.lu\/de\/anti-aging-behandlung\/#breadcrumb\",\"itemListElement\":[{\"@type\":\"ListItem\",\"position\":1,\"name\":\"Home\",\"item\":\"https:\/\/skinexperts.lu\/de\/\"},{\"@type\":\"ListItem\",\"position\":2,\"name\":\"Anti-Aging-Behandlung\"}]},{\"@type\":\"WebSite\",\"@id\":\"https:\/\/skinexperts.lu\/#website\",\"url\":\"https:\/\/skinexperts.lu\/\",\"name\":\"Skin Experts\",\"description\":\"\",\"inLanguage\":\"de\"}]}<\/script>\n<!-- \/ Yoast SEO plugin. -->","yoast_head_json":{"title":"Anti-Aging und Anti-Aging-Behandlungen in Luxemburg | Skin Experts","description":"Wir bieten Ihnen eine Kombination aus Behandlungen, die im Institut mit technologischen Verfahren durchgef\u00fchrt werden, und kosmetischen Produkten, die Sie zu Hause anwenden k\u00f6nnen.","robots":{"index":"index","follow":"follow","max-snippet":"max-snippet:-1","max-image-preview":"max-image-preview:large","max-video-preview":"max-video-preview:-1"},"canonical":"https:\/\/skinexperts.lu\/de\/anti-aging-behandlung\/","og_locale":"de_DE","og_type":"article","og_title":"Anti-Aging und Anti-Aging-Behandlungen in Luxemburg | Skin Experts","og_description":"Wir bieten Ihnen eine Kombination aus Behandlungen, die im Institut mit technologischen Verfahren durchgef\u00fchrt werden, und kosmetischen Produkten, die Sie zu Hause anwenden k\u00f6nnen.","og_url":"https:\/\/skinexperts.lu\/de\/anti-aging-behandlung\/","og_site_name":"Skin Experts","article_modified_time":"2023-05-22T12:23:18+00:00","twitter_card":"summary_large_image","twitter_misc":{"Gesch\u00e4tzte Lesezeit":"3\u00a0Minuten"},"schema":{"@context":"https:\/\/schema.org","@graph":[{"@type":"WebPage","@id":"https:\/\/skinexperts.lu\/de\/anti-aging-behandlung\/","url":"https:\/\/skinexperts.lu\/de\/anti-aging-behandlung\/","name":"Anti-Aging und Anti-Aging-Behandlungen in Luxemburg | Skin Experts","isPartOf":{"@id":"https:\/\/skinexperts.lu\/#website"},"datePublished":"2023-04-27T11:55:55+00:00","dateModified":"2023-05-22T12:23:18+00:00","description":"Wir bieten Ihnen eine Kombination aus Behandlungen, die im Institut mit technologischen Verfahren durchgef\u00fchrt werden, und kosmetischen Produkten, die Sie zu Hause anwenden k\u00f6nnen.","breadcrumb":{"@id":"https:\/\/skinexperts.lu\/de\/anti-aging-behandlung\/#breadcrumb"},"inLanguage":"de","potentialAction":[{"@type":"ReadAction","target":["https:\/\/skinexperts.lu\/de\/anti-aging-behandlung\/"]}]},{"@type":"BreadcrumbList","@id":"https:\/\/skinexperts.lu\/de\/anti-aging-behandlung\/#breadcrumb","itemListElement":[{"@type":"ListItem","position":1,"name":"Home","item":"https:\/\/skinexperts.lu\/de\/"},{"@type":"ListItem","position":2,"name":"Anti-Aging-Behandlung"}]},{"@type":"WebSite","@id":"https:\/\/skinexperts.lu\/#website","url":"https:\/\/skinexperts.lu\/","name":"Skin Experts","description":"","inLanguage":"de"}]}},"_links":{"self":[{"href":"https:\/\/skinexperts.lu\/de\/wp-json\/wp\/v2\/pages\/574","targetHints":{"allow":["GET"]}}],"collection":[{"href":"https:\/\/skinexperts.lu\/de\/wp-json\/wp\/v2\/pages"}],"about":[{"href":"https:\/\/skinexperts.lu\/de\/wp-json\/wp\/v2\/types\/page"}],"author":[{"embeddable":true,"href":"https:\/\/skinexperts.lu\/de\/wp-json\/wp\/v2\/users\/1"}],"replies":[{"embeddable":true,"href":"https:\/\/skinexperts.lu\/de\/wp-json\/wp\/v2\/comments?post=574"}],"version-history":[{"count":3,"href":"https:\/\/skinexperts.lu\/de\/wp-json\/wp\/v2\/pages\/574\/revisions"}],"predecessor-version":[{"id":623,"href":"https:\/\/skinexperts.lu\/de\/wp-json\/wp\/v2\/pages\/574\/revisions\/623"}],"wp:attachment":[{"href":"https:\/\/skinexperts.lu\/de\/wp-json\/wp\/v2\/media?parent=574"}],"curies":[{"name":"wp","href":"https:\/\/api.w.org\/{rel}","templated":true}]}}