{"id":584,"date":"2023-04-27T13:56:22","date_gmt":"2023-04-27T11:56:22","guid":{"rendered":"https:\/\/skinexperts.lu\/wrinkles\/"},"modified":"2023-05-22T14:23:57","modified_gmt":"2023-05-22T12:23:57","slug":"falten","status":"publish","type":"page","link":"https:\/\/skinexperts.lu\/de\/falten\/","title":{"rendered":"Falten"},"content":{"rendered":"<section class=\"wpb-content-wrapper\"><p>[vc_section full_width=&#8220;stretch_row&#8220; el_id=&#8220;intro&#8220; css=&#8220;.vc_custom_1682604682635{background-image: url(\/wp-content\/uploads\/2023\/04\/Mask-Group-71.jpg?id=413) !important;}&#8220;][vc_row full_width=&#8220;stretch_row_content_no_spaces&#8220;][vc_column][vc_single_image image=&#8220;413&#8243; img_size=&#8220;full&#8220; alignment=&#8220;center&#8220; css=&#8220;.vc_custom_1682605156341{margin-bottom: 0px !important;}&#8220; el_class=&#8220;no-space-img&#8220;][\/vc_column][\/vc_row][vc_row el_id=&#8220;intro-content-row&#8220;][vc_column width=&#8220;1\/2&#8243;][vc_column_text]<\/p>\n<h1 class=\"ff-mont\"><strong>Pr\u00e4vention und Behandlung der Hautalterung<\/strong><\/h1>\n<h4 class=\"dark-colored ff-mont\">Die Hautalterung beginnt im Alter von etwa 25 Jahren.<\/h4>\n<p>[\/vc_column_text][\/vc_column][vc_column width=&#8220;1\/2&#8243;][\/vc_column][\/vc_row][\/vc_section][vc_section full_width=&#8220;stretch_row&#8220; css=&#8220;.vc_custom_1682604970021{background-color: #c8d2dc !important;}&#8220;][vc_row el_class=&#8220;top-mar-2 bot-mar-1&#8243;][vc_column][vc_column_text]<\/p>\n<h1 class=\"al-center\">Unser Ansatz zur Hautalterung<\/h1>\n<p>[\/vc_column_text][\/vc_column][\/vc_row][vc_row][vc_column width=&#8220;1\/2&#8243;][vc_column_text el_class=&#8220;big&#8220;]Wie bei jeder Art von Hautpflege, die wir in unserem Institut anbieten, f\u00fchren wir bei unserem ersten Termin eine vollst\u00e4ndige digitale Diagnose Ihrer Haut durch. Je nach den erzielten Ergebnissen empfehlen wir Ihnen Behandlungen, die im Institut durchgef\u00fchrt werden, und Kosmetika, die Sie zu Hause verwenden k\u00f6nnen.[\/vc_column_text][\/vc_column][vc_column width=&#8220;1\/2&#8243;][vc_row_inner][vc_column_inner width=&#8220;1\/2&#8243;][vc_single_image image=&#8220;425&#8243; img_size=&#8220;full&#8220; alignment=&#8220;center&#8220; css=&#8220;.vc_custom_1682605948354{margin-bottom: 0px !important;}&#8220;][\/vc_column_inner][vc_column_inner width=&#8220;1\/2&#8243;][vc_single_image image=&#8220;428&#8243; img_size=&#8220;full&#8220; alignment=&#8220;center&#8220; css=&#8220;.vc_custom_1682605964427{margin-bottom: 0px !important;}&#8220;][\/vc_column_inner][\/vc_row_inner][\/vc_column][\/vc_row][vc_row][vc_column][vc_column_text]<\/p>\n<h2>Die verschiedenen Arten von Falten.<\/h2>\n<p>Die Behandlung, die wir Ihnen empfehlen, h\u00e4ngt auch von der Art und Intensit\u00e4t Ihrer Falten ab.[\/vc_column_text][\/vc_column][\/vc_row][vc_row el_class=&#8220;shift-list top-mar-1 bot-mar-1&#8243;][vc_column][vc_column_text]<\/p>\n<h4>Mimikfalten<\/h4>\n<p>[\/vc_column_text][vc_column_text]Dies sind dynamische Falten. Sie k\u00f6nnen an verschiedenen Stellen des Gesichts auftreten und werden mit zunehmendem Alter immer ausgepr\u00e4gter. [\/vc_column_text][vc_column_text]Die bekanntesten sind: Zornesfalten, Stirnfalten und Kr\u00e4henf\u00fc\u00dfe, Lippenfalten.[\/vc_column_text][\/vc_column][\/vc_row][vc_row el_class=&#8220;shift-list top-mar-1 bot-mar-1&#8243;][vc_column][vc_column_text]<\/p>\n<h4>Statische Falten<\/h4>\n<p>[\/vc_column_text][vc_column_text]Es handelt sich um Furchen, die sich ohne muskul\u00e4ren Eingriff bilden und dauerhaft sichtbar sind. Sie sind auf die Erdanziehung und die Ausd\u00fcnnung des Gewebes, insbesondere in der mittleren Gesichtsh\u00e4lfte, zur\u00fcckzuf\u00fchren. Im Laufe der Jahre treten immer wieder kleine sichtbare Ver\u00e4nderungen auf, bis sich tiefe Furchen bilden. [\/vc_column_text][vc_column_text]Dazu geh\u00f6ren Nasolabialfalten, Marionettenfalten und Bindegewebsfalten.[\/vc_column_text][\/vc_column][\/vc_row][vc_row el_class=&#8220;shift-list top-mar-1 bot-mar-1&#8243;][vc_column][vc_column_text]<\/p>\n<h4>Aktinische Falten<\/h4>\n<p>[\/vc_column_text][vc_column_text]Aktinische Falten werden durch Umwelteinfl\u00fcsse, insbesondere UV-Strahlen, verursacht. Wenn die Haut nicht vor \u00fcberm\u00e4\u00dfiger UV-Strahlung gesch\u00fctzt ist, altert sie viel schneller. Es entstehen zun\u00e4chst kleine Falten, die sich bei anhaltender Exposition vertiefen k\u00f6nnen. [\/vc_column_text][vc_column_text]Dazu geh\u00f6ren Wangenfalten oder feine Linien und Austrocknungsfalten, die meist sehr fein an Lippen, Augen, Hals, Dekollet\u00e9 und H\u00e4nden sind.[\/vc_column_text][\/vc_column][\/vc_row][vc_row][vc_column][vc_btn title=&#8220;Termin vereinbaren&#8220; link=&#8220;url:%2Fde%2Ferster-termin%2F|title:Erster%20Termin&#8220; el_class=&#8220;cta-btn&#8220;][\/vc_column][\/vc_row][\/vc_section][vc_section full_width=&#8220;stretch_row&#8220; el_id=&#8220;service-link-sec&#8220;][vc_row][vc_column][vc_column_text]<\/p>\n<h4 class=\"al-center top-mar-1 bot-mar-2\">Unser Institut ist auch auf die Durchf\u00fchrung der folgenden \u00e4sthetischen Behandlungen spezialisiert:<\/h4>\n<p>[\/vc_column_text][\/vc_column][\/vc_row][vc_row el_id=&#8220;service-link-row&#8220;][vc_column width=&#8220;1\/5&#8243;][vc_hoverbox image=&#8220;393&#8243; primary_title=&#8220;&#8220; hover_title=&#8220;&#8220; shape=&#8220;square&#8220; hover_background_color=&#8220;custom&#8220; hover_custom_background=&#8220;#718ea5&#8243;]<a class=\"ff-merri-light white\" href=\"\/de\/anti-aging-behandlung\/\"><span class=\"tech-inner-read-more\">Mehr lesen<\/span><\/a>[\/vc_hoverbox][vc_column_text el_class=&#8220;al-center tech-bot-link&#8220;]<a href=\"\/de\/anti-aging-behandlung\/\">Anti-Aging-Behandlung<\/a>[\/vc_column_text][\/vc_column][vc_column width=&#8220;1\/5&#8243;][vc_hoverbox image=&#8220;399&#8243; primary_title=&#8220;&#8220; hover_title=&#8220;&#8220; shape=&#8220;square&#8220; hover_background_color=&#8220;custom&#8220; hover_custom_background=&#8220;#718ea5&#8243;]<a class=\"ff-merri-light white\" href=\"\/de\/reduktion-von-pigmentflecken\/\"><span class=\"tech-inner-read-more\">Mehr lesen<\/span><\/a>[\/vc_hoverbox][vc_column_text el_class=&#8220;al-center tech-bot-link&#8220;]<a href=\"\/de\/reduktion-von-pigmentflecken\/\">Reduktion von Pigmentflecken<\/a>[\/vc_column_text][\/vc_column][vc_column width=&#8220;1\/5&#8243;][vc_hoverbox image=&#8220;402&#8243; primary_title=&#8220;&#8220; hover_title=&#8220;&#8220; shape=&#8220;square&#8220; hover_background_color=&#8220;custom&#8220; hover_custom_background=&#8220;#718ea5&#8243;]<a class=\"ff-merri-light white\" href=\"\/de\/behandlung-von-akne\/\"><span class=\"tech-inner-read-more\">Mehr lesen<\/span><\/a>[\/vc_hoverbox][vc_column_text el_class=&#8220;al-center tech-bot-link&#8220;]<a href=\"\/de\/behandlung-von-akne\/\">Behandlung von Akne<\/a>[\/vc_column_text][\/vc_column][vc_column width=&#8220;1\/5&#8243;][vc_hoverbox image=&#8220;405&#8243; primary_title=&#8220;&#8220; hover_title=&#8220;&#8220; shape=&#8220;square&#8220; hover_background_color=&#8220;custom&#8220; hover_custom_background=&#8220;#718ea5&#8243;]<a class=\"ff-merri-light white\" href=\"\/de\/couperose-und-roetungen\/\"><span class=\"tech-inner-read-more\">Mehr lesen<\/span><\/a>[\/vc_hoverbox][vc_column_text el_class=&#8220;al-center tech-bot-link&#8220;]<a href=\"\/de\/couperose-und-roetungen\/\">Couperose und R\u00f6tungen<\/a>[\/vc_column_text][\/vc_column][vc_column width=&#8220;1\/5&#8243;][vc_hoverbox image=&#8220;408&#8243; primary_title=&#8220;&#8220; hover_title=&#8220;&#8220; shape=&#8220;square&#8220; hover_background_color=&#8220;custom&#8220; hover_custom_background=&#8220;#718ea5&#8243;]<a class=\"ff-merri-light white\" href=\"\/de\/entfernung-von-unerwuenschten-haaren\/\"><span class=\"tech-inner-read-more\">Mehr lesen<\/span><\/a>[\/vc_hoverbox][vc_column_text el_class=&#8220;al-center tech-bot-link&#8220;]<a href=\"\/de\/entfernung-von-unerwuenschten-haaren\/\">Entfernung von unerw\u00fcnschten Haaren<\/a>[\/vc_column_text][\/vc_column][\/vc_row][\/vc_section]<\/p>\n<\/section>","protected":false},"excerpt":{"rendered":"<p>[vc_section full_width=&#8220;stretch_row&#8220; el_id=&#8220;intro&#8220; css=&#8220;.vc_custom_1682604682635{background-image: url(\/wp-content\/uploads\/2023\/04\/Mask-Group-71.jpg?id=413) !important;}&#8220;][vc_row full_width=&#8220;stretch_row_content_no_spaces&#8220;][vc_column][vc_single_image image=&#8220;413&#8243; img_size=&#8220;full&#8220; alignment=&#8220;center&#8220; css=&#8220;.vc_custom_1682605156341{margin-bottom: 0px !important;}&#8220; el_class=&#8220;no-space-img&#8220;][\/vc_column][\/vc_row][vc_row el_id=&#8220;intro-content-row&#8220;][vc_column width=&#8220;1\/2&#8243;][vc_column_text] Pr\u00e4vention und Behandlung der Hautalterung Die Hautalterung beginnt im Alter<span class=\"excerpt-hellip\"> [\u2026]<\/span><\/p>\n","protected":false},"author":1,"featured_media":0,"parent":0,"menu_order":0,"comment_status":"closed","ping_status":"closed","template":"","meta":{"footnotes":""},"class_list":["post-584","page","type-page","status-publish","hentry"],"yoast_head":"<!-- This site is optimized with the Yoast SEO plugin v20.9 - https:\/\/yoast.com\/wordpress\/plugins\/seo\/ -->\n<title>Pr\u00e4vention und Behandlung von Falten und F\u00e4ltchen | Skin Experts Luxembourg<\/title>\n<meta name=\"description\" content=\"Die Hautalterung beginnt um das 25. Lebensjahr, weshalb die von uns empfohlene Behandlung von der Art und Intensit\u00e4t Ihrer Falten abh\u00e4ngt.\" \/>\n<meta name=\"robots\" content=\"index, follow, max-snippet:-1, max-image-preview:large, max-video-preview:-1\" \/>\n<link rel=\"canonical\" href=\"https:\/\/skinexperts.lu\/de\/falten\/\" \/>\n<meta property=\"og:locale\" content=\"de_DE\" \/>\n<meta property=\"og:type\" content=\"article\" \/>\n<meta property=\"og:title\" content=\"Pr\u00e4vention und Behandlung von Falten und F\u00e4ltchen | Skin Experts Luxembourg\" \/>\n<meta property=\"og:description\" content=\"Die Hautalterung beginnt um das 25. Lebensjahr, weshalb die von uns empfohlene Behandlung von der Art und Intensit\u00e4t Ihrer Falten abh\u00e4ngt.\" \/>\n<meta property=\"og:url\" content=\"https:\/\/skinexperts.lu\/de\/falten\/\" \/>\n<meta property=\"og:site_name\" content=\"Skin Experts\" \/>\n<meta property=\"article:modified_time\" content=\"2023-05-22T12:23:57+00:00\" \/>\n<meta name=\"twitter:card\" content=\"summary_large_image\" \/>\n<meta name=\"twitter:label1\" content=\"Gesch\u00e4tzte Lesezeit\" \/>\n\t<meta name=\"twitter:data1\" content=\"4\u00a0Minuten\" \/>\n<script type=\"application\/ld+json\" class=\"yoast-schema-graph\">{\"@context\":\"https:\/\/schema.org\",\"@graph\":[{\"@type\":\"WebPage\",\"@id\":\"https:\/\/skinexperts.lu\/de\/falten\/\",\"url\":\"https:\/\/skinexperts.lu\/de\/falten\/\",\"name\":\"Pr\u00e4vention und Behandlung von Falten und F\u00e4ltchen | Skin Experts Luxembourg\",\"isPartOf\":{\"@id\":\"https:\/\/skinexperts.lu\/#website\"},\"datePublished\":\"2023-04-27T11:56:22+00:00\",\"dateModified\":\"2023-05-22T12:23:57+00:00\",\"description\":\"Die Hautalterung beginnt um das 25. Lebensjahr, weshalb die von uns empfohlene Behandlung von der Art und Intensit\u00e4t Ihrer Falten abh\u00e4ngt.\",\"breadcrumb\":{\"@id\":\"https:\/\/skinexperts.lu\/de\/falten\/#breadcrumb\"},\"inLanguage\":\"de\",\"potentialAction\":[{\"@type\":\"ReadAction\",\"target\":[\"https:\/\/skinexperts.lu\/de\/falten\/\"]}]},{\"@type\":\"BreadcrumbList\",\"@id\":\"https:\/\/skinexperts.lu\/de\/falten\/#breadcrumb\",\"itemListElement\":[{\"@type\":\"ListItem\",\"position\":1,\"name\":\"Home\",\"item\":\"https:\/\/skinexperts.lu\/de\/\"},{\"@type\":\"ListItem\",\"position\":2,\"name\":\"Falten\"}]},{\"@type\":\"WebSite\",\"@id\":\"https:\/\/skinexperts.lu\/#website\",\"url\":\"https:\/\/skinexperts.lu\/\",\"name\":\"Skin Experts\",\"description\":\"\",\"inLanguage\":\"de\"}]}<\/script>\n<!-- \/ Yoast SEO plugin. -->","yoast_head_json":{"title":"Pr\u00e4vention und Behandlung von Falten und F\u00e4ltchen | Skin Experts Luxembourg","description":"Die Hautalterung beginnt um das 25. Lebensjahr, weshalb die von uns empfohlene Behandlung von der Art und Intensit\u00e4t Ihrer Falten abh\u00e4ngt.","robots":{"index":"index","follow":"follow","max-snippet":"max-snippet:-1","max-image-preview":"max-image-preview:large","max-video-preview":"max-video-preview:-1"},"canonical":"https:\/\/skinexperts.lu\/de\/falten\/","og_locale":"de_DE","og_type":"article","og_title":"Pr\u00e4vention und Behandlung von Falten und F\u00e4ltchen | Skin Experts Luxembourg","og_description":"Die Hautalterung beginnt um das 25. Lebensjahr, weshalb die von uns empfohlene Behandlung von der Art und Intensit\u00e4t Ihrer Falten abh\u00e4ngt.","og_url":"https:\/\/skinexperts.lu\/de\/falten\/","og_site_name":"Skin Experts","article_modified_time":"2023-05-22T12:23:57+00:00","twitter_card":"summary_large_image","twitter_misc":{"Gesch\u00e4tzte Lesezeit":"4\u00a0Minuten"},"schema":{"@context":"https:\/\/schema.org","@graph":[{"@type":"WebPage","@id":"https:\/\/skinexperts.lu\/de\/falten\/","url":"https:\/\/skinexperts.lu\/de\/falten\/","name":"Pr\u00e4vention und Behandlung von Falten und F\u00e4ltchen | Skin Experts Luxembourg","isPartOf":{"@id":"https:\/\/skinexperts.lu\/#website"},"datePublished":"2023-04-27T11:56:22+00:00","dateModified":"2023-05-22T12:23:57+00:00","description":"Die Hautalterung beginnt um das 25. Lebensjahr, weshalb die von uns empfohlene Behandlung von der Art und Intensit\u00e4t Ihrer Falten abh\u00e4ngt.","breadcrumb":{"@id":"https:\/\/skinexperts.lu\/de\/falten\/#breadcrumb"},"inLanguage":"de","potentialAction":[{"@type":"ReadAction","target":["https:\/\/skinexperts.lu\/de\/falten\/"]}]},{"@type":"BreadcrumbList","@id":"https:\/\/skinexperts.lu\/de\/falten\/#breadcrumb","itemListElement":[{"@type":"ListItem","position":1,"name":"Home","item":"https:\/\/skinexperts.lu\/de\/"},{"@type":"ListItem","position":2,"name":"Falten"}]},{"@type":"WebSite","@id":"https:\/\/skinexperts.lu\/#website","url":"https:\/\/skinexperts.lu\/","name":"Skin Experts","description":"","inLanguage":"de"}]}},"_links":{"self":[{"href":"https:\/\/skinexperts.lu\/de\/wp-json\/wp\/v2\/pages\/584","targetHints":{"allow":["GET"]}}],"collection":[{"href":"https:\/\/skinexperts.lu\/de\/wp-json\/wp\/v2\/pages"}],"about":[{"href":"https:\/\/skinexperts.lu\/de\/wp-json\/wp\/v2\/types\/page"}],"author":[{"embeddable":true,"href":"https:\/\/skinexperts.lu\/de\/wp-json\/wp\/v2\/users\/1"}],"replies":[{"embeddable":true,"href":"https:\/\/skinexperts.lu\/de\/wp-json\/wp\/v2\/comments?post=584"}],"version-history":[{"count":3,"href":"https:\/\/skinexperts.lu\/de\/wp-json\/wp\/v2\/pages\/584\/revisions"}],"predecessor-version":[{"id":621,"href":"https:\/\/skinexperts.lu\/de\/wp-json\/wp\/v2\/pages\/584\/revisions\/621"}],"wp:attachment":[{"href":"https:\/\/skinexperts.lu\/de\/wp-json\/wp\/v2\/media?parent=584"}],"curies":[{"name":"wp","href":"https:\/\/api.w.org\/{rel}","templated":true}]}}