{"id":595,"date":"2023-04-27T13:56:55","date_gmt":"2023-04-27T11:56:55","guid":{"rendered":"https:\/\/skinexperts.lu\/reduction-of-pigment-spots\/"},"modified":"2023-05-22T14:22:37","modified_gmt":"2023-05-22T12:22:37","slug":"reduktion-von-pigmentflecken","status":"publish","type":"page","link":"https:\/\/skinexperts.lu\/de\/reduktion-von-pigmentflecken\/","title":{"rendered":"Reduktion von Pigmentflecken"},"content":{"rendered":"<section class=\"wpb-content-wrapper\"><p>[vc_section full_width=&#8220;stretch_row&#8220; el_id=&#8220;intro&#8220; css=&#8220;.vc_custom_1682606503963{background-image: url(\/wp-content\/uploads\/2023\/04\/taches1.jpg?id=433) !important;}&#8220;][vc_row full_width=&#8220;stretch_row_content_no_spaces&#8220;][vc_column][vc_single_image image=&#8220;433&#8243; img_size=&#8220;full&#8220; alignment=&#8220;center&#8220; css=&#8220;.vc_custom_1682606512795{margin-bottom: 0px !important;}&#8220; el_class=&#8220;no-space-img&#8220;][\/vc_column][\/vc_row][vc_row el_id=&#8220;intro-content-row&#8220;][vc_column width=&#8220;1\/2&#8243;][vc_column_text]<\/p>\n<h1 class=\"ff-mont white\"><strong>Behandlung von Pigmentflecken in Luxemburg<\/strong><\/h1>\n<h4 class=\"white ff-mont\">Pigmentflecken, braune Flecken oder Altersflecken, wir bieten professionelle L\u00f6sungen f\u00fcr diese Hautpigmentierungsprobleme.<\/h4>\n<p>[\/vc_column_text][\/vc_column][vc_column width=&#8220;1\/2&#8243;][\/vc_column][\/vc_row][\/vc_section][vc_section full_width=&#8220;stretch_row&#8220; css=&#8220;.vc_custom_1682604970021{background-color: #c8d2dc !important;}&#8220;][vc_row el_class=&#8220;top-mar-2 bot-mar-1&#8243;][vc_column][vc_column_text]<\/p>\n<h1 class=\"al-center\">Unser Ansatz bei der Behandlung von Pigmentflecken.<\/h1>\n<p>[\/vc_column_text][\/vc_column][\/vc_row][vc_row][vc_column width=&#8220;1\/2&#8243;][vc_column_text el_class=&#8220;big&#8220;]Wir bieten individuelle, auf die jeweilige Situation abgestimmte Antworten. Aus diesem Grund f\u00fchren wir bei unserem ersten Termin eine digitale Diagnose Ihrer Haut durch. [\/vc_column_text][vc_column_text el_class=&#8220;big&#8220;]Diese eingehende Untersuchung liefert uns wertvolle Informationen \u00fcber den Zustand Ihrer Haut und ihre Bed\u00fcrfnisse zur Reduzierung Ihrer Pigmentflecken. So k\u00f6nnen wir Ihnen ein Programm mit Behandlungssitzungen in unserem Institut empfehlen, das durch kosmetische Produkte erg\u00e4nzt wird, die auf Ihre Ziele abgestimmt sind.[\/vc_column_text][\/vc_column][vc_column width=&#8220;1\/2&#8243;][vc_row_inner][vc_column_inner width=&#8220;1\/2&#8243;][vc_single_image image=&#8220;437&#8243; img_size=&#8220;full&#8220; alignment=&#8220;center&#8220; css=&#8220;.vc_custom_1682606571929{margin-bottom: 0px !important;}&#8220;][\/vc_column_inner][vc_column_inner width=&#8220;1\/2&#8243;][vc_single_image image=&#8220;440&#8243; img_size=&#8220;full&#8220; alignment=&#8220;center&#8220; css=&#8220;.vc_custom_1682606593770{margin-bottom: 0px !important;}&#8220;][\/vc_column_inner][\/vc_row_inner][\/vc_column][\/vc_row][vc_row el_class=&#8220;bot-mar-2&#8243;][vc_column][vc_column_text]<\/p>\n<h2 class=\"heading-small\">Wie viele Sitzungen sind f\u00fcr ein optimales Ergebnis erforderlich?<\/h2>\n<p>[\/vc_column_text][vc_column_text]Je nach Ausma\u00df und Anzahl der Pigmentflecken k\u00f6nnen die Art der Behandlung und die angewandte Technologie von Person zu Person variieren. Die Anzahl der Sitzungen richtet sich daher nach dieser digitalen Diagnose und nach der Entwicklung der Ergebnisse, die bereits nach den ersten Sitzungen sichtbar sind.[\/vc_column_text][\/vc_column][\/vc_row][vc_row el_class=&#8220;bot-mar-2&#8243;][vc_column][vc_column_text]<\/p>\n<h2 class=\"heading-small\">Warum treten Pigmentflecken auf?<\/h2>\n<p>[\/vc_column_text][vc_column_text]Diese Flecken treten im Allgemeinen ab einem bestimmten Alter auf. Ihr Auftreten ist nicht auf das Alter zur\u00fcckzuf\u00fchren, sondern auf die Sonneneinstrahlung, der die Haut im Laufe der Jahre ausgesetzt war.[\/vc_column_text][vc_column_text]Sie treten h\u00e4ufiger im Gesicht, am Dekollet\u00e9, an den Handr\u00fccken und an den Unterarmen auf. Es ist die Entwicklung des Melaninspiegels, die f\u00fcr ihr Aussehen verantwortlich ist. Eine der Funktionen des Melanins ist es, die gleichm\u00e4\u00dfige Pigmentierung der Haut zu gew\u00e4hrleisten. Mit zunehmendem Alter nimmt dieser Anteil jedoch ab, was den Schutz der Haut vor UV-Strahlen verringert und die Hautalterung beschleunigt.[\/vc_column_text][vc_column_text]W\u00e4hrend Melanin bei uns die Versch\u00f6nerung durch Br\u00e4unung erm\u00f6glicht, ist es f\u00fcr die Haut eine Schutzfunktion.  Deshalb kann Melanin nach mehreren Jahren Sonneneinstrahlung nicht mehr richtig abgebaut werden, eine gleichm\u00e4\u00dfige Br\u00e4unung ist nicht mehr m\u00f6glich und es entstehen Pigmentflecken an verschiedenen Stellen.[\/vc_column_text][vc_column_text]Andere Ursachen wie hormonelle Ver\u00e4nderungen, eine Veranlagung, bestimmte Medikamente und die Folgen von Akne k\u00f6nnen die Ursache f\u00fcr dieses Ph\u00e4nomen sein.[\/vc_column_text][\/vc_column][\/vc_row][vc_row][vc_column][vc_btn title=&#8220;Termin vereinbaren&#8220; link=&#8220;url:%2Fde%2Ferster-termin%2F|title:Erster%20Termin&#8220; el_class=&#8220;cta-btn&#8220;][\/vc_column][\/vc_row][\/vc_section][vc_section full_width=&#8220;stretch_row&#8220; el_id=&#8220;service-link-sec&#8220;][vc_row][vc_column][vc_column_text]<\/p>\n<h4 class=\"al-center top-mar-1 bot-mar-2\">Unser Institut ist auch auf die Durchf\u00fchrung der folgenden \u00e4sthetischen Behandlungen spezialisiert:<\/h4>\n<p>[\/vc_column_text][\/vc_column][\/vc_row][vc_row el_id=&#8220;service-link-row&#8220;][vc_column width=&#8220;1\/5&#8243;][vc_hoverbox image=&#8220;393&#8243; primary_title=&#8220;&#8220; hover_title=&#8220;&#8220; shape=&#8220;square&#8220; hover_background_color=&#8220;custom&#8220; hover_custom_background=&#8220;#718ea5&#8243;]<a class=\"ff-merri-light white\" href=\"\/de\/anti-aging-behandlung\/\"><span class=\"tech-inner-read-more\">Mehr lesen<\/span><\/a>[\/vc_hoverbox][vc_column_text el_class=&#8220;al-center tech-bot-link&#8220;]<a href=\"\/de\/anti-aging-behandlung\/\">Anti-Aging-Behandlung<\/a>[\/vc_column_text][\/vc_column][vc_column width=&#8220;1\/5&#8243;][vc_hoverbox image=&#8220;396&#8243; primary_title=&#8220;&#8220; hover_title=&#8220;&#8220; shape=&#8220;square&#8220; hover_background_color=&#8220;custom&#8220; hover_custom_background=&#8220;#718ea5&#8243;]<a class=\"ff-merri-light white\" href=\"\/de\/falten\/\"><span class=\"tech-inner-read-more\">Mehr lesen<\/span><\/a>[\/vc_hoverbox][vc_column_text el_class=&#8220;al-center tech-bot-link&#8220;]<a href=\"\/de\/falten\/\">Falten<\/a>[\/vc_column_text][\/vc_column][vc_column width=&#8220;1\/5&#8243;][vc_hoverbox image=&#8220;402&#8243; primary_title=&#8220;&#8220; hover_title=&#8220;&#8220; shape=&#8220;square&#8220; hover_background_color=&#8220;custom&#8220; hover_custom_background=&#8220;#718ea5&#8243;]<a class=\"ff-merri-light white\" href=\"\/de\/behandlung-von-akne\/\"><span class=\"tech-inner-read-more\">Mehr lesen<\/span><\/a>[\/vc_hoverbox][vc_column_text el_class=&#8220;al-center tech-bot-link&#8220;]<a href=\"\/de\/behandlung-von-akne\/\">Behandlung von Akne<\/a>[\/vc_column_text][\/vc_column][vc_column width=&#8220;1\/5&#8243;][vc_hoverbox image=&#8220;405&#8243; primary_title=&#8220;&#8220; hover_title=&#8220;&#8220; shape=&#8220;square&#8220; hover_background_color=&#8220;custom&#8220; hover_custom_background=&#8220;#718ea5&#8243;]<a class=\"ff-merri-light white\" href=\"\/de\/couperose-und-roetungen\/\"><span class=\"tech-inner-read-more\">Mehr lesen<\/span><\/a>[\/vc_hoverbox][vc_column_text el_class=&#8220;al-center tech-bot-link&#8220;]<a href=\"\/de\/couperose-und-roetungen\/\">Couperose und R\u00f6tungen<\/a>[\/vc_column_text][\/vc_column][vc_column width=&#8220;1\/5&#8243;][vc_hoverbox image=&#8220;408&#8243; primary_title=&#8220;&#8220; hover_title=&#8220;&#8220; shape=&#8220;square&#8220; hover_background_color=&#8220;custom&#8220; hover_custom_background=&#8220;#718ea5&#8243;]<a class=\"ff-merri-light white\" href=\"\/de\/entfernung-von-unerwuenschten-haaren\/\"><span class=\"tech-inner-read-more\">Mehr lesen<\/span><\/a>[\/vc_hoverbox][vc_column_text el_class=&#8220;al-center tech-bot-link&#8220;]<a href=\"\/de\/entfernung-von-unerwuenschten-haaren\/\">Entfernung von unerw\u00fcnschten Haaren<\/a>[\/vc_column_text][\/vc_column][\/vc_row][\/vc_section]<\/p>\n<\/section>","protected":false},"excerpt":{"rendered":"<p>[vc_section full_width=&#8220;stretch_row&#8220; el_id=&#8220;intro&#8220; css=&#8220;.vc_custom_1682606503963{background-image: url(\/wp-content\/uploads\/2023\/04\/taches1.jpg?id=433) !important;}&#8220;][vc_row full_width=&#8220;stretch_row_content_no_spaces&#8220;][vc_column][vc_single_image image=&#8220;433&#8243; img_size=&#8220;full&#8220; alignment=&#8220;center&#8220; css=&#8220;.vc_custom_1682606512795{margin-bottom: 0px !important;}&#8220; el_class=&#8220;no-space-img&#8220;][\/vc_column][\/vc_row][vc_row el_id=&#8220;intro-content-row&#8220;][vc_column width=&#8220;1\/2&#8243;][vc_column_text] Behandlung von Pigmentflecken in Luxemburg Pigmentflecken, braune Flecken oder Altersflecken,<span class=\"excerpt-hellip\"> [\u2026]<\/span><\/p>\n","protected":false},"author":1,"featured_media":0,"parent":0,"menu_order":0,"comment_status":"closed","ping_status":"closed","template":"","meta":{"footnotes":""},"class_list":["post-595","page","type-page","status-publish","hentry"],"yoast_head":"<!-- This site is optimized with the Yoast SEO plugin v20.9 - https:\/\/yoast.com\/wordpress\/plugins\/seo\/ -->\n<title>Pigmentfleckenbehandlung in Luxemburg | Skin Experts<\/title>\n<meta name=\"description\" content=\"Wir geben individuelle Antworten, die auf jede Situation zugeschnitten sind. Aus diesem Grund f\u00fchren wir bei unserem ersten Termin eine digitale Analyse Ihrer Haut durch.\" \/>\n<meta name=\"robots\" content=\"index, follow, max-snippet:-1, max-image-preview:large, max-video-preview:-1\" \/>\n<link rel=\"canonical\" href=\"https:\/\/skinexperts.lu\/de\/reduktion-von-pigmentflecken\/\" \/>\n<meta property=\"og:locale\" content=\"de_DE\" \/>\n<meta property=\"og:type\" content=\"article\" \/>\n<meta property=\"og:title\" content=\"Pigmentfleckenbehandlung in Luxemburg | Skin Experts\" \/>\n<meta property=\"og:description\" content=\"Wir geben individuelle Antworten, die auf jede Situation zugeschnitten sind. Aus diesem Grund f\u00fchren wir bei unserem ersten Termin eine digitale Analyse Ihrer Haut durch.\" \/>\n<meta property=\"og:url\" content=\"https:\/\/skinexperts.lu\/de\/reduktion-von-pigmentflecken\/\" \/>\n<meta property=\"og:site_name\" content=\"Skin Experts\" \/>\n<meta property=\"article:modified_time\" content=\"2023-05-22T12:22:37+00:00\" \/>\n<meta name=\"twitter:card\" content=\"summary_large_image\" \/>\n<meta name=\"twitter:label1\" content=\"Gesch\u00e4tzte Lesezeit\" \/>\n\t<meta name=\"twitter:data1\" content=\"4\u00a0Minuten\" \/>\n<script type=\"application\/ld+json\" class=\"yoast-schema-graph\">{\"@context\":\"https:\/\/schema.org\",\"@graph\":[{\"@type\":\"WebPage\",\"@id\":\"https:\/\/skinexperts.lu\/de\/reduktion-von-pigmentflecken\/\",\"url\":\"https:\/\/skinexperts.lu\/de\/reduktion-von-pigmentflecken\/\",\"name\":\"Pigmentfleckenbehandlung in Luxemburg | Skin Experts\",\"isPartOf\":{\"@id\":\"https:\/\/skinexperts.lu\/#website\"},\"datePublished\":\"2023-04-27T11:56:55+00:00\",\"dateModified\":\"2023-05-22T12:22:37+00:00\",\"description\":\"Wir geben individuelle Antworten, die auf jede Situation zugeschnitten sind. Aus diesem Grund f\u00fchren wir bei unserem ersten Termin eine digitale Analyse Ihrer Haut durch.\",\"breadcrumb\":{\"@id\":\"https:\/\/skinexperts.lu\/de\/reduktion-von-pigmentflecken\/#breadcrumb\"},\"inLanguage\":\"de\",\"potentialAction\":[{\"@type\":\"ReadAction\",\"target\":[\"https:\/\/skinexperts.lu\/de\/reduktion-von-pigmentflecken\/\"]}]},{\"@type\":\"BreadcrumbList\",\"@id\":\"https:\/\/skinexperts.lu\/de\/reduktion-von-pigmentflecken\/#breadcrumb\",\"itemListElement\":[{\"@type\":\"ListItem\",\"position\":1,\"name\":\"Home\",\"item\":\"https:\/\/skinexperts.lu\/de\/\"},{\"@type\":\"ListItem\",\"position\":2,\"name\":\"Reduktion von Pigmentflecken\"}]},{\"@type\":\"WebSite\",\"@id\":\"https:\/\/skinexperts.lu\/#website\",\"url\":\"https:\/\/skinexperts.lu\/\",\"name\":\"Skin Experts\",\"description\":\"\",\"inLanguage\":\"de\"}]}<\/script>\n<!-- \/ Yoast SEO plugin. -->","yoast_head_json":{"title":"Pigmentfleckenbehandlung in Luxemburg | Skin Experts","description":"Wir geben individuelle Antworten, die auf jede Situation zugeschnitten sind. Aus diesem Grund f\u00fchren wir bei unserem ersten Termin eine digitale Analyse Ihrer Haut durch.","robots":{"index":"index","follow":"follow","max-snippet":"max-snippet:-1","max-image-preview":"max-image-preview:large","max-video-preview":"max-video-preview:-1"},"canonical":"https:\/\/skinexperts.lu\/de\/reduktion-von-pigmentflecken\/","og_locale":"de_DE","og_type":"article","og_title":"Pigmentfleckenbehandlung in Luxemburg | Skin Experts","og_description":"Wir geben individuelle Antworten, die auf jede Situation zugeschnitten sind. Aus diesem Grund f\u00fchren wir bei unserem ersten Termin eine digitale Analyse Ihrer Haut durch.","og_url":"https:\/\/skinexperts.lu\/de\/reduktion-von-pigmentflecken\/","og_site_name":"Skin Experts","article_modified_time":"2023-05-22T12:22:37+00:00","twitter_card":"summary_large_image","twitter_misc":{"Gesch\u00e4tzte Lesezeit":"4\u00a0Minuten"},"schema":{"@context":"https:\/\/schema.org","@graph":[{"@type":"WebPage","@id":"https:\/\/skinexperts.lu\/de\/reduktion-von-pigmentflecken\/","url":"https:\/\/skinexperts.lu\/de\/reduktion-von-pigmentflecken\/","name":"Pigmentfleckenbehandlung in Luxemburg | Skin Experts","isPartOf":{"@id":"https:\/\/skinexperts.lu\/#website"},"datePublished":"2023-04-27T11:56:55+00:00","dateModified":"2023-05-22T12:22:37+00:00","description":"Wir geben individuelle Antworten, die auf jede Situation zugeschnitten sind. Aus diesem Grund f\u00fchren wir bei unserem ersten Termin eine digitale Analyse Ihrer Haut durch.","breadcrumb":{"@id":"https:\/\/skinexperts.lu\/de\/reduktion-von-pigmentflecken\/#breadcrumb"},"inLanguage":"de","potentialAction":[{"@type":"ReadAction","target":["https:\/\/skinexperts.lu\/de\/reduktion-von-pigmentflecken\/"]}]},{"@type":"BreadcrumbList","@id":"https:\/\/skinexperts.lu\/de\/reduktion-von-pigmentflecken\/#breadcrumb","itemListElement":[{"@type":"ListItem","position":1,"name":"Home","item":"https:\/\/skinexperts.lu\/de\/"},{"@type":"ListItem","position":2,"name":"Reduktion von Pigmentflecken"}]},{"@type":"WebSite","@id":"https:\/\/skinexperts.lu\/#website","url":"https:\/\/skinexperts.lu\/","name":"Skin Experts","description":"","inLanguage":"de"}]}},"_links":{"self":[{"href":"https:\/\/skinexperts.lu\/de\/wp-json\/wp\/v2\/pages\/595","targetHints":{"allow":["GET"]}}],"collection":[{"href":"https:\/\/skinexperts.lu\/de\/wp-json\/wp\/v2\/pages"}],"about":[{"href":"https:\/\/skinexperts.lu\/de\/wp-json\/wp\/v2\/types\/page"}],"author":[{"embeddable":true,"href":"https:\/\/skinexperts.lu\/de\/wp-json\/wp\/v2\/users\/1"}],"replies":[{"embeddable":true,"href":"https:\/\/skinexperts.lu\/de\/wp-json\/wp\/v2\/comments?post=595"}],"version-history":[{"count":3,"href":"https:\/\/skinexperts.lu\/de\/wp-json\/wp\/v2\/pages\/595\/revisions"}],"predecessor-version":[{"id":619,"href":"https:\/\/skinexperts.lu\/de\/wp-json\/wp\/v2\/pages\/595\/revisions\/619"}],"wp:attachment":[{"href":"https:\/\/skinexperts.lu\/de\/wp-json\/wp\/v2\/media?parent=595"}],"curies":[{"name":"wp","href":"https:\/\/api.w.org\/{rel}","templated":true}]}}