{"id":604,"date":"2023-04-27T13:57:28","date_gmt":"2023-04-27T11:57:28","guid":{"rendered":"https:\/\/skinexperts.lu\/acne-treatment\/"},"modified":"2023-05-22T14:24:43","modified_gmt":"2023-05-22T12:24:43","slug":"behandlung-von-akne","status":"publish","type":"page","link":"https:\/\/skinexperts.lu\/de\/behandlung-von-akne\/","title":{"rendered":"Behandlung von Akne"},"content":{"rendered":"<section class=\"wpb-content-wrapper\"><p>[vc_section full_width=&#8220;stretch_row&#8220; el_id=&#8220;intro&#8220; css=&#8220;.vc_custom_1682606981426{background-image: url(\/wp-content\/uploads\/2023\/04\/bg-acne.jpg?id=445) !important;}&#8220;][vc_row full_width=&#8220;stretch_row_content_no_spaces&#8220;][vc_column][vc_single_image image=&#8220;445&#8243; img_size=&#8220;full&#8220; alignment=&#8220;center&#8220; css=&#8220;.vc_custom_1682606990174{margin-bottom: 0px !important;}&#8220; el_class=&#8220;no-space-img&#8220;][\/vc_column][\/vc_row][vc_row el_id=&#8220;intro-content-row&#8220;][vc_column width=&#8220;1\/2&#8243;][vc_column_text]<\/p>\n<h1 class=\"ff-mont white\"><strong>Akne-Behandlung in Luxemburg<\/strong><\/h1>\n<h4 class=\"white ff-mont\">Akne ist eine einschr\u00e4nkende Krankheit, die eine Quelle von Komplexen sein kann und die nicht auf die leichte Schulter genommen werden sollte.<\/h4>\n<p>[\/vc_column_text][\/vc_column][vc_column width=&#8220;1\/2&#8243;][\/vc_column][\/vc_row][\/vc_section][vc_section full_width=&#8220;stretch_row&#8220; css=&#8220;.vc_custom_1682604970021{background-color: #c8d2dc !important;}&#8220;][vc_row el_class=&#8220;top-mar-2 bot-mar-1&#8243;][vc_column][vc_column_text]<\/p>\n<h1 class=\"al-center\">Unser Ansatz zur Aknebehandlung: <\/h1>\n<p>[\/vc_column_text][\/vc_column][\/vc_row][vc_row][vc_column width=&#8220;1\/2&#8243;][vc_column_text el_class=&#8220;big&#8220;]Bei unserem ersten Termin f\u00fchren wir immer eine <strong>digitale Diagnose<\/strong> Ihrer Haut durch. Die Behandlungen, die wir anbieten, sind nicht &#8222;kopiert und eingef\u00fcgt&#8220;, sondern werden f\u00fcr jeden Fall individuell angepasst.[\/vc_column_text][vc_column_text el_class=&#8220;big&#8220;]Anhand dieses Gespr\u00e4chs k\u00f6nnen wir Ihnen eine angepasste Kombination von Behandlungen anbieten, die im Institut mit modernsten technologischen L\u00f6sungen und kosmetischen Produkten f\u00fcr die Anwendung zu Hause durchgef\u00fchrt werden.[\/vc_column_text][\/vc_column][vc_column width=&#8220;1\/2&#8243;][vc_row_inner][vc_column_inner width=&#8220;1\/2&#8243;][vc_single_image image=&#8220;449&#8243; img_size=&#8220;full&#8220; alignment=&#8220;center&#8220; css=&#8220;.vc_custom_1682607081197{margin-bottom: 0px !important;}&#8220;][\/vc_column_inner][vc_column_inner width=&#8220;1\/2&#8243;][vc_single_image image=&#8220;452&#8243; img_size=&#8220;full&#8220; alignment=&#8220;center&#8220; css=&#8220;.vc_custom_1682607099649{margin-bottom: 0px !important;}&#8220;][\/vc_column_inner][\/vc_row_inner][\/vc_column][\/vc_row][vc_row el_class=&#8220;bot-mar-2&#8243;][vc_column][vc_column_text]<\/p>\n<h2 class=\"heading-small\">Wie viele Sitzungen sind notwendig, um ein optimales Ergebnis zu erzielen?<\/h2>\n<p>[\/vc_column_text][vc_column_text]Je nach Schweregrad der Akne gibt es verschiedene Behandlungsm\u00f6glichkeiten und Produkte, die wir Ihnen gerne bei einem ersten Termin vorstellen. Die Anzahl der Sitzungen richtet sich nach dieser Diagnose und nach der Entwicklung der <strong>Ergebnisse, die bereits bei den ersten Sitzungen sichtbar sind<\/strong>.[\/vc_column_text][\/vc_column][\/vc_row][vc_row el_class=&#8220;bot-mar-2&#8243;][vc_column][vc_column_text]<\/p>\n<h2 class=\"heading-small\">Was ist Akne?<\/h2>\n<p>[\/vc_column_text][vc_column_text]Akne ist eine Hautkrankheit, die haupts\u00e4chlich das Gesicht, die T-Zone (Stirn, Nasenspitze, Wangen und Kinn), den R\u00fccken, die Schultern und die Brust betrifft.[\/vc_column_text][vc_column_text]Sie ist auf einen Talg\u00fcberschuss zur\u00fcckzuf\u00fchren, der bei hormonellen Ver\u00e4nderungen auftritt, weshalb Akne in der Pubert\u00e4t, w\u00e4hrend der Schwangerschaft und in den Wechseljahren h\u00e4ufiger auftritt.[\/vc_column_text][vc_column_text]Der Mechanismus ist bekannt: Die Talgdr\u00fcse wird verstopft und der Talg kann nicht mehr entweichen, was zur Entstehung von Mitessern f\u00fchrt. Wenn sich die Mitesser durch Bakterien entz\u00fcnden, entsteht eine entz\u00fcndliche Akne. Je nach Ausma\u00df der Entz\u00fcndungsreaktion ist die Abheilung der Akne mehr oder weniger ausgepr\u00e4gt und mehr oder weniger lang anhaltend.[\/vc_column_text][\/vc_column][\/vc_row][vc_row el_class=&#8220;bot-mar-2&#8243;][vc_column][vc_column_text]<\/p>\n<h2 class=\"heading-small\">Was sind die Folgen?<\/h2>\n<p>[\/vc_column_text][vc_column_text]Sie kann entweder leicht sein und nur leichte Pickel hinterlassen, oder mittelschwer und sich durch das Auftreten von Papeln und Pusteln \u00e4u\u00dfern, oder schwer, sogar schmerzhaft sein und unansehnliche Narben hinterlassen.[\/vc_column_text][vc_column_text]In Bezug auf das Selbstwertgef\u00fchl und die soziale Integration ist es eine einschr\u00e4nkende Krankheit, die eine Quelle von Komplexen sein kann und nicht auf die leichte Schulter genommen werden sollte. Sie kann medikament\u00f6s oder in einem Institut wie dem unseren mit medizinischen Verfahren behandelt werden, die auf ihre Wirksamkeit hin gepr\u00fcft und anerkannt sind.[\/vc_column_text][\/vc_column][\/vc_row][vc_row][vc_column][vc_btn title=&#8220;Make an appointment&#8220; link=&#8220;url:%2Fen%2Ffirst-date%2F|title:First%20date&#8220; el_class=&#8220;cta-btn&#8220;][\/vc_column][\/vc_row][\/vc_section][vc_section full_width=&#8220;stretch_row&#8220; el_id=&#8220;service-link-sec&#8220;][vc_row][vc_column][vc_column_text]<\/p>\n<h4 class=\"al-center top-mar-1 bot-mar-2\">Unser Institut ist auch auf die Durchf\u00fchrung der folgenden \u00e4sthetischen Behandlungen spezialisiert:<\/h4>\n<p>[\/vc_column_text][\/vc_column][\/vc_row][vc_row el_id=&#8220;service-link-row&#8220;][vc_column width=&#8220;1\/5&#8243;][vc_hoverbox image=&#8220;393&#8243; primary_title=&#8220;&#8220; hover_title=&#8220;&#8220; shape=&#8220;square&#8220; hover_background_color=&#8220;custom&#8220; hover_custom_background=&#8220;#718ea5&#8243;]<a class=\"ff-merri-light white\" href=\"\/de\/anti-aging-behandlung\/\"><span class=\"tech-inner-read-more\">Mehr lesen<\/span><\/a>[\/vc_hoverbox][vc_column_text el_class=&#8220;al-center tech-bot-link&#8220;]<a href=\"\/de\/anti-aging-behandlung\/\">Anti-Aging-Behandlung<\/a>[\/vc_column_text][\/vc_column][vc_column width=&#8220;1\/5&#8243;][vc_hoverbox image=&#8220;396&#8243; primary_title=&#8220;&#8220; hover_title=&#8220;&#8220; shape=&#8220;square&#8220; hover_background_color=&#8220;custom&#8220; hover_custom_background=&#8220;#718ea5&#8243;]<a class=\"ff-merri-light white\" href=\"\/de\/falten\/\"><span class=\"tech-inner-read-more\">Mehr lesen<\/span><\/a>[\/vc_hoverbox][vc_column_text el_class=&#8220;al-center tech-bot-link&#8220;]<a href=\"\/de\/falten\/\">Falten<\/a>[\/vc_column_text][\/vc_column][vc_column width=&#8220;1\/5&#8243;][vc_hoverbox image=&#8220;399&#8243; primary_title=&#8220;&#8220; hover_title=&#8220;&#8220; shape=&#8220;square&#8220; hover_background_color=&#8220;custom&#8220; hover_custom_background=&#8220;#718ea5&#8243;]<a class=\"ff-merri-light white\" href=\"\/de\/reduktion-von-pigmentflecken\/\"><span class=\"tech-inner-read-more\">Mehr lesen<\/span><\/a>[\/vc_hoverbox][vc_column_text el_class=&#8220;al-center tech-bot-link&#8220;]<a href=\"\/de\/reduktion-von-pigmentflecken\/\">Reduktion von Pigmentflecken<\/a>[\/vc_column_text][\/vc_column][vc_column width=&#8220;1\/5&#8243;][vc_hoverbox image=&#8220;405&#8243; primary_title=&#8220;&#8220; hover_title=&#8220;&#8220; shape=&#8220;square&#8220; hover_background_color=&#8220;custom&#8220; hover_custom_background=&#8220;#718ea5&#8243;]<a class=\"ff-merri-light white\" href=\"\/de\/couperose-und-roetungen\/\"><span class=\"tech-inner-read-more\">Mehr lesen<\/span><\/a>[\/vc_hoverbox][vc_column_text el_class=&#8220;al-center tech-bot-link&#8220;]<a href=\"\/de\/couperose-und-roetungen\/\">Couperose und R\u00f6tungen<\/a>[\/vc_column_text][\/vc_column][vc_column width=&#8220;1\/5&#8243;][vc_hoverbox image=&#8220;408&#8243; primary_title=&#8220;&#8220; hover_title=&#8220;&#8220; shape=&#8220;square&#8220; hover_background_color=&#8220;custom&#8220; hover_custom_background=&#8220;#718ea5&#8243;]<a class=\"ff-merri-light white\" href=\"\/de\/entfernung-von-unerwuenschten-haaren\/\"><span class=\"tech-inner-read-more\">Mehr lesen<\/span><\/a>[\/vc_hoverbox][vc_column_text el_class=&#8220;al-center tech-bot-link&#8220;]<a href=\"\/de\/entfernung-von-unerwuenschten-haaren\/\">Entfernung von unerw\u00fcnschten Haaren<\/a>[\/vc_column_text][\/vc_column][\/vc_row][\/vc_section]<\/p>\n<\/section>","protected":false},"excerpt":{"rendered":"<p>[vc_section full_width=&#8220;stretch_row&#8220; el_id=&#8220;intro&#8220; css=&#8220;.vc_custom_1682606981426{background-image: url(\/wp-content\/uploads\/2023\/04\/bg-acne.jpg?id=445) !important;}&#8220;][vc_row full_width=&#8220;stretch_row_content_no_spaces&#8220;][vc_column][vc_single_image image=&#8220;445&#8243; img_size=&#8220;full&#8220; alignment=&#8220;center&#8220; css=&#8220;.vc_custom_1682606990174{margin-bottom: 0px !important;}&#8220; el_class=&#8220;no-space-img&#8220;][\/vc_column][\/vc_row][vc_row el_id=&#8220;intro-content-row&#8220;][vc_column width=&#8220;1\/2&#8243;][vc_column_text] Akne-Behandlung in Luxemburg Akne ist eine einschr\u00e4nkende Krankheit, die eine<span class=\"excerpt-hellip\"> [\u2026]<\/span><\/p>\n","protected":false},"author":1,"featured_media":0,"parent":0,"menu_order":0,"comment_status":"closed","ping_status":"closed","template":"","meta":{"footnotes":""},"class_list":["post-604","page","type-page","status-publish","hentry"],"yoast_head":"<!-- This site is optimized with the Yoast SEO plugin v20.9 - https:\/\/yoast.com\/wordpress\/plugins\/seo\/ -->\n<title>Aknebehandlung in Luxemburg | Skin Experts<\/title>\n<meta name=\"description\" content=\"Akne ist eine einschr\u00e4nkende Krankheit, die eine Quelle von Komplexen sein kann und nicht auf die leichte Schulter genommen werden sollte. Kontaktieren Sie uns jetzt f\u00fcr einen ersten Termin\" \/>\n<meta name=\"robots\" content=\"index, follow, max-snippet:-1, max-image-preview:large, max-video-preview:-1\" \/>\n<link rel=\"canonical\" href=\"https:\/\/skinexperts.lu\/de\/behandlung-von-akne\/\" \/>\n<meta property=\"og:locale\" content=\"de_DE\" \/>\n<meta property=\"og:type\" content=\"article\" \/>\n<meta property=\"og:title\" content=\"Aknebehandlung in Luxemburg | Skin Experts\" \/>\n<meta property=\"og:description\" content=\"Akne ist eine einschr\u00e4nkende Krankheit, die eine Quelle von Komplexen sein kann und nicht auf die leichte Schulter genommen werden sollte. Kontaktieren Sie uns jetzt f\u00fcr einen ersten Termin\" \/>\n<meta property=\"og:url\" content=\"https:\/\/skinexperts.lu\/de\/behandlung-von-akne\/\" \/>\n<meta property=\"og:site_name\" content=\"Skin Experts\" \/>\n<meta property=\"article:modified_time\" content=\"2023-05-22T12:24:43+00:00\" \/>\n<meta name=\"twitter:card\" content=\"summary_large_image\" \/>\n<meta name=\"twitter:label1\" content=\"Gesch\u00e4tzte Lesezeit\" \/>\n\t<meta name=\"twitter:data1\" content=\"5\u00a0Minuten\" \/>\n<script type=\"application\/ld+json\" class=\"yoast-schema-graph\">{\"@context\":\"https:\/\/schema.org\",\"@graph\":[{\"@type\":\"WebPage\",\"@id\":\"https:\/\/skinexperts.lu\/de\/behandlung-von-akne\/\",\"url\":\"https:\/\/skinexperts.lu\/de\/behandlung-von-akne\/\",\"name\":\"Aknebehandlung in Luxemburg | Skin Experts\",\"isPartOf\":{\"@id\":\"https:\/\/skinexperts.lu\/#website\"},\"datePublished\":\"2023-04-27T11:57:28+00:00\",\"dateModified\":\"2023-05-22T12:24:43+00:00\",\"description\":\"Akne ist eine einschr\u00e4nkende Krankheit, die eine Quelle von Komplexen sein kann und nicht auf die leichte Schulter genommen werden sollte. Kontaktieren Sie uns jetzt f\u00fcr einen ersten Termin\",\"breadcrumb\":{\"@id\":\"https:\/\/skinexperts.lu\/de\/behandlung-von-akne\/#breadcrumb\"},\"inLanguage\":\"de\",\"potentialAction\":[{\"@type\":\"ReadAction\",\"target\":[\"https:\/\/skinexperts.lu\/de\/behandlung-von-akne\/\"]}]},{\"@type\":\"BreadcrumbList\",\"@id\":\"https:\/\/skinexperts.lu\/de\/behandlung-von-akne\/#breadcrumb\",\"itemListElement\":[{\"@type\":\"ListItem\",\"position\":1,\"name\":\"Home\",\"item\":\"https:\/\/skinexperts.lu\/de\/\"},{\"@type\":\"ListItem\",\"position\":2,\"name\":\"Behandlung von Akne\"}]},{\"@type\":\"WebSite\",\"@id\":\"https:\/\/skinexperts.lu\/#website\",\"url\":\"https:\/\/skinexperts.lu\/\",\"name\":\"Skin Experts\",\"description\":\"\",\"inLanguage\":\"de\"}]}<\/script>\n<!-- \/ Yoast SEO plugin. -->","yoast_head_json":{"title":"Aknebehandlung in Luxemburg | Skin Experts","description":"Akne ist eine einschr\u00e4nkende Krankheit, die eine Quelle von Komplexen sein kann und nicht auf die leichte Schulter genommen werden sollte. Kontaktieren Sie uns jetzt f\u00fcr einen ersten Termin","robots":{"index":"index","follow":"follow","max-snippet":"max-snippet:-1","max-image-preview":"max-image-preview:large","max-video-preview":"max-video-preview:-1"},"canonical":"https:\/\/skinexperts.lu\/de\/behandlung-von-akne\/","og_locale":"de_DE","og_type":"article","og_title":"Aknebehandlung in Luxemburg | Skin Experts","og_description":"Akne ist eine einschr\u00e4nkende Krankheit, die eine Quelle von Komplexen sein kann und nicht auf die leichte Schulter genommen werden sollte. Kontaktieren Sie uns jetzt f\u00fcr einen ersten Termin","og_url":"https:\/\/skinexperts.lu\/de\/behandlung-von-akne\/","og_site_name":"Skin Experts","article_modified_time":"2023-05-22T12:24:43+00:00","twitter_card":"summary_large_image","twitter_misc":{"Gesch\u00e4tzte Lesezeit":"5\u00a0Minuten"},"schema":{"@context":"https:\/\/schema.org","@graph":[{"@type":"WebPage","@id":"https:\/\/skinexperts.lu\/de\/behandlung-von-akne\/","url":"https:\/\/skinexperts.lu\/de\/behandlung-von-akne\/","name":"Aknebehandlung in Luxemburg | Skin Experts","isPartOf":{"@id":"https:\/\/skinexperts.lu\/#website"},"datePublished":"2023-04-27T11:57:28+00:00","dateModified":"2023-05-22T12:24:43+00:00","description":"Akne ist eine einschr\u00e4nkende Krankheit, die eine Quelle von Komplexen sein kann und nicht auf die leichte Schulter genommen werden sollte. Kontaktieren Sie uns jetzt f\u00fcr einen ersten Termin","breadcrumb":{"@id":"https:\/\/skinexperts.lu\/de\/behandlung-von-akne\/#breadcrumb"},"inLanguage":"de","potentialAction":[{"@type":"ReadAction","target":["https:\/\/skinexperts.lu\/de\/behandlung-von-akne\/"]}]},{"@type":"BreadcrumbList","@id":"https:\/\/skinexperts.lu\/de\/behandlung-von-akne\/#breadcrumb","itemListElement":[{"@type":"ListItem","position":1,"name":"Home","item":"https:\/\/skinexperts.lu\/de\/"},{"@type":"ListItem","position":2,"name":"Behandlung von Akne"}]},{"@type":"WebSite","@id":"https:\/\/skinexperts.lu\/#website","url":"https:\/\/skinexperts.lu\/","name":"Skin Experts","description":"","inLanguage":"de"}]}},"_links":{"self":[{"href":"https:\/\/skinexperts.lu\/de\/wp-json\/wp\/v2\/pages\/604","targetHints":{"allow":["GET"]}}],"collection":[{"href":"https:\/\/skinexperts.lu\/de\/wp-json\/wp\/v2\/pages"}],"about":[{"href":"https:\/\/skinexperts.lu\/de\/wp-json\/wp\/v2\/types\/page"}],"author":[{"embeddable":true,"href":"https:\/\/skinexperts.lu\/de\/wp-json\/wp\/v2\/users\/1"}],"replies":[{"embeddable":true,"href":"https:\/\/skinexperts.lu\/de\/wp-json\/wp\/v2\/comments?post=604"}],"version-history":[{"count":3,"href":"https:\/\/skinexperts.lu\/de\/wp-json\/wp\/v2\/pages\/604\/revisions"}],"predecessor-version":[{"id":617,"href":"https:\/\/skinexperts.lu\/de\/wp-json\/wp\/v2\/pages\/604\/revisions\/617"}],"wp:attachment":[{"href":"https:\/\/skinexperts.lu\/de\/wp-json\/wp\/v2\/media?parent=604"}],"curies":[{"name":"wp","href":"https:\/\/api.w.org\/{rel}","templated":true}]}}