{"id":614,"date":"2023-04-27T13:58:04","date_gmt":"2023-04-27T11:58:04","guid":{"rendered":"https:\/\/skinexperts.lu\/couperose-and-redness\/"},"modified":"2023-05-22T14:20:39","modified_gmt":"2023-05-22T12:20:39","slug":"couperose-und-roetungen","status":"publish","type":"page","link":"https:\/\/skinexperts.lu\/de\/couperose-und-roetungen\/","title":{"rendered":"Couperose und R\u00f6tungen"},"content":{"rendered":"<section class=\"wpb-content-wrapper\"><p>[vc_section full_width=&#8220;stretch_row&#8220; el_id=&#8220;intro&#8220; css=&#8220;.vc_custom_1682607398441{background-image: url(\/wp-content\/uploads\/2023\/04\/rougeurs.jpg?id=456) !important;}&#8220;][vc_row full_width=&#8220;stretch_row_content_no_spaces&#8220;][vc_column][vc_single_image image=&#8220;456&#8243; img_size=&#8220;full&#8220; alignment=&#8220;center&#8220; css=&#8220;.vc_custom_1682607411801{margin-bottom: 0px !important;}&#8220; el_class=&#8220;no-space-img&#8220;][\/vc_column][\/vc_row][vc_row el_id=&#8220;intro-content-row&#8220;][vc_column width=&#8220;1\/2&#8243;][vc_column_text]<\/p>\n<h1 class=\"ff-mont\"><strong>Behandlung von Couperose in Luxemburg<\/strong><\/h1>\n<h4 class=\"dark-colored ff-mont\">Pigmentflecken, braune Flecken oder Altersflecken, wir bieten professionelle L\u00f6sungen f\u00fcr diese Hautpigmentierungsprobleme.<\/h4>\n<p>[\/vc_column_text][\/vc_column][vc_column width=&#8220;1\/2&#8243;][\/vc_column][\/vc_row][\/vc_section][vc_section full_width=&#8220;stretch_row&#8220; css=&#8220;.vc_custom_1682604970021{background-color: #c8d2dc !important;}&#8220;][vc_row el_class=&#8220;top-mar-2 bot-mar-1&#8243;][vc_column][vc_column_text]<\/p>\n<h1 class=\"al-center\">Unsere Vorgehensweise bei der Behandlung von Couperose:<\/h1>\n<p>[\/vc_column_text][\/vc_column][\/vc_row][vc_row][vc_column width=&#8220;1\/2&#8243;][vc_column_text el_class=&#8220;big&#8220;]Wie bei allen Hautpflegebehandlungen, die wir in unserem Institut anbieten, f\u00fchren wir bei unserem ersten Termin eine digitale Diagnose Ihrer Haut durch. Diese <strong>genaue technische Analyse <\/strong>erm\u00f6glicht es uns, Ihnen eine individuelle Kombination von Behandlungen anzubieten, die im Institut mit den neuesten technologischen Verfahren und kosmetischen Produkten f\u00fcr die Anwendung zu Hause durchgef\u00fchrt werden.[\/vc_column_text][\/vc_column][vc_column width=&#8220;1\/2&#8243;][vc_row_inner][vc_column_inner width=&#8220;1\/2&#8243;][vc_single_image image=&#8220;460&#8243; img_size=&#8220;full&#8220; alignment=&#8220;center&#8220; css=&#8220;.vc_custom_1682607476217{margin-bottom: 0px !important;}&#8220;][\/vc_column_inner][vc_column_inner width=&#8220;1\/2&#8243;][vc_single_image image=&#8220;463&#8243; img_size=&#8220;full&#8220; alignment=&#8220;center&#8220; css=&#8220;.vc_custom_1682607496983{margin-bottom: 0px !important;}&#8220;][\/vc_column_inner][\/vc_row_inner][\/vc_column][\/vc_row][vc_row el_class=&#8220;bot-mar-2&#8243;][vc_column][vc_column_text]<\/p>\n<h2 class=\"heading-small\">Die von uns angebotene Behandlung<\/h2>\n<p>[\/vc_column_text][vc_row_inner][vc_column_inner width=&#8220;1\/2&#8243;][vc_column_text el_id=&#8220;shift-list-first&#8220;]<\/p>\n<ul class=\"shift-list\">\n<li>reduziert die Entz\u00fcndung<\/li>\n<li>minimiert das Auftreten von Papeln und Pusteln<\/li>\n<li>reduziert die R\u00f6tung<\/li>\n<\/ul>\n<p>[\/vc_column_text][\/vc_column_inner][vc_column_inner width=&#8220;1\/2&#8243;][vc_column_text]<\/p>\n<ul class=\"shift-list\">\n<li>reduziert das Brennen und Stechen<\/li>\n<li>leitet schnell einen Reparaturprozess ein<\/li>\n<li>verbessert die allgemeine Qualit\u00e4t der Haut<\/li>\n<\/ul>\n<p>[\/vc_column_text][\/vc_column_inner][\/vc_row_inner][\/vc_column][\/vc_row][vc_row el_class=&#8220;bot-mar-2&#8243;][vc_column][vc_column_text]<\/p>\n<h2 class=\"heading-small\">Wie viele Sitzungen sind erforderlich, um optimale Ergebnisse zu erzielen?<\/h2>\n<p>[\/vc_column_text][vc_column_text]Die Anzahl der erforderlichen Sitzungen richtet sich nach den Ergebnissen der digitalen Diagnose und dem Fortschritt der Ergebnisse. Die Ergebnisse sind jedoch bereits nach den ersten Sitzungen sichtbar.[\/vc_column_text][\/vc_column][\/vc_row][vc_row el_class=&#8220;bot-mar-2&#8243;][vc_column][vc_column_text]<\/p>\n<h2 class=\"heading-small\">Was ist Couperose?<\/h2>\n<p>[\/vc_column_text][vc_column_text]Couperose ist eine relativ h\u00e4ufige Hauterkrankung. Sie tritt am h\u00e4ufigsten bei Frauen zwischen 30 und 50 Jahren mit heller Haut und hellen Augen auf. Sie zeichnet sich durch das Auftreten kleiner erweiterter Blutgef\u00e4\u00dfe aus, die auf den Wangen, der Nase, der Stirn, dem Kinn und manchmal dem Dekollet\u00e9 zu sehen sind.[\/vc_column_text][\/vc_column][\/vc_row][vc_row el_class=&#8220;bot-mar-2&#8243;][vc_column][vc_column_text]<\/p>\n<h2 class=\"heading-small\">Diese Krankheit weist mehrere Entwicklungsstadien auf:<\/h2>\n<p>[\/vc_column_text][vc_column_text]<strong>Stadium 1<\/strong>: kleine subkutane Gef\u00e4\u00dfe, die platzen und kleine rot-violette Flecken hervorrufen<br \/>\n<strong>Stadium 2<\/strong>: Auftreten von Papeln und Pusteln<br \/>\n<strong>Stadium 3<\/strong>: Vermehrung der Talgdr\u00fcsen.[\/vc_column_text][\/vc_column][\/vc_row][vc_row el_class=&#8220;bot-mar-2&#8243;][vc_column][vc_column_text]<\/p>\n<h2 class=\"heading-small\">Was sind die Ursachen?<\/h2>\n<p>[\/vc_column_text][vc_column_text]Es gibt viele Ursachen, die wichtigsten sind: Vererbung, d\u00fcnne Blutgef\u00e4\u00dfe, starke Temperaturschwankungen, starke Sonneneinstrahlung, hormonelle Ver\u00e4nderungen, hoher Blutdruck, falsche Ern\u00e4hrung, Tabak- und Alkoholkonsum&#8230;[\/vc_column_text][\/vc_column][\/vc_row][vc_row][vc_column][vc_btn title=&#8220;Termin vereinbaren&#8220; link=&#8220;url:%2Fde%2Ferster-termin%2F|title:Erster%20Termin&#8220; el_class=&#8220;cta-btn&#8220;][\/vc_column][\/vc_row][\/vc_section][vc_section full_width=&#8220;stretch_row&#8220; el_id=&#8220;service-link-sec&#8220;][vc_row][vc_column][vc_column_text]<\/p>\n<h4 class=\"al-center top-mar-1 bot-mar-2\">Unser Institut ist auch auf die Durchf\u00fchrung der folgenden \u00e4sthetischen Behandlungen spezialisiert:<\/h4>\n<p>[\/vc_column_text][\/vc_column][\/vc_row][vc_row el_id=&#8220;service-link-row&#8220;][vc_column width=&#8220;1\/5&#8243;][vc_hoverbox image=&#8220;393&#8243; primary_title=&#8220;&#8220; hover_title=&#8220;&#8220; shape=&#8220;square&#8220; hover_background_color=&#8220;custom&#8220; hover_custom_background=&#8220;#718ea5&#8243;]<a class=\"ff-merri-light white\" href=\"\/de\/anti-aging-behandlung\/\"><span class=\"tech-inner-read-more\">Mehr lesen<\/span><\/a>[\/vc_hoverbox][vc_column_text el_class=&#8220;al-center tech-bot-link&#8220;]<a href=\"\/de\/anti-aging-behandlung\/\">Anti-Aging-Behandlung<\/a>[\/vc_column_text][\/vc_column][vc_column width=&#8220;1\/5&#8243;][vc_hoverbox image=&#8220;396&#8243; primary_title=&#8220;&#8220; hover_title=&#8220;&#8220; shape=&#8220;square&#8220; hover_background_color=&#8220;custom&#8220; hover_custom_background=&#8220;#718ea5&#8243;]<a class=\"ff-merri-light white\" href=\"\/de\/falten\/\"><span class=\"tech-inner-read-more\">Mehr lesen<\/span><\/a>[\/vc_hoverbox][vc_column_text el_class=&#8220;al-center tech-bot-link&#8220;]<a href=\"\/de\/falten\/\">Falten<\/a>[\/vc_column_text][\/vc_column][vc_column width=&#8220;1\/5&#8243;][vc_hoverbox image=&#8220;399&#8243; primary_title=&#8220;&#8220; hover_title=&#8220;&#8220; shape=&#8220;square&#8220; hover_background_color=&#8220;custom&#8220; hover_custom_background=&#8220;#718ea5&#8243;]<a class=\"ff-merri-light white\" href=\"\/de\/reduktion-von-pigmentflecken\/\"><span class=\"tech-inner-read-more\">Mehr lesen<\/span><\/a>[\/vc_hoverbox][vc_column_text el_class=&#8220;al-center tech-bot-link&#8220;]<a href=\"\/de\/reduktion-von-pigmentflecken\/\">Reduktion von Pigmentflecken<\/a>[\/vc_column_text][\/vc_column][vc_column width=&#8220;1\/5&#8243;][vc_hoverbox image=&#8220;402&#8243; primary_title=&#8220;&#8220; hover_title=&#8220;&#8220; shape=&#8220;square&#8220; hover_background_color=&#8220;custom&#8220; hover_custom_background=&#8220;#718ea5&#8243;]<a class=\"ff-merri-light white\" href=\"\/de\/behandlung-von-akne\/\"><span class=\"tech-inner-read-more\">Mehr lesen<\/span><\/a>[\/vc_hoverbox][vc_column_text el_class=&#8220;al-center tech-bot-link&#8220;]<a href=\"\/de\/behandlung-von-akne\/\">Behandlung von Akne<\/a>[\/vc_column_text][\/vc_column][vc_column width=&#8220;1\/5&#8243;][vc_hoverbox image=&#8220;408&#8243; primary_title=&#8220;&#8220; hover_title=&#8220;&#8220; shape=&#8220;square&#8220; hover_background_color=&#8220;custom&#8220; hover_custom_background=&#8220;#718ea5&#8243;]<a class=\"ff-merri-light white\" href=\"\/de\/entfernung-von-unerwuenschten-haaren\/\"><span class=\"tech-inner-read-more\">Mehr lesen<\/span><\/a>[\/vc_hoverbox][vc_column_text el_class=&#8220;al-center tech-bot-link&#8220;]<a href=\"\/de\/entfernung-von-unerwuenschten-haaren\/\">Entfernung von unerw\u00fcnschten Haaren<\/a>[\/vc_column_text][\/vc_column][\/vc_row][\/vc_section]<\/p>\n<\/section>","protected":false},"excerpt":{"rendered":"<p>[vc_section full_width=&#8220;stretch_row&#8220; el_id=&#8220;intro&#8220; css=&#8220;.vc_custom_1682607398441{background-image: url(\/wp-content\/uploads\/2023\/04\/rougeurs.jpg?id=456) !important;}&#8220;][vc_row full_width=&#8220;stretch_row_content_no_spaces&#8220;][vc_column][vc_single_image image=&#8220;456&#8243; img_size=&#8220;full&#8220; alignment=&#8220;center&#8220; css=&#8220;.vc_custom_1682607411801{margin-bottom: 0px !important;}&#8220; el_class=&#8220;no-space-img&#8220;][\/vc_column][\/vc_row][vc_row el_id=&#8220;intro-content-row&#8220;][vc_column width=&#8220;1\/2&#8243;][vc_column_text] Behandlung von Couperose in Luxemburg Pigmentflecken, braune Flecken oder Altersflecken,<span class=\"excerpt-hellip\"> [\u2026]<\/span><\/p>\n","protected":false},"author":1,"featured_media":0,"parent":0,"menu_order":0,"comment_status":"closed","ping_status":"closed","template":"","meta":{"footnotes":""},"class_list":["post-614","page","type-page","status-publish","hentry"],"yoast_head":"<!-- This site is optimized with the Yoast SEO plugin v20.9 - https:\/\/yoast.com\/wordpress\/plugins\/seo\/ -->\n<title>Behandlung von Couperose in Luxembourg | Skin Experts<\/title>\n<meta name=\"description\" content=\"Couperose ist ein kosmetisches Problem, das behandelt werden muss, um zuk\u00fcnftige Probleme zu vermeiden. Kontaktieren Sie uns jetzt f\u00fcr einen ersten Termin\" \/>\n<meta name=\"robots\" content=\"index, follow, max-snippet:-1, max-image-preview:large, max-video-preview:-1\" \/>\n<link rel=\"canonical\" href=\"https:\/\/skinexperts.lu\/de\/couperose-und-roetungen\/\" \/>\n<meta property=\"og:locale\" content=\"de_DE\" \/>\n<meta property=\"og:type\" content=\"article\" \/>\n<meta property=\"og:title\" content=\"Behandlung von Couperose in Luxembourg | Skin Experts\" \/>\n<meta property=\"og:description\" content=\"Couperose ist ein kosmetisches Problem, das behandelt werden muss, um zuk\u00fcnftige Probleme zu vermeiden. Kontaktieren Sie uns jetzt f\u00fcr einen ersten Termin\" \/>\n<meta property=\"og:url\" content=\"https:\/\/skinexperts.lu\/de\/couperose-und-roetungen\/\" \/>\n<meta property=\"og:site_name\" content=\"Skin Experts\" \/>\n<meta property=\"article:modified_time\" content=\"2023-05-22T12:20:39+00:00\" \/>\n<meta name=\"twitter:card\" content=\"summary_large_image\" \/>\n<meta name=\"twitter:label1\" content=\"Gesch\u00e4tzte Lesezeit\" \/>\n\t<meta name=\"twitter:data1\" content=\"4\u00a0Minuten\" \/>\n<script type=\"application\/ld+json\" class=\"yoast-schema-graph\">{\"@context\":\"https:\/\/schema.org\",\"@graph\":[{\"@type\":\"WebPage\",\"@id\":\"https:\/\/skinexperts.lu\/de\/couperose-und-roetungen\/\",\"url\":\"https:\/\/skinexperts.lu\/de\/couperose-und-roetungen\/\",\"name\":\"Behandlung von Couperose in Luxembourg | Skin Experts\",\"isPartOf\":{\"@id\":\"https:\/\/skinexperts.lu\/#website\"},\"datePublished\":\"2023-04-27T11:58:04+00:00\",\"dateModified\":\"2023-05-22T12:20:39+00:00\",\"description\":\"Couperose ist ein kosmetisches Problem, das behandelt werden muss, um zuk\u00fcnftige Probleme zu vermeiden. Kontaktieren Sie uns jetzt f\u00fcr einen ersten Termin\",\"breadcrumb\":{\"@id\":\"https:\/\/skinexperts.lu\/de\/couperose-und-roetungen\/#breadcrumb\"},\"inLanguage\":\"de\",\"potentialAction\":[{\"@type\":\"ReadAction\",\"target\":[\"https:\/\/skinexperts.lu\/de\/couperose-und-roetungen\/\"]}]},{\"@type\":\"BreadcrumbList\",\"@id\":\"https:\/\/skinexperts.lu\/de\/couperose-und-roetungen\/#breadcrumb\",\"itemListElement\":[{\"@type\":\"ListItem\",\"position\":1,\"name\":\"Home\",\"item\":\"https:\/\/skinexperts.lu\/de\/\"},{\"@type\":\"ListItem\",\"position\":2,\"name\":\"Couperose und R\u00f6tungen\"}]},{\"@type\":\"WebSite\",\"@id\":\"https:\/\/skinexperts.lu\/#website\",\"url\":\"https:\/\/skinexperts.lu\/\",\"name\":\"Skin Experts\",\"description\":\"\",\"inLanguage\":\"de\"}]}<\/script>\n<!-- \/ Yoast SEO plugin. -->","yoast_head_json":{"title":"Behandlung von Couperose in Luxembourg | Skin Experts","description":"Couperose ist ein kosmetisches Problem, das behandelt werden muss, um zuk\u00fcnftige Probleme zu vermeiden. Kontaktieren Sie uns jetzt f\u00fcr einen ersten Termin","robots":{"index":"index","follow":"follow","max-snippet":"max-snippet:-1","max-image-preview":"max-image-preview:large","max-video-preview":"max-video-preview:-1"},"canonical":"https:\/\/skinexperts.lu\/de\/couperose-und-roetungen\/","og_locale":"de_DE","og_type":"article","og_title":"Behandlung von Couperose in Luxembourg | Skin Experts","og_description":"Couperose ist ein kosmetisches Problem, das behandelt werden muss, um zuk\u00fcnftige Probleme zu vermeiden. Kontaktieren Sie uns jetzt f\u00fcr einen ersten Termin","og_url":"https:\/\/skinexperts.lu\/de\/couperose-und-roetungen\/","og_site_name":"Skin Experts","article_modified_time":"2023-05-22T12:20:39+00:00","twitter_card":"summary_large_image","twitter_misc":{"Gesch\u00e4tzte Lesezeit":"4\u00a0Minuten"},"schema":{"@context":"https:\/\/schema.org","@graph":[{"@type":"WebPage","@id":"https:\/\/skinexperts.lu\/de\/couperose-und-roetungen\/","url":"https:\/\/skinexperts.lu\/de\/couperose-und-roetungen\/","name":"Behandlung von Couperose in Luxembourg | Skin Experts","isPartOf":{"@id":"https:\/\/skinexperts.lu\/#website"},"datePublished":"2023-04-27T11:58:04+00:00","dateModified":"2023-05-22T12:20:39+00:00","description":"Couperose ist ein kosmetisches Problem, das behandelt werden muss, um zuk\u00fcnftige Probleme zu vermeiden. Kontaktieren Sie uns jetzt f\u00fcr einen ersten Termin","breadcrumb":{"@id":"https:\/\/skinexperts.lu\/de\/couperose-und-roetungen\/#breadcrumb"},"inLanguage":"de","potentialAction":[{"@type":"ReadAction","target":["https:\/\/skinexperts.lu\/de\/couperose-und-roetungen\/"]}]},{"@type":"BreadcrumbList","@id":"https:\/\/skinexperts.lu\/de\/couperose-und-roetungen\/#breadcrumb","itemListElement":[{"@type":"ListItem","position":1,"name":"Home","item":"https:\/\/skinexperts.lu\/de\/"},{"@type":"ListItem","position":2,"name":"Couperose und R\u00f6tungen"}]},{"@type":"WebSite","@id":"https:\/\/skinexperts.lu\/#website","url":"https:\/\/skinexperts.lu\/","name":"Skin Experts","description":"","inLanguage":"de"}]}},"_links":{"self":[{"href":"https:\/\/skinexperts.lu\/de\/wp-json\/wp\/v2\/pages\/614","targetHints":{"allow":["GET"]}}],"collection":[{"href":"https:\/\/skinexperts.lu\/de\/wp-json\/wp\/v2\/pages"}],"about":[{"href":"https:\/\/skinexperts.lu\/de\/wp-json\/wp\/v2\/types\/page"}],"author":[{"embeddable":true,"href":"https:\/\/skinexperts.lu\/de\/wp-json\/wp\/v2\/users\/1"}],"replies":[{"embeddable":true,"href":"https:\/\/skinexperts.lu\/de\/wp-json\/wp\/v2\/comments?post=614"}],"version-history":[{"count":2,"href":"https:\/\/skinexperts.lu\/de\/wp-json\/wp\/v2\/pages\/614\/revisions"}],"predecessor-version":[{"id":616,"href":"https:\/\/skinexperts.lu\/de\/wp-json\/wp\/v2\/pages\/614\/revisions\/616"}],"wp:attachment":[{"href":"https:\/\/skinexperts.lu\/de\/wp-json\/wp\/v2\/media?parent=614"}],"curies":[{"name":"wp","href":"https:\/\/api.w.org\/{rel}","templated":true}]}}