{"id":631,"date":"2023-04-27T13:58:32","date_gmt":"2023-04-27T11:58:32","guid":{"rendered":"https:\/\/skinexperts.lu\/removal-of-unwanted-hair\/"},"modified":"2023-05-22T14:21:23","modified_gmt":"2023-05-22T12:21:23","slug":"entfernung-von-unerwuenschten-haaren","status":"publish","type":"page","link":"https:\/\/skinexperts.lu\/de\/entfernung-von-unerwuenschten-haaren\/","title":{"rendered":"Entfernung von unerw\u00fcnschten Haaren"},"content":{"rendered":"<section class=\"wpb-content-wrapper\"><p>[vc_section full_width=&#8220;stretch_row&#8220; el_id=&#8220;intro&#8220; css=&#8220;.vc_custom_1682607941506{background-image: url(\/wp-content\/uploads\/2023\/04\/DSC05744-1.jpg?id=467) !important;}&#8220;][vc_row full_width=&#8220;stretch_row_content_no_spaces&#8220;][vc_column][vc_single_image image=&#8220;467&#8243; img_size=&#8220;full&#8220; alignment=&#8220;center&#8220; css=&#8220;.vc_custom_1682607983331{margin-bottom: 0px !important;}&#8220; el_class=&#8220;no-space-img&#8220;][\/vc_column][\/vc_row][vc_row el_id=&#8220;intro-content-row&#8220;][vc_column width=&#8220;1\/2&#8243;][vc_column_text]<\/p>\n<h1 class=\"ff-mont white\"><strong>Entfernung von unerw\u00fcnschten Haaren<\/strong><\/h1>\n<h4 class=\"white ff-mont\">Unerw\u00fcnschte Haare k\u00f6nnen durch Elektrolyse sanft und schmerzlos entfernt werden.<\/h4>\n<p>[\/vc_column_text][\/vc_column][vc_column width=&#8220;1\/2&#8243;][\/vc_column][\/vc_row][\/vc_section][vc_section full_width=&#8220;stretch_row&#8220; css=&#8220;.vc_custom_1682604970021{background-color: #c8d2dc !important;}&#8220;][vc_row disable_element=&#8220;yes&#8220; el_class=&#8220;top-mar-2 bot-mar-1&#8243;][vc_column][vc_column_text]<\/p>\n<h1 class=\"al-center\">Notre approche du traitement de la couperose.<\/h1>\n<p>[\/vc_column_text][\/vc_column][\/vc_row][vc_row][vc_column width=&#8220;1\/2&#8243;][vc_column_text el_class=&#8220;big&#8220;]Diese regelm\u00e4\u00dfig eingewachsenen Haare k\u00f6nnen <strong>sanft und schmerzlos<\/strong> durch Hochfrequenz entfernt werden. Im Gegensatz zur dauerhaften Haarentfernung mit Laser oder gepulstem Licht funktioniert die elektrische Nadelhaarentfernung (Elektrolyse) bei wei\u00dfen, blonden oder grauen Haaren und kann bei allen Hauttypen durchgef\u00fchrt werden &#8211; auch bei gebr\u00e4unter Haut.[\/vc_column_text][\/vc_column][vc_column width=&#8220;1\/2&#8243;][vc_single_image image=&#8220;471&#8243; img_size=&#8220;full&#8220; alignment=&#8220;center&#8220; css=&#8220;.vc_custom_1682608076139{margin-bottom: 0px !important;}&#8220;][\/vc_column][\/vc_row][vc_row el_class=&#8220;bot-mar-2&#8243;][vc_column][vc_column_text el_class=&#8220;big&#8220;]Bei dieser Form der dauerhaften Haarentfernung wird eine sehr feine Sonde in jeden einzelnen Haarschaft bis zur Wurzel eingef\u00fchrt, die dann durch einen elektrischen Hochfrequenzimpuls inaktiviert wird.[\/vc_column_text][vc_column_text el_class=&#8220;big&#8220;]Electrolysis also provides an answer to those for whom other permanent hair removal methods (IPL\/laser) are not possible.[\/vc_column_text][vc_column_text el_class=&#8220;big&#8220;]Es ist ein sehr altes Verfahren, und bis heute ist es auch das einzige Verfahren, das die Entfernung von Haaren aus T\u00e4towierungen erm\u00f6glicht. Die Elektrolyse erfordert ein wenig Geduld, ist aber \u00e4u\u00dferst effektiv.[\/vc_column_text][\/vc_column][\/vc_row][vc_row][vc_column][vc_btn title=&#8220;Termin vereinbaren&#8220; link=&#8220;url:%2Fde%2Ferster-termin%2F|title:Erster%20Termin&#8220; el_class=&#8220;cta-btn&#8220;][\/vc_column][\/vc_row][\/vc_section][vc_section full_width=&#8220;stretch_row&#8220; el_id=&#8220;service-link-sec&#8220;][vc_row][vc_column][vc_column_text]<\/p>\n<h4 class=\"al-center top-mar-1 bot-mar-2\">Unser Institut ist auch auf die Durchf\u00fchrung der folgenden \u00e4sthetischen Behandlungen spezialisiert:<\/h4>\n<p>[\/vc_column_text][\/vc_column][\/vc_row][vc_row el_id=&#8220;service-link-row&#8220;][vc_column width=&#8220;1\/5&#8243;][vc_hoverbox image=&#8220;393&#8243; primary_title=&#8220;&#8220; hover_title=&#8220;&#8220; shape=&#8220;square&#8220; hover_background_color=&#8220;custom&#8220; hover_custom_background=&#8220;#718ea5&#8243;]<a class=\"ff-merri-light white\" href=\"\/de\/anti-aging-behandlung\/\"><span class=\"tech-inner-read-more\">Mehr lesen<\/span><\/a>[\/vc_hoverbox][vc_column_text el_class=&#8220;al-center tech-bot-link&#8220;]<a href=\"\/de\/anti-aging-behandlung\/\">Anti-Aging-Behandlung<\/a>[\/vc_column_text][\/vc_column][vc_column width=&#8220;1\/5&#8243;][vc_hoverbox image=&#8220;396&#8243; primary_title=&#8220;&#8220; hover_title=&#8220;&#8220; shape=&#8220;square&#8220; hover_background_color=&#8220;custom&#8220; hover_custom_background=&#8220;#718ea5&#8243;]<a class=\"ff-merri-light white\" href=\"\/de\/falten\/\"><span class=\"tech-inner-read-more\">Mehr lesen<\/span><\/a>[\/vc_hoverbox][vc_column_text el_class=&#8220;al-center tech-bot-link&#8220;]<a href=\"\/de\/falten\/\">Falten<\/a>[\/vc_column_text][\/vc_column][vc_column width=&#8220;1\/5&#8243;][vc_hoverbox image=&#8220;399&#8243; primary_title=&#8220;&#8220; hover_title=&#8220;&#8220; shape=&#8220;square&#8220; hover_background_color=&#8220;custom&#8220; hover_custom_background=&#8220;#718ea5&#8243;]<a class=\"ff-merri-light white\" href=\"\/de\/reduktion-von-pigmentflecken\/\"><span class=\"tech-inner-read-more\">Mehr lesen<\/span><\/a>[\/vc_hoverbox][vc_column_text el_class=&#8220;al-center tech-bot-link&#8220;]<a href=\"\/de\/reduktion-von-pigmentflecken\/\">Reduktion von Pigmentflecken<\/a>[\/vc_column_text][\/vc_column][vc_column width=&#8220;1\/5&#8243;][vc_hoverbox image=&#8220;402&#8243; primary_title=&#8220;&#8220; hover_title=&#8220;&#8220; shape=&#8220;square&#8220; hover_background_color=&#8220;custom&#8220; hover_custom_background=&#8220;#718ea5&#8243;]<a class=\"ff-merri-light white\" href=\"\/de\/behandlung-von-akne\/\"><span class=\"tech-inner-read-more\">Mehr lesen<\/span><\/a>[\/vc_hoverbox][vc_column_text el_class=&#8220;al-center tech-bot-link&#8220;]<a href=\"\/de\/behandlung-von-akne\/\">Behandlung von Akne<\/a>[\/vc_column_text][\/vc_column][vc_column width=&#8220;1\/5&#8243;][vc_hoverbox image=&#8220;408&#8243; primary_title=&#8220;&#8220; hover_title=&#8220;&#8220; shape=&#8220;square&#8220; hover_background_color=&#8220;custom&#8220; hover_custom_background=&#8220;#718ea5&#8243;]<a class=\"ff-merri-light white\" href=\"\/de\/couperose-und-roetungen\/\"><span class=\"tech-inner-read-more\">Mehr lesen<\/span><\/a>[\/vc_hoverbox][vc_column_text el_class=&#8220;al-center tech-bot-link&#8220;]<a href=\"\/de\/couperose-und-roetungen\/\">Couperose und R\u00f6tungen<\/a>[\/vc_column_text][\/vc_column][\/vc_row][\/vc_section]<\/p>\n<\/section>","protected":false},"excerpt":{"rendered":"<p>[vc_section full_width=&#8220;stretch_row&#8220; el_id=&#8220;intro&#8220; css=&#8220;.vc_custom_1682607941506{background-image: url(\/wp-content\/uploads\/2023\/04\/DSC05744-1.jpg?id=467) !important;}&#8220;][vc_row full_width=&#8220;stretch_row_content_no_spaces&#8220;][vc_column][vc_single_image image=&#8220;467&#8243; img_size=&#8220;full&#8220; alignment=&#8220;center&#8220; css=&#8220;.vc_custom_1682607983331{margin-bottom: 0px !important;}&#8220; el_class=&#8220;no-space-img&#8220;][\/vc_column][\/vc_row][vc_row el_id=&#8220;intro-content-row&#8220;][vc_column width=&#8220;1\/2&#8243;][vc_column_text] Entfernung von unerw\u00fcnschten Haaren Unerw\u00fcnschte Haare k\u00f6nnen durch Elektrolyse sanft<span class=\"excerpt-hellip\"> [\u2026]<\/span><\/p>\n","protected":false},"author":1,"featured_media":0,"parent":0,"menu_order":0,"comment_status":"closed","ping_status":"closed","template":"","meta":{"footnotes":""},"class_list":["post-631","page","type-page","status-publish","hentry"],"yoast_head":"<!-- This site is optimized with the Yoast SEO plugin v20.9 - https:\/\/yoast.com\/wordpress\/plugins\/seo\/ -->\n<title>Entfernung von unerw\u00fcnschten Haaren in Luxembourg | Skin Experts<\/title>\n<meta name=\"description\" content=\"Die Elektrolyse funktioniert bei wei\u00dfen, blonden oder grauen Haaren und kann bei allen Hauttypen durchgef\u00fchrt werden, sogar bei gebr\u00e4unter Haut.\" \/>\n<meta name=\"robots\" content=\"index, follow, max-snippet:-1, max-image-preview:large, max-video-preview:-1\" \/>\n<link rel=\"canonical\" href=\"https:\/\/skinexperts.lu\/de\/entfernung-von-unerwuenschten-haaren\/\" \/>\n<meta property=\"og:locale\" content=\"de_DE\" \/>\n<meta property=\"og:type\" content=\"article\" \/>\n<meta property=\"og:title\" content=\"Entfernung von unerw\u00fcnschten Haaren in Luxembourg | Skin Experts\" \/>\n<meta property=\"og:description\" content=\"Die Elektrolyse funktioniert bei wei\u00dfen, blonden oder grauen Haaren und kann bei allen Hauttypen durchgef\u00fchrt werden, sogar bei gebr\u00e4unter Haut.\" \/>\n<meta property=\"og:url\" content=\"https:\/\/skinexperts.lu\/de\/entfernung-von-unerwuenschten-haaren\/\" \/>\n<meta property=\"og:site_name\" content=\"Skin Experts\" \/>\n<meta property=\"article:modified_time\" content=\"2023-05-22T12:21:23+00:00\" \/>\n<meta name=\"twitter:card\" content=\"summary_large_image\" \/>\n<meta name=\"twitter:label1\" content=\"Gesch\u00e4tzte Lesezeit\" \/>\n\t<meta name=\"twitter:data1\" content=\"3\u00a0Minuten\" \/>\n<script type=\"application\/ld+json\" class=\"yoast-schema-graph\">{\"@context\":\"https:\/\/schema.org\",\"@graph\":[{\"@type\":\"WebPage\",\"@id\":\"https:\/\/skinexperts.lu\/de\/entfernung-von-unerwuenschten-haaren\/\",\"url\":\"https:\/\/skinexperts.lu\/de\/entfernung-von-unerwuenschten-haaren\/\",\"name\":\"Entfernung von unerw\u00fcnschten Haaren in Luxembourg | Skin Experts\",\"isPartOf\":{\"@id\":\"https:\/\/skinexperts.lu\/#website\"},\"datePublished\":\"2023-04-27T11:58:32+00:00\",\"dateModified\":\"2023-05-22T12:21:23+00:00\",\"description\":\"Die Elektrolyse funktioniert bei wei\u00dfen, blonden oder grauen Haaren und kann bei allen Hauttypen durchgef\u00fchrt werden, sogar bei gebr\u00e4unter Haut.\",\"breadcrumb\":{\"@id\":\"https:\/\/skinexperts.lu\/de\/entfernung-von-unerwuenschten-haaren\/#breadcrumb\"},\"inLanguage\":\"de\",\"potentialAction\":[{\"@type\":\"ReadAction\",\"target\":[\"https:\/\/skinexperts.lu\/de\/entfernung-von-unerwuenschten-haaren\/\"]}]},{\"@type\":\"BreadcrumbList\",\"@id\":\"https:\/\/skinexperts.lu\/de\/entfernung-von-unerwuenschten-haaren\/#breadcrumb\",\"itemListElement\":[{\"@type\":\"ListItem\",\"position\":1,\"name\":\"Home\",\"item\":\"https:\/\/skinexperts.lu\/de\/\"},{\"@type\":\"ListItem\",\"position\":2,\"name\":\"Entfernung von unerw\u00fcnschten Haaren\"}]},{\"@type\":\"WebSite\",\"@id\":\"https:\/\/skinexperts.lu\/#website\",\"url\":\"https:\/\/skinexperts.lu\/\",\"name\":\"Skin Experts\",\"description\":\"\",\"inLanguage\":\"de\"}]}<\/script>\n<!-- \/ Yoast SEO plugin. -->","yoast_head_json":{"title":"Entfernung von unerw\u00fcnschten Haaren in Luxembourg | Skin Experts","description":"Die Elektrolyse funktioniert bei wei\u00dfen, blonden oder grauen Haaren und kann bei allen Hauttypen durchgef\u00fchrt werden, sogar bei gebr\u00e4unter Haut.","robots":{"index":"index","follow":"follow","max-snippet":"max-snippet:-1","max-image-preview":"max-image-preview:large","max-video-preview":"max-video-preview:-1"},"canonical":"https:\/\/skinexperts.lu\/de\/entfernung-von-unerwuenschten-haaren\/","og_locale":"de_DE","og_type":"article","og_title":"Entfernung von unerw\u00fcnschten Haaren in Luxembourg | Skin Experts","og_description":"Die Elektrolyse funktioniert bei wei\u00dfen, blonden oder grauen Haaren und kann bei allen Hauttypen durchgef\u00fchrt werden, sogar bei gebr\u00e4unter Haut.","og_url":"https:\/\/skinexperts.lu\/de\/entfernung-von-unerwuenschten-haaren\/","og_site_name":"Skin Experts","article_modified_time":"2023-05-22T12:21:23+00:00","twitter_card":"summary_large_image","twitter_misc":{"Gesch\u00e4tzte Lesezeit":"3\u00a0Minuten"},"schema":{"@context":"https:\/\/schema.org","@graph":[{"@type":"WebPage","@id":"https:\/\/skinexperts.lu\/de\/entfernung-von-unerwuenschten-haaren\/","url":"https:\/\/skinexperts.lu\/de\/entfernung-von-unerwuenschten-haaren\/","name":"Entfernung von unerw\u00fcnschten Haaren in Luxembourg | Skin Experts","isPartOf":{"@id":"https:\/\/skinexperts.lu\/#website"},"datePublished":"2023-04-27T11:58:32+00:00","dateModified":"2023-05-22T12:21:23+00:00","description":"Die Elektrolyse funktioniert bei wei\u00dfen, blonden oder grauen Haaren und kann bei allen Hauttypen durchgef\u00fchrt werden, sogar bei gebr\u00e4unter Haut.","breadcrumb":{"@id":"https:\/\/skinexperts.lu\/de\/entfernung-von-unerwuenschten-haaren\/#breadcrumb"},"inLanguage":"de","potentialAction":[{"@type":"ReadAction","target":["https:\/\/skinexperts.lu\/de\/entfernung-von-unerwuenschten-haaren\/"]}]},{"@type":"BreadcrumbList","@id":"https:\/\/skinexperts.lu\/de\/entfernung-von-unerwuenschten-haaren\/#breadcrumb","itemListElement":[{"@type":"ListItem","position":1,"name":"Home","item":"https:\/\/skinexperts.lu\/de\/"},{"@type":"ListItem","position":2,"name":"Entfernung von unerw\u00fcnschten Haaren"}]},{"@type":"WebSite","@id":"https:\/\/skinexperts.lu\/#website","url":"https:\/\/skinexperts.lu\/","name":"Skin Experts","description":"","inLanguage":"de"}]}},"_links":{"self":[{"href":"https:\/\/skinexperts.lu\/de\/wp-json\/wp\/v2\/pages\/631","targetHints":{"allow":["GET"]}}],"collection":[{"href":"https:\/\/skinexperts.lu\/de\/wp-json\/wp\/v2\/pages"}],"about":[{"href":"https:\/\/skinexperts.lu\/de\/wp-json\/wp\/v2\/types\/page"}],"author":[{"embeddable":true,"href":"https:\/\/skinexperts.lu\/de\/wp-json\/wp\/v2\/users\/1"}],"replies":[{"embeddable":true,"href":"https:\/\/skinexperts.lu\/de\/wp-json\/wp\/v2\/comments?post=631"}],"version-history":[{"count":2,"href":"https:\/\/skinexperts.lu\/de\/wp-json\/wp\/v2\/pages\/631\/revisions"}],"predecessor-version":[{"id":633,"href":"https:\/\/skinexperts.lu\/de\/wp-json\/wp\/v2\/pages\/631\/revisions\/633"}],"wp:attachment":[{"href":"https:\/\/skinexperts.lu\/de\/wp-json\/wp\/v2\/media?parent=631"}],"curies":[{"name":"wp","href":"https:\/\/api.w.org\/{rel}","templated":true}]}}